{"id":2324,"date":"2024-11-10T09:33:52","date_gmt":"2024-11-10T09:33:52","guid":{"rendered":"https:\/\/labuta.com\/lieferungen-und-ruecksendungen\/"},"modified":"2025-10-11T16:34:04","modified_gmt":"2025-10-11T16:34:04","slug":"lieferungen-und-ruecksendungen","status":"publish","type":"page","link":"https:\/\/labuta.com\/de\/lieferungen-und-ruecksendungen\/","title":{"rendered":"Lieferungen und R\u00fccksendungen"},"content":{"rendered":"<div class=\"fusion-fullwidth fullwidth-box fusion-builder-row-1 fusion-flex-container nonhundred-percent-fullwidth non-hundred-percent-height-scrolling\" style=\"--awb-border-radius-top-left:0px;--awb-border-radius-top-right:0px;--awb-border-radius-bottom-right:0px;--awb-border-radius-bottom-left:0px;--awb-flex-wrap:wrap;\" ><div class=\"fusion-builder-row fusion-row fusion-flex-align-items-flex-start fusion-flex-content-wrap\" style=\"max-width:1248px;margin-left: calc(-4% \/ 2 );margin-right: calc(-4% \/ 2 );\"><div class=\"fusion-layout-column fusion_builder_column fusion-builder-column-0 fusion_builder_column_1_1 1_1 fusion-flex-column\" style=\"--awb-bg-size:cover;--awb-width-large:100%;--awb-margin-top-large:0px;--awb-spacing-right-large:1.92%;--awb-margin-bottom-large:0px;--awb-spacing-left-large:1.92%;--awb-width-medium:100%;--awb-spacing-right-medium:1.92%;--awb-spacing-left-medium:1.92%;--awb-width-small:100%;--awb-spacing-right-small:1.92%;--awb-spacing-left-small:1.92%;\"><div class=\"fusion-column-wrapper fusion-flex-justify-content-flex-start fusion-content-layout-column\"><div class=\"fusion-text fusion-text-1\"><h3 data-fontsize=\"40\" style=\"--fontSize: 40; line-height: 1.2;\" data-lineheight=\"48px\" class=\"fusion-responsive-typography-calculated\">Lieferungen<\/h3>\n<section class=\"elementor-section elementor-top-section elementor-element elementor-element-5ab29bd6 elementor-section-boxed elementor-section-height-default elementor-section-height-default\" data-id=\"5ab29bd6\" data-element_type=\"section\" data-settings=\"{\" data-stt=\"1731231178\">\n<div class=\"elementor-container elementor-column-gap-default\">\n<div class=\"elementor-column elementor-col-100 elementor-top-column elementor-element elementor-element-1524b9d5\" data-id=\"1524b9d5\" data-element_type=\"column\" data-stt=\"1731231178\">\n<div class=\"elementor-widget-wrap elementor-element-populated\">\n<div class=\"elementor-element elementor-element-591f4167 elementor-widget elementor-widget-text-editor\" data-id=\"591f4167\" data-element_type=\"widget\" data-stt=\"1731231178\" data-widget_type=\"text-editor.default\">\n<div class=\"elementor-widget-container\">\n<p>3 Werktage f\u00fcr Artikel, die auf Lager sind.<\/p>\n<p>20 Werktage, wenn die Bestellung hergestellt werden muss. Wir garantieren jedoch, dass sich das Warten lohnt, da Ihre Labuta mit viel Liebe von Hand hergestellt werden. <\/p>\n<ul>\n<li>Kostenloser Versand nach Portugal und Spanien, unabh\u00e4ngig vom Wert.<\/li>\n<li>Kostenloser Versand in den Rest der Welt ab 275 \u20ac.<\/li>\n<\/ul>\n<\/div>\n<\/div>\n<\/div>\n<\/div>\n<\/div>\n<\/section>\n<section class=\"elementor-section elementor-top-section elementor-element elementor-element-50fa6498 elementor-section-boxed elementor-section-height-default elementor-section-height-default\" data-id=\"50fa6498\" data-element_type=\"section\" data-settings=\"{\" data-stt=\"1731231178\">\n<div class=\"elementor-container elementor-column-gap-default\">\n<div class=\"elementor-column elementor-col-100 elementor-top-column elementor-element elementor-element-33e80136\" data-id=\"33e80136\" data-element_type=\"column\" data-stt=\"1731231178\">\n<div class=\"elementor-widget-wrap elementor-element-populated\">\n<div class=\"elementor-element elementor-element-75837839 elementor-widget-divider--view-line elementor-widget elementor-widget-divider\" data-id=\"75837839\" data-element_type=\"widget\" data-stt=\"1731231178\" data-widget_type=\"divider.default\">\n<div class=\"elementor-widget-container\">\n<div class=\"elementor-divider\"> <\/div>\n<\/div>\n<\/div>\n<\/div>\n<\/div>\n<\/div>\n<\/section>\n<section class=\"elementor-section elementor-top-section elementor-element elementor-element-28602e00 elementor-section-boxed elementor-section-height-default elementor-section-height-default\" data-id=\"28602e00\" data-element_type=\"section\" data-settings=\"{\" data-stt=\"1731231178\">\n<div class=\"elementor-container elementor-column-gap-default\">\n<div class=\"elementor-column elementor-col-100 elementor-top-column elementor-element elementor-element-12b66531\" data-id=\"12b66531\" data-element_type=\"column\" data-stt=\"1731231178\">\n<div class=\"elementor-widget-wrap elementor-element-populated\">\n<div class=\"elementor-element elementor-element-13d18d51 elementor-widget elementor-widget-text-editor\" data-id=\"13d18d51\" data-element_type=\"widget\" data-stt=\"1731231178\" data-widget_type=\"text-editor.default\">\n<div class=\"elementor-widget-container\">\n<h3 data-fontsize=\"40\" style=\"--fontSize: 40; line-height: 1.2;\" data-lineheight=\"48px\" class=\"fusion-responsive-typography-calculated\">Trocas\/Devolu\u00e7\u00f5es<\/h3>\n<\/div>\n<\/div>\n<\/div>\n<\/div>\n<\/div>\n<\/section>\n<section class=\"elementor-section elementor-top-section elementor-element elementor-element-42dfa40 elementor-section-boxed elementor-section-height-default elementor-section-height-default\" data-id=\"42dfa40\" data-element_type=\"section\" data-settings=\"{\" data-stt=\"1731231178\">\n<div class=\"elementor-container elementor-column-gap-default\">\n<div class=\"elementor-column elementor-col-100 elementor-top-column elementor-element elementor-element-6aaf4dba\" data-id=\"6aaf4dba\" data-element_type=\"column\" data-stt=\"1731231178\">\n<div class=\"elementor-widget-wrap elementor-element-populated\">\n<div class=\"elementor-element elementor-element-714f5071 elementor-widget elementor-widget-text-editor\" data-id=\"714f5071\" data-element_type=\"widget\" data-stt=\"1731231178\" data-widget_type=\"text-editor.default\">\n<div class=\"elementor-widget-container\">\n<p>Bitte beachten Sie, dass Sie auf unserer Website gekaufte Artikel innerhalb von maximal 15 Tagen nach Erhalt umtauschen oder zur\u00fcckgeben k\u00f6nnen, wenn Sie nicht zu 100 % zufrieden sind, vorausgesetzt, sie sind in einwandfreiem Zustand und wurden nicht benutzt. <\/p>\n<p>Zu diesem Zweck bitten wir Sie, uns den Grund f\u00fcr den Umtausch oder die R\u00fcckgabe an info@labuta.com mitzuteilen. <\/p>\n<ul>\n<li>Vereinbaren Sie, an welchem Tag Sie den Artikel senden werden<\/li>\n<li>Senden Sie ihn in der Originalverpackung zusammen mit der entsprechenden Rechnung an: (Labuta) C\u00f3digo Semanal, Lda. Adresse: Rua Tenente Valadim, 3, 1. Stock, 2410-190 Leiria, Portugal. <\/li>\n<li>Die Versandkosten f\u00fcr den Umtausch und\/oder die R\u00fcckgabe gehen immer zu Lasten des Kunden, ebenso wie die Verantwortung im Falle von Verlust oder Sch\u00e4den w\u00e4hrend des Versands.<\/li>\n<li>Im Falle eines Umtauschs \u00fcbernehmen wir die Versandkosten f\u00fcr das neue Produkt.<\/li>\n<\/ul>\n<p>Im Falle einer R\u00fccksendung wird nach Erhalt und \u00dcberpr\u00fcfung des Zustands der Artikel der Betrag f\u00fcr die Artikel in voller H\u00f6he auf die gleiche Zahlungsmethode zur\u00fcckerstattet.<\/p>\n<p>Vielen Dank und bis bald!<\/p>\n<p>Wenn Sie Fragen haben, wenden Sie sich bitte an die folgende E-Mail-Adresse: info@labuta.com.<\/p>\n<\/div>\n<\/div>\n<\/div>\n<\/div>\n<\/div>\n<\/section>\n<\/div><\/div><\/div><\/div><\/div><!-- \/wp:post-content -->","protected":false},"excerpt":{"rendered":"","protected":false},"author":1,"featured_media":0,"parent":0,"menu_order":0,"comment_status":"closed","ping_status":"closed","template":"100-width.php","meta":{"footnotes":""},"class_list":["post-2324","page","type-page","status-publish","hentry"],"_links":{"self":[{"href":"https:\/\/labuta.com\/de\/wp-json\/wp\/v2\/pages\/2324","targetHints":{"allow":["GET"]}}],"collection":[{"href":"https:\/\/labuta.com\/de\/wp-json\/wp\/v2\/pages"}],"about":[{"href":"https:\/\/labuta.com\/de\/wp-json\/wp\/v2\/types\/page"}],"author":[{"embeddable":true,"href":"https:\/\/labuta.com\/de\/wp-json\/wp\/v2\/users\/1"}],"replies":[{"embeddable":true,"href":"https:\/\/labuta.com\/de\/wp-json\/wp\/v2\/comments?post=2324"}],"version-history":[{"count":8,"href":"https:\/\/labuta.com\/de\/wp-json\/wp\/v2\/pages\/2324\/revisions"}],"predecessor-version":[{"id":3886,"href":"https:\/\/labuta.com\/de\/wp-json\/wp\/v2\/pages\/2324\/revisions\/3886"}],"wp:attachment":[{"href":"https:\/\/labuta.com\/de\/wp-json\/wp\/v2\/media?parent=2324"}],"curies":[{"name":"wp","href":"https:\/\/api.w.org\/{rel}","templated":true}]}}