{"id":2330,"date":"2023-12-28T19:41:25","date_gmt":"2023-12-28T19:41:25","guid":{"rendered":"https:\/\/labuta.com\/bedingungen-und-konditionen\/"},"modified":"2025-10-05T06:05:22","modified_gmt":"2025-10-05T06:05:22","slug":"bedingungen-und-konditionen","status":"publish","type":"page","link":"https:\/\/labuta.com\/de\/bedingungen-und-konditionen\/","title":{"rendered":"Bedingungen und Konditionen"},"content":{"rendered":"<div class=\"fusion-fullwidth fullwidth-box fusion-builder-row-1 fusion-flex-container nonhundred-percent-fullwidth non-hundred-percent-height-scrolling\" style=\"--awb-border-radius-top-left:0px;--awb-border-radius-top-right:0px;--awb-border-radius-bottom-right:0px;--awb-border-radius-bottom-left:0px;--awb-flex-wrap:wrap;\" ><div class=\"fusion-builder-row fusion-row fusion-flex-align-items-flex-start fusion-flex-content-wrap\" style=\"max-width:1248px;margin-left: calc(-4% \/ 2 );margin-right: calc(-4% \/ 2 );\"><div class=\"fusion-layout-column fusion_builder_column fusion-builder-column-0 fusion_builder_column_1_1 1_1 fusion-flex-column\" style=\"--awb-bg-size:cover;--awb-width-large:100%;--awb-margin-top-large:0px;--awb-spacing-right-large:1.92%;--awb-margin-bottom-large:0px;--awb-spacing-left-large:1.92%;--awb-width-medium:100%;--awb-spacing-right-medium:1.92%;--awb-spacing-left-medium:1.92%;--awb-width-small:100%;--awb-spacing-right-small:1.92%;--awb-spacing-left-small:1.92%;\"><div class=\"fusion-column-wrapper fusion-flex-justify-content-flex-start fusion-content-layout-column\"><div class=\"fusion-text fusion-text-1\"><h3>Datenschutzrichtlinien<\/h3>\n<section class=\"elementor-section elementor-top-section elementor-element elementor-element-30a02c0a elementor-section-boxed elementor-section-height-default elementor-section-height-default\" data-id=\"30a02c0a\" data-element_type=\"section\" data-settings=\"{\" data-stt=\"1731231030\">\n<div class=\"elementor-container elementor-column-gap-default\">\n<div class=\"elementor-column elementor-col-100 elementor-top-column elementor-element elementor-element-638122af\" data-id=\"638122af\" data-element_type=\"column\" data-stt=\"1731231030\">\n<div class=\"elementor-widget-wrap elementor-element-populated\">\n<div class=\"elementor-element elementor-element-3ca87cf9 elementor-widget elementor-widget-text-editor\" data-id=\"3ca87cf9\" data-element_type=\"widget\" data-stt=\"1731231030\" data-widget_type=\"text-editor.default\">\n<div class=\"elementor-widget-container\">\n<p>Wir haben unsere Datenschutzrichtlinien aktualisiert, um Sie dar\u00fcber zu informieren, wie wir pers\u00f6nliche Daten behandeln, wenn Sie die Website &nbsp;<strong>\n  <a href=\"http:\/\/www.labuta.com\/\">www.labuta.com&nbsp;<\/a>\n<\/strong> oder unsere mobilen Anwendungen besuchen, welche Rechte Sie haben und welche Sicherheitsma\u00dfnahmen wir zum Schutz Ihrer Daten ergriffen haben.<\/p>\n<p>A C\u00f3digo Semanal, Lda, propriet\u00e1ria com sede na Rua Tenente Valadim n\u00ba 3, 1 andar 2410-190 Leiria, com o n\u00famero de identifica\u00e7\u00e3o de pessoa coletiva n.\u00ba 515912646&lt; 0 &gt;\u00e9 a entidade respons\u00e1vel pelo tratamento dos seus dados pessoais e garante que estes s\u00e3o tratados de uma forma l\u00edcita, leal e transparente, em conformidade com o disposto na legisla\u00e7\u00e3o nacional vigente nesta mat\u00e9ria e no Regulamento Geral sobre a Prote\u00e7\u00e3o de Dados \u2013 Regulamento UE n.\u00ba 2016\/679 do Parlamento Europeu e do Conselho, de 27 de Abril de 2016.<\/p>\n<\/div>\n<\/div>\n<div class=\"elementor-element elementor-element-25f74b63 elementor-widget-divider--view-line elementor-widget elementor-widget-divider\" data-id=\"25f74b63\" data-element_type=\"widget\" data-stt=\"1731231030\" data-widget_type=\"divider.default\">\n<div class=\"elementor-widget-container\">\n<div class=\"elementor-divider\">&nbsp;<\/div>\n<\/div>\n<\/div>\n<\/div>\n<\/div>\n<\/div>\n<\/section>\n<section class=\"elementor-section elementor-top-section elementor-element elementor-element-604724e1 elementor-section-boxed elementor-section-height-default elementor-section-height-default\" data-id=\"604724e1\" data-element_type=\"section\" data-settings=\"{\" data-stt=\"1731231030\">\n<div class=\"elementor-container elementor-column-gap-default\">\n<div class=\"elementor-column elementor-col-100 elementor-top-column elementor-element elementor-element-1ac1aa6c\" data-id=\"1ac1aa6c\" data-element_type=\"column\" data-stt=\"1731231030\">\n<div class=\"elementor-widget-wrap elementor-element-populated\">\n<div class=\"elementor-element elementor-element-51722a0f elementor-widget elementor-widget-text-editor\" data-id=\"51722a0f\" data-element_type=\"widget\" data-stt=\"1731231030\" data-widget_type=\"text-editor.default\">\n<div class=\"elementor-widget-container\">\n<h3>Zweck der gesammelten Informationen<\/h3>\n<\/div>\n<\/div>\n<\/div>\n<\/div>\n<\/div>\n<\/section>\n<section class=\"elementor-section elementor-top-section elementor-element elementor-element-276a6474 elementor-section-boxed elementor-section-height-default elementor-section-height-default\" data-id=\"276a6474\" data-element_type=\"section\" data-settings=\"{\" data-stt=\"1731231030\">\n<div class=\"elementor-container elementor-column-gap-default\">\n<div class=\"elementor-column elementor-col-100 elementor-top-column elementor-element elementor-element-32167ade\" data-id=\"32167ade\" data-element_type=\"column\" data-stt=\"1731231030\">\n<div class=\"elementor-widget-wrap elementor-element-populated\">\n<div class=\"elementor-element elementor-element-631ea928 elementor-widget elementor-widget-text-editor\" data-id=\"631ea928\" data-element_type=\"widget\" data-stt=\"1731231030\" data-widget_type=\"text-editor.default\">\n<div class=\"elementor-widget-container\">\n<p>Wir arbeiten daran, Ihnen die bestm\u00f6gliche Erfahrung zu bieten, wenn Sie mit uns interagieren. Wenn Sie mit uns \u00fcber unsere Dienste interagieren, erfassen wir daher die folgenden personenbezogenen Daten und andere Informationen: <\/p>\n<p>\u2013&nbsp;<strong>Personenbezogene Daten:&nbsp;<\/strong> Ihr Name, Ihre E-Mail-Adresse, Ihre Anschrift, Ihre Kreditkartennummer oder andere verf\u00fcgbare Zahlungsmittel, da diese f\u00fcr die Bearbeitung Ihrer Bestellung und den Kauf von Produkten auf dieser Website unerl\u00e4sslich sind, um Verpflichtungen aus geltenden Gesetzen und Vorschriften zu erf\u00fcllen oder um andere auf dieser Website angebotene und von Ihnen angeforderte Dienstleistungen zu erbringen. Leider kann die Weigerung, uns bestimmte personenbezogene Daten mitzuteilen, dazu f\u00fchren, dass wir Ihre Bestellung f\u00fcr den Kauf von Produkten oder die Erbringung anderer Dienstleistungen auf dieser Website nicht bearbeiten k\u00f6nnen. <\/p>\n<p>\u2013&nbsp;<strong>Kundenhistorie&nbsp;<\/strong>: Zum Zwecke der Kommunikation zur Verst\u00e4rkung und Personalisierung des Angebots an Produkten, Dienstleistungen, Promotions- oder Werbekampagnen speichern wir Informationen \u00fcber die gekauften Produkte, Kaufdaten, Kontakte mit unserer Support-Abteilung, Kampagnen-\/Reaktionshistorie, Beschwerdehistorie, Antworten auf Frageb\u00f6gen zur Kundenzufriedenheit sowie andere Metriken zur Unterst\u00fctzung unseres Kundendienstes.<\/p>\n<p>\u2013&nbsp;<strong>Browser-Cookies&nbsp;<\/strong>: Wir verwenden Cookies, um Informationen wie Ihre pers\u00f6nlichen Pr\u00e4ferenzen zu speichern, wenn Sie unsere Website besuchen. Dabei kann es sich um ein einfaches Pop-up-Fenster oder um einen Link in verschiedenen von uns angebotenen Diensten handeln. Sie k\u00f6nnen jedoch Ihre Cookies in den Optionen Ihres Browsers oder durch \u00c4nderungen in den Tools Ihres Antivirenprogramms deaktivieren. Dadurch kann sich jedoch die Art und Weise \u00e4ndern, wie Sie mit unserer Website oder anderen Websites interagieren. Es kann auch dazu f\u00fchren, dass Sie sich nicht mehr auf unserer Website, in Programmen oder auf anderen Websites im Internet anmelden k\u00f6nnen.    <\/p>\n<p>\u2013&nbsp;<strong>Automatische Informationen durch Anwendungen, Websites und soziale Netzwerke:&nbsp;<\/strong> Wir k\u00f6nnen automatisch Informationen in Browsing- und Nutzungsprotokollen sammeln. Zu den in den Protokollen enthaltenen Informationen geh\u00f6ren Ihre IP-Adresse, Ihr Internetanbieter, Ihr Browser, die Zeit Ihres Besuchs und die Seiten, die Sie auf unserer Website besucht haben, Ihr Verhalten in den Anwendungen und auf der Website, Standortinformationen, wenn Sie dazu berechtigt sind, sowie andere Statistiken. <\/p>\n<p>Um einem Freund ein Geschenk zu schicken, oder wenn ein Benutzer einem Freund eine auf dieser Website angebotene Dienstleistung oder den Kauf eines bestimmten auf dieser Website ver\u00f6ffentlichten Produkts empfehlen m\u00f6chte, k\u00f6nnen wir auch Zugang zu den pers\u00f6nlichen Daten Dritter, Name und Adresse, haben, die von den Benutzern dieser Website bekannt gegeben werden. Die Verarbeitung dieser Daten beruht auf der Verfolgung der berechtigten Interessen von C\u00f3digo Semanal, Lda. <\/p>\n<\/div>\n<\/div>\n<\/div>\n<\/div>\n<\/div>\n<\/section>\n<section class=\"elementor-section elementor-top-section elementor-element elementor-element-3531d5ef elementor-section-boxed elementor-section-height-default elementor-section-height-default\" data-id=\"3531d5ef\" data-element_type=\"section\" data-settings=\"{\" data-stt=\"1731231030\">\n<div class=\"elementor-container elementor-column-gap-default\">\n<div class=\"elementor-column elementor-col-100 elementor-top-column elementor-element elementor-element-4470517b\" data-id=\"4470517b\" data-element_type=\"column\" data-stt=\"1731231030\">\n<div class=\"elementor-widget-wrap elementor-element-populated\">\n<div class=\"elementor-element elementor-element-60382c33 elementor-widget-divider--view-line elementor-widget elementor-widget-divider\" data-id=\"60382c33\" data-element_type=\"widget\" data-stt=\"1731231030\" data-widget_type=\"divider.default\">\n<div class=\"elementor-widget-container\">\n<div class=\"elementor-divider\">&nbsp;<\/div>\n<\/div>\n<\/div>\n<\/div>\n<\/div>\n<\/div>\n<\/section>\n<section class=\"elementor-section elementor-top-section elementor-element elementor-element-1e913fde elementor-section-boxed elementor-section-height-default elementor-section-height-default\" data-id=\"1e913fde\" data-element_type=\"section\" data-settings=\"{\" data-stt=\"1731231030\">\n<div class=\"elementor-container elementor-column-gap-default\">\n<div class=\"elementor-column elementor-col-100 elementor-top-column elementor-element elementor-element-1b480932\" data-id=\"1b480932\" data-element_type=\"column\" data-stt=\"1731231030\">\n<div class=\"elementor-widget-wrap elementor-element-populated\">\n<div class=\"elementor-element elementor-element-34ccbbad elementor-widget elementor-widget-text-editor\" data-id=\"34ccbbad\" data-element_type=\"widget\" data-stt=\"1731231030\" data-widget_type=\"text-editor.default\">\n<div class=\"elementor-widget-container\">\n<h3>M\u00f6gliche Empf\u00e4nger Ihrer Daten<\/h3>\n<\/div>\n<\/div>\n<\/div>\n<\/div>\n<\/div>\n<\/section>\n<section class=\"elementor-section elementor-top-section elementor-element elementor-element-3556241 elementor-section-boxed elementor-section-height-default elementor-section-height-default\" data-id=\"3556241\" data-element_type=\"section\" data-settings=\"{\" data-stt=\"1731231030\">\n<div class=\"elementor-container elementor-column-gap-default\">\n<div class=\"elementor-column elementor-col-100 elementor-top-column elementor-element elementor-element-70083d11\" data-id=\"70083d11\" data-element_type=\"column\" data-stt=\"1731231030\">\n<div class=\"elementor-widget-wrap elementor-element-populated\">\n<div class=\"elementor-element elementor-element-198cd2c1 elementor-widget elementor-widget-text-editor\" data-id=\"198cd2c1\" data-element_type=\"widget\" data-stt=\"1731231030\" data-widget_type=\"text-editor.default\">\n<div class=\"elementor-widget-container\">\n<p>Ihre personenbezogenen Daten k\u00f6nnen an nat\u00fcrliche oder juristische Personen weitergegeben werden, um:<\/p>\n<ul>\n<li>Bereitstellung von elektronischen Zahlungsdiensten \u00fcber Kredit-\/Debitkarten,<\/li>\n<li>Abwicklung von Produktverk\u00e4ufen,<\/li>\n<li>Auswahl, Verpackung und Versand von Produkten,<\/li>\n<li>L\u00f6sung von Problemen im Zusammenhang mit dem Verkauf von Produkten,<\/li>\n<li>den Einzug von Zahlungen f\u00fcr Produktk\u00e4ufe,&nbsp;<\/li>\n<li>im Rahmen von Marketingkampagnen, an denen ordnungsgem\u00e4\u00df identifizierte Partner beteiligt sind, sofern Sie uns Ihre Zustimmung gegeben haben,<\/li>\n<li>Bearbeitung von R\u00fccksendungen von Kundenprodukten.&nbsp;<\/li>\n<\/ul>\n<p>Dar\u00fcber hinaus k\u00f6nnen Ihre personenbezogenen Daten an Justiz-, Steuer- und Aufsichtsbeh\u00f6rden weitergegeben werden, um gesetzliche Verpflichtungen zu erf\u00fcllen und auf ausdr\u00fcckliches Verlangen dieser Beh\u00f6rden.<\/p>\n<\/div>\n<\/div>\n<div class=\"elementor-element elementor-element-fbdcfdd elementor-widget-divider--view-line elementor-widget elementor-widget-divider\" data-id=\"fbdcfdd\" data-element_type=\"widget\" data-stt=\"1731231030\" data-widget_type=\"divider.default\">\n<div class=\"elementor-widget-container\">\n<div class=\"elementor-divider\">&nbsp;<\/div>\n<\/div>\n<\/div>\n<div class=\"elementor-element elementor-element-b992c40 elementor-widget elementor-widget-text-editor\" data-id=\"b992c40\" data-element_type=\"widget\" data-stt=\"1731231030\" data-widget_type=\"text-editor.default\">\n<div class=\"elementor-widget-container\">\n<h3>Aufbewahrung Ihrer personenbezogenen Daten<\/h3>\n<\/div>\n<\/div>\n<div class=\"elementor-element elementor-element-2c3735a elementor-widget elementor-widget-text-editor\" data-id=\"2c3735a\" data-element_type=\"widget\" data-stt=\"1731231030\" data-widget_type=\"text-editor.default\">\n<div class=\"elementor-widget-container\">\n<p>Wir bewahren Ihre Daten nur f\u00fcr den Zeitraum auf, der f\u00fcr den Zweck erforderlich ist, f\u00fcr den sie erhoben wurden. Sobald die maximale Aufbewahrungsfrist erreicht ist, werden Ihre personenbezogenen Daten unwiderruflich anonymisiert (wobei die anonymisierten Daten aufbewahrt werden k\u00f6nnen) oder auf sichere Weise vernichtet. <\/p>\n<p>Um den besten Kundenservice und zu Marketingzwecken bieten zu k\u00f6nnen, werden Ihre personenbezogenen Daten f\u00fcr einen maximalen Zeitraum von 5 Jahren ab dem Datum der Einholung Ihrer Einwilligung aufbewahrt, vorausgesetzt, Sie haben Ihre Einwilligung innerhalb dieses Zeitraums nicht widerrufen.<\/p>\n<p>Was die Daten betrifft, die wir von Dritten erhalten, werden diese nur f\u00fcr den Zeitraum aufbewahrt, der im Rahmen des Zwecks, f\u00fcr den sie erhoben wurden, erforderlich ist, und anschlie\u00dfend auf sichere Weise vernichtet.<\/p>\n<\/div>\n<\/div>\n<div class=\"elementor-element elementor-element-929f00c elementor-widget-divider--view-line elementor-widget elementor-widget-divider\" data-id=\"929f00c\" data-element_type=\"widget\" data-stt=\"1731231030\" data-widget_type=\"divider.default\">\n<div class=\"elementor-widget-container\">\n<div class=\"elementor-divider\">&nbsp;<\/div>\n<\/div>\n<\/div>\n<div class=\"elementor-element elementor-element-27e5e19 elementor-widget elementor-widget-text-editor\" data-id=\"27e5e19\" data-element_type=\"widget\" data-stt=\"1731231030\" data-widget_type=\"text-editor.default\">\n<div class=\"elementor-widget-container\">\n<h3>Sicherheit und Datenschutz<\/h3>\n<\/div>\n<\/div>\n<div class=\"elementor-element elementor-element-a7e7a72 elementor-widget elementor-widget-text-editor\" data-id=\"a7e7a72\" data-element_type=\"widget\" data-stt=\"1731231030\" data-widget_type=\"text-editor.default\">\n<div class=\"elementor-widget-container\">\n<p>Wir m\u00f6chten, dass Sie wissen, dass wir Sicherheitsma\u00dfnahmen ergriffen haben, um Ihre pers\u00f6nlichen Daten zu sch\u00fctzen, einschlie\u00dflich Verschl\u00fcsselung und Authentifizierungstools. Es gibt interne \u00dcberpr\u00fcfungen unserer Praktiken zur Datensammlung, -speicherung und -verarbeitung sowie physische Sicherheitsma\u00dfnahmen, um unbefugten Zugriff auf Systeme, in denen wir pers\u00f6nliche Daten speichern, zu verhindern. Allerdings ist keine \u00dcbertragung im Internet oder per E-Mail vollst\u00e4ndig sicher oder fehlerfrei. Insbesondere E-Mails, die von oder an unsere Dienste gesendet werden, k\u00f6nnen unsicher sein. Daher sollten Sie besonders darauf achten, welche Informationen Sie per E-Mail und anderen digitalen Kan\u00e4len senden. Wir empfehlen, Ihre Ger\u00e4te, die zum Zugriff auf unsere Website und andere Dienste verwendet werden, stets auf dem neuesten Stand zu halten und mit Schutzsystemen wie Antivirensoftware, Firewall und Anti-Spam-Filtern auszustatten.    <\/p>\n<\/div>\n<\/div>\n<div class=\"elementor-element elementor-element-17381b6 elementor-widget-divider--view-line elementor-widget elementor-widget-divider\" data-id=\"17381b6\" data-element_type=\"widget\" data-stt=\"1731231030\" data-widget_type=\"divider.default\">\n<div class=\"elementor-widget-container\">\n<div class=\"elementor-divider\">&nbsp;<\/div>\n<\/div>\n<\/div>\n<div class=\"elementor-element elementor-element-e213827 elementor-widget elementor-widget-text-editor\" data-id=\"e213827\" data-element_type=\"widget\" data-stt=\"1731231030\" data-widget_type=\"text-editor.default\">\n<div class=\"elementor-widget-container\">\n<h3><br>Rechte der betroffenen Personen<\/h3>\n<\/div>\n<\/div>\n<div class=\"elementor-element elementor-element-f64af9b elementor-widget elementor-widget-text-editor\" data-id=\"f64af9b\" data-element_type=\"widget\" data-stt=\"1731231030\" data-widget_type=\"text-editor.default\">\n<div class=\"elementor-widget-container\">\n<p>Alle Inhaber pers\u00f6nlicher Daten haben das Recht:<\/p>\n<ol>\n<li>auf Zugang zu ihren Daten (auf Anfrage) und zu allen Informationen \u00fcber die jeweiligen Verarbeitungsvorg\u00e4nge;<\/li>\n<li>auf Berichtigung ihrer pers\u00f6nlichen Daten;<\/li>\n<li>auf L\u00f6schung ihrer pers\u00f6nlichen Daten, sofern sie nicht mehr f\u00fcr den Zweck erforderlich sind, f\u00fcr den sie erhoben wurden und\/oder zur Erf\u00fcllung rechtlicher Verpflichtungen von C\u00f3digo Semanal, Lda, sowie in bestimmten F\u00e4llen die Einschr\u00e4nkung ihrer Verarbeitung zu verlangen;<\/li>\n<li>sich dagegen zu wehren, dass sie f\u00fcr Marketing- und\/oder Werbezwecke verwendet werden;<\/li>\n<li>auf Daten\u00fcbertragbarkeit und das Recht, eine Kopie der sie betreffenden Daten zu erhalten;<\/li>\n<li>die zuvor erteilte Einwilligung zur Datenverarbeitung jederzeit zu widerrufen.<\/li>\n<\/ol>\n<p>Der Benutzer kann seine Rechte aus\u00fcben, indem er eine E-Mail an&nbsp;<a href=\"mailto:info@labuta.com\" target=\"_blank\" rel=\"noopener\">info@labuta.com<\/a> sendet und den Grund f\u00fcr die Anfrage angibt.&nbsp;<\/p>\n<p>Wenn Sie sich dazu entschlie\u00dfen, diese Rechte auszu\u00fcben, und eine der bereitgestellten pers\u00f6nlichen Daten Ihre E-Mail-Adresse ist, bitten wir Sie, diesen Umstand in Ihrem schriftlichen Antrag zu spezifizieren und die E-Mail-Adresse anzugeben, von der aus Sie Ihre Rechte auf Zugang, Berichtigung, L\u00f6schung und Widerspruch aus\u00fcben m\u00f6chten.<\/p>\n<p>Personenbezogene Daten von Kindern<\/p>\n<p>Personenbezogene Daten von Personen unter 16 Jahren werden nicht verarbeitet, und jede von ihnen online get\u00e4tigte Bestellung wird nicht anerkannt. Wenn wir feststellen, dass wir personenbezogene Daten von einem Kind unter 16 Jahren gesammelt haben, werden wir die notwendigen Ma\u00dfnahmen ergreifen, um die Informationen so schnell wie m\u00f6glich zu l\u00f6schen. <\/p>\n<\/div>\n<\/div>\n<div class=\"elementor-element elementor-element-f0b5520 elementor-widget-divider--view-line elementor-widget elementor-widget-divider\" data-id=\"f0b5520\" data-element_type=\"widget\" data-stt=\"1731231030\" data-widget_type=\"divider.default\">\n<div class=\"elementor-widget-container\">\n<div class=\"elementor-divider\">&nbsp;<\/div>\n<\/div>\n<\/div>\n<div class=\"elementor-element elementor-element-a6de7ad elementor-widget elementor-widget-text-editor\" data-id=\"a6de7ad\" data-element_type=\"widget\" data-stt=\"1731231030\" data-widget_type=\"text-editor.default\">\n<div class=\"elementor-widget-container\">\n<h3>Benutzer Weitere Informationen<\/h3>\n<\/div>\n<\/div>\n<div class=\"elementor-element elementor-element-bd6a6ba elementor-widget elementor-widget-text-editor\" data-id=\"bd6a6ba\" data-element_type=\"widget\" data-stt=\"1731231030\" data-widget_type=\"text-editor.default\">\n<div class=\"elementor-widget-container\">\n<p>Als Inhaber pers\u00f6nlicher Daten haben Sie im Falle einer Verletzung dieser Daten das Recht, eine Beschwerde bei der Aufsichtsbeh\u00f6rde (Nationale Datenschutzkommission &#8211; CNPD, Rua de S\u00e3o Bento, Nr. 148, 3. Stock, 1200-821 Lissabon \u2013 Tel: +351 213928400 \u2013 Fax: +351 213976832 \u2013 E-Mail: &nbsp;g<a href=\"mailto:geral@cnpd.pt\" target=\"_blank\" rel=\"noopener\">eral@cnpd.pt)<\/a> einzureichen und sich au\u00dferdem an die Gerichtsinstanzen zu wenden.<\/p>\n<p>Diese Richtlinie kann ohne vorherige Ank\u00fcndigung ge\u00e4ndert werden. Aus diesem Grund empfehlen wir, diese Richtlinie jedes Mal zu \u00fcberpr\u00fcfen, wenn Sie unsere Website oder unsere mobilen Anwendungen besuche <\/p>\n<p>Nochmals vielen Dank, dass Sie weiterhin an uns und unsere Labuta glauben!<\/p>\n<\/div>\n<\/div>\n<\/div>\n<\/div>\n<\/div>\n<\/section>\n<\/div><\/div><\/div><\/div><\/div><!-- \/wp:post-content -->","protected":false},"excerpt":{"rendered":"","protected":false},"author":1,"featured_media":0,"parent":0,"menu_order":0,"comment_status":"closed","ping_status":"open","template":"","meta":{"footnotes":""},"class_list":["post-2330","page","type-page","status-publish","hentry"],"_links":{"self":[{"href":"https:\/\/labuta.com\/de\/wp-json\/wp\/v2\/pages\/2330","targetHints":{"allow":["GET"]}}],"collection":[{"href":"https:\/\/labuta.com\/de\/wp-json\/wp\/v2\/pages"}],"about":[{"href":"https:\/\/labuta.com\/de\/wp-json\/wp\/v2\/types\/page"}],"author":[{"embeddable":true,"href":"https:\/\/labuta.com\/de\/wp-json\/wp\/v2\/users\/1"}],"replies":[{"embeddable":true,"href":"https:\/\/labuta.com\/de\/wp-json\/wp\/v2\/comments?post=2330"}],"version-history":[{"count":3,"href":"https:\/\/labuta.com\/de\/wp-json\/wp\/v2\/pages\/2330\/revisions"}],"predecessor-version":[{"id":3143,"href":"https:\/\/labuta.com\/de\/wp-json\/wp\/v2\/pages\/2330\/revisions\/3143"}],"wp:attachment":[{"href":"https:\/\/labuta.com\/de\/wp-json\/wp\/v2\/media?parent=2330"}],"curies":[{"name":"wp","href":"https:\/\/api.w.org\/{rel}","templated":true}]}}