{"id":2847,"date":"2025-07-03T11:45:48","date_gmt":"2025-07-03T11:45:48","guid":{"rendered":"https:\/\/labuta.com\/zusammenarbeiten\/"},"modified":"2025-10-07T10:49:27","modified_gmt":"2025-10-07T10:49:27","slug":"zusammenarbeiten","status":"publish","type":"page","link":"https:\/\/labuta.com\/de\/zusammenarbeiten\/","title":{"rendered":"Partnerschaften"},"content":{"rendered":"<p><div class=\"fusion-fullwidth fullwidth-box fusion-builder-row-1 fusion-flex-container has-pattern-background has-mask-background nonhundred-percent-fullwidth non-hundred-percent-height-scrolling\" style=\"--awb-border-radius-top-left:0px;--awb-border-radius-top-right:0px;--awb-border-radius-bottom-right:0px;--awb-border-radius-bottom-left:0px;--awb-flex-wrap:wrap;\" ><div class=\"fusion-builder-row fusion-row fusion-flex-align-items-center fusion-flex-content-wrap\" style=\"max-width:1248px;margin-left: calc(-4% \/ 2 );margin-right: calc(-4% \/ 2 );\"><div class=\"fusion-layout-column fusion_builder_column fusion-builder-column-0 fusion_builder_column_1_2 1_2 fusion-flex-column fusion-flex-align-self-center\" style=\"--awb-bg-size:cover;--awb-width-large:50%;--awb-margin-top-large:0px;--awb-spacing-right-large:3.84%;--awb-margin-bottom-large:20px;--awb-spacing-left-large:3.84%;--awb-width-medium:50%;--awb-order-medium:0;--awb-spacing-right-medium:3.84%;--awb-spacing-left-medium:3.84%;--awb-width-small:100%;--awb-order-small:0;--awb-spacing-right-small:1.92%;--awb-spacing-left-small:1.92%;\"><div class=\"fusion-column-wrapper fusion-column-has-shadow fusion-flex-justify-content-center fusion-content-layout-row\"><div class=\"fusion-title title fusion-title-1 fusion-sep-none fusion-title-text fusion-title-size-four\"><h4 class=\"fusion-title-heading title-heading-left\" style=\"margin:0;\">Labuta x Joana Vasconcelos, portugiesische Bildhauerin<\/h4><\/div><div class=\"fusion-separator\" style=\"align-self: center;margin-left: auto;margin-right: auto;flex-grow:2;margin-top:20px;margin-bottom:20px;width:100%;max-width:200px;\"><\/div><div class=\"fusion-text fusion-text-1\"><p>Wir haben die Qualit\u00e4t unserer Produkte mit der explosiven Farbvielfalt und den Kontrasten kombiniert, die so charakteristisch f\u00fcr die Unverfrorenheit und geniale Kreativit\u00e4t der K\u00fcnstlerin sind, die weltweit von der \u00d6ffentlichkeit gesch\u00e4tzt und gefeiert wird. Die Studio-Tasche hat das Ziel, die j\u00e4hrliche Vergabe von Stipendien an Kunststudenten zu finanzieren.<\/p>\n<\/div><\/div><\/div><div class=\"fusion-layout-column fusion_builder_column fusion-builder-column-1 fusion_builder_column_1_2 1_2 fusion-flex-column\" style=\"--awb-bg-size:cover;--awb-width-large:50%;--awb-margin-top-large:0px;--awb-spacing-right-large:3.84%;--awb-margin-bottom-large:20px;--awb-spacing-left-large:3.84%;--awb-width-medium:50%;--awb-order-medium:0;--awb-spacing-right-medium:3.84%;--awb-spacing-left-medium:3.84%;--awb-width-small:100%;--awb-order-small:0;--awb-spacing-right-small:1.92%;--awb-spacing-left-small:1.92%;\"><div class=\"fusion-column-wrapper fusion-column-has-shadow fusion-flex-justify-content-flex-start fusion-content-layout-column\"><div class=\"fusion-image-element \" style=\"text-align:center;--awb-mask-url: url(https:\/\/labuta.com\/wp-content\/plugins\/fusion-builder\/\/assets\/images\/masks\/mask-17.svg);--awb-caption-title-font-family:var(--h2_typography-font-family);--awb-caption-title-font-weight:var(--h2_typography-font-weight);--awb-caption-title-font-style:var(--h2_typography-font-style);--awb-caption-title-size:var(--h2_typography-font-size);--awb-caption-title-transform:var(--h2_typography-text-transform);--awb-caption-title-line-height:var(--h2_typography-line-height);--awb-caption-title-letter-spacing:var(--h2_typography-letter-spacing);\"><span class=\" fusion-imageframe imageframe-none imageframe-1 hover-type-none has-mask\"><img decoding=\"async\" width=\"400\" height=\"501\" title=\"JoanaVAsconcelos\" src=\"https:\/\/labuta.com\/wp-content\/uploads\/2025\/10\/JoanaVAsconcelos-400x501.jpg\" alt class=\"img-responsive wp-image-2918\" srcset=\"https:\/\/labuta.com\/wp-content\/uploads\/2025\/10\/JoanaVAsconcelos-200x250.jpg 200w, https:\/\/labuta.com\/wp-content\/uploads\/2025\/10\/JoanaVAsconcelos-400x501.jpg 400w, https:\/\/labuta.com\/wp-content\/uploads\/2025\/10\/JoanaVAsconcelos-600x751.jpg 600w, https:\/\/labuta.com\/wp-content\/uploads\/2025\/10\/JoanaVAsconcelos.jpg 799w\" sizes=\"(max-width: 640px) 100vw, 600px\" \/><\/span><\/div><div class=\"fusion-separator\" style=\"align-self: center;margin-left: auto;margin-right: auto;flex-grow:2;margin-top:20px;margin-bottom:20px;width:100%;max-width:200px;\"><\/div><\/div><\/div><\/div><\/div><div class=\"fusion-fullwidth fullwidth-box fusion-builder-row-2 fusion-flex-container has-pattern-background has-mask-background nonhundred-percent-fullwidth non-hundred-percent-height-scrolling\" style=\"--awb-border-radius-top-left:0px;--awb-border-radius-top-right:0px;--awb-border-radius-bottom-right:0px;--awb-border-radius-bottom-left:0px;--awb-flex-wrap:wrap;\" ><div class=\"fusion-builder-row fusion-row fusion-flex-align-items-center fusion-flex-content-wrap\" style=\"max-width:1248px;margin-left: calc(-4% \/ 2 );margin-right: calc(-4% \/ 2 );\"><div class=\"fusion-layout-column fusion_builder_column fusion-builder-column-2 fusion_builder_column_1_2 1_2 fusion-flex-column fusion-flex-align-self-center\" style=\"--awb-bg-size:cover;--awb-width-large:50%;--awb-margin-top-large:0px;--awb-spacing-right-large:3.84%;--awb-margin-bottom-large:20px;--awb-spacing-left-large:3.84%;--awb-width-medium:50%;--awb-order-medium:0;--awb-spacing-right-medium:3.84%;--awb-spacing-left-medium:3.84%;--awb-width-small:100%;--awb-order-small:0;--awb-spacing-right-small:1.92%;--awb-spacing-left-small:1.92%;\"><div class=\"fusion-column-wrapper fusion-column-has-shadow fusion-flex-justify-content-center fusion-content-layout-row\"><div class=\"fusion-image-element \" style=\"text-align:center;--awb-mask-url: url(https:\/\/labuta.com\/wp-content\/plugins\/fusion-builder\/\/assets\/images\/masks\/mask-17.svg);--awb-caption-title-font-family:var(--h2_typography-font-family);--awb-caption-title-font-weight:var(--h2_typography-font-weight);--awb-caption-title-font-style:var(--h2_typography-font-style);--awb-caption-title-size:var(--h2_typography-font-size);--awb-caption-title-transform:var(--h2_typography-text-transform);--awb-caption-title-line-height:var(--h2_typography-line-height);--awb-caption-title-letter-spacing:var(--h2_typography-letter-spacing);\"><span class=\" fusion-imageframe imageframe-none imageframe-2 hover-type-none has-mask\"><img decoding=\"async\" width=\"400\" height=\"600\" title=\"Tracesofme\" src=\"https:\/\/labuta.com\/wp-content\/uploads\/2025\/10\/Tracesofme-400x600.jpg\" alt class=\"img-responsive wp-image-2922\" srcset=\"https:\/\/labuta.com\/wp-content\/uploads\/2025\/10\/Tracesofme-200x300.jpg 200w, https:\/\/labuta.com\/wp-content\/uploads\/2025\/10\/Tracesofme-400x600.jpg 400w, https:\/\/labuta.com\/wp-content\/uploads\/2025\/10\/Tracesofme-600x900.jpg 600w, https:\/\/labuta.com\/wp-content\/uploads\/2025\/10\/Tracesofme-800x1200.jpg 800w, https:\/\/labuta.com\/wp-content\/uploads\/2025\/10\/Tracesofme.jpg 1000w\" sizes=\"(max-width: 640px) 100vw, 600px\" \/><\/span><\/div><div class=\"fusion-separator\" style=\"align-self: center;margin-left: auto;margin-right: auto;flex-grow:2;margin-top:20px;margin-bottom:20px;width:100%;max-width:200px;\"><\/div><\/div><\/div><div class=\"fusion-layout-column fusion_builder_column fusion-builder-column-3 fusion_builder_column_1_2 1_2 fusion-flex-column\" style=\"--awb-bg-size:cover;--awb-width-large:50%;--awb-margin-top-large:0px;--awb-spacing-right-large:3.84%;--awb-margin-bottom-large:20px;--awb-spacing-left-large:3.84%;--awb-width-medium:50%;--awb-order-medium:0;--awb-spacing-right-medium:3.84%;--awb-spacing-left-medium:3.84%;--awb-width-small:100%;--awb-order-small:0;--awb-spacing-right-small:1.92%;--awb-spacing-left-small:1.92%;\"><div class=\"fusion-column-wrapper fusion-column-has-shadow fusion-flex-justify-content-flex-start fusion-content-layout-column\"><div class=\"fusion-title title fusion-title-2 fusion-sep-none fusion-title-text fusion-title-size-four\"><h4 class=\"fusion-title-heading title-heading-left\" style=\"margin:0;\">Labuta x Traces of Me (Portugiesische Marke f\u00fcr ethisches Design)<\/h4><\/div><div class=\"fusion-text fusion-text-2\"><p>Im Einklang mit derselben bewussten Philosophie, in der Menschen die Produktionsqualit\u00e4t sch\u00e4tzen und die Umwelt respektieren, haben Labuta und Traces of Me bei der Entwicklung des &#8222;Estivadora&#8220;-Stiefels zusammen gearbeitet, wobei die Weiblichkeit durch die Mischung von Farben und Mustern, die so charakteristisch f\u00fcr die Identit\u00e4t von TM sind, betont wird.<\/p>\n<\/div><\/div><\/div><\/div><\/div><div class=\"fusion-fullwidth fullwidth-box fusion-builder-row-3 fusion-flex-container has-pattern-background has-mask-background nonhundred-percent-fullwidth non-hundred-percent-height-scrolling\" style=\"--awb-border-radius-top-left:0px;--awb-border-radius-top-right:0px;--awb-border-radius-bottom-right:0px;--awb-border-radius-bottom-left:0px;--awb-flex-wrap:wrap;\" ><div class=\"fusion-builder-row fusion-row fusion-flex-align-items-center fusion-flex-content-wrap\" style=\"max-width:1248px;margin-left: calc(-4% \/ 2 );margin-right: calc(-4% \/ 2 );\"><div class=\"fusion-layout-column fusion_builder_column fusion-builder-column-4 fusion_builder_column_1_2 1_2 fusion-flex-column fusion-flex-align-self-center\" style=\"--awb-bg-size:cover;--awb-width-large:50%;--awb-margin-top-large:0px;--awb-spacing-right-large:3.84%;--awb-margin-bottom-large:20px;--awb-spacing-left-large:3.84%;--awb-width-medium:50%;--awb-order-medium:0;--awb-spacing-right-medium:3.84%;--awb-spacing-left-medium:3.84%;--awb-width-small:100%;--awb-order-small:0;--awb-spacing-right-small:1.92%;--awb-spacing-left-small:1.92%;\"><div class=\"fusion-column-wrapper fusion-column-has-shadow fusion-flex-justify-content-center fusion-content-layout-row\"><div class=\"fusion-title title fusion-title-3 fusion-sep-none fusion-title-text fusion-title-size-four\"><h4 class=\"fusion-title-heading title-heading-left\" style=\"margin:0;\">Labuta x Bordalo II ist ein portugiesischer Graffiti-K\u00fcnstler und Bildhauer x AEPGA<\/h4><\/div><div class=\"fusion-separator\" style=\"align-self: center;margin-left: auto;margin-right: auto;flex-grow:2;margin-top:20px;margin-bottom:20px;width:100%;max-width:200px;\"><\/div><div class=\"fusion-text fusion-text-3\"><p>Diese Partnerschaft zwischen Labuta, Bordalo II und AEPGA &#8211; Vereinigung f\u00fcr die Erforschung und den Schutz von Eseln &#8211; zielt darauf ab, alternativen Konsum zu f\u00f6rdern und das Mirand\u00eas-Esel, eine bedrohte Rasse, zu sch\u00fctzen. F\u00fcr jedes verkaufte Paar gehen 30\u20ac an die Vereinigung. Der K\u00e4ufer erh\u00e4lt eine Patenschaftsurkunde f\u00fcr eines dieser freundlichen Tiere. <\/p>\n<\/div><\/div><\/div><div class=\"fusion-layout-column fusion_builder_column fusion-builder-column-5 fusion_builder_column_1_2 1_2 fusion-flex-column\" style=\"--awb-bg-size:cover;--awb-width-large:50%;--awb-margin-top-large:0px;--awb-spacing-right-large:3.84%;--awb-margin-bottom-large:20px;--awb-spacing-left-large:3.84%;--awb-width-medium:50%;--awb-order-medium:0;--awb-spacing-right-medium:3.84%;--awb-spacing-left-medium:3.84%;--awb-width-small:100%;--awb-order-small:0;--awb-spacing-right-small:1.92%;--awb-spacing-left-small:1.92%;\"><div class=\"fusion-column-wrapper fusion-column-has-shadow fusion-flex-justify-content-flex-start fusion-content-layout-column\"><div class=\"fusion-image-element \" style=\"text-align:center;--awb-mask-url: url(https:\/\/labuta.com\/wp-content\/plugins\/fusion-builder\/\/assets\/images\/masks\/mask-17.svg);--awb-caption-title-font-family:var(--h2_typography-font-family);--awb-caption-title-font-weight:var(--h2_typography-font-weight);--awb-caption-title-font-style:var(--h2_typography-font-style);--awb-caption-title-size:var(--h2_typography-font-size);--awb-caption-title-transform:var(--h2_typography-text-transform);--awb-caption-title-line-height:var(--h2_typography-line-height);--awb-caption-title-letter-spacing:var(--h2_typography-letter-spacing);\"><span class=\" fusion-imageframe imageframe-none imageframe-3 hover-type-none has-mask\"><img decoding=\"async\" width=\"400\" height=\"533\" title=\"Labuta-x-Bordalo-II-x-AEPGA-1152&#215;1536\" src=\"https:\/\/labuta.com\/wp-content\/uploads\/2025\/07\/Labuta-x-Bordalo-II-x-AEPGA-1152x1536-1-400x533.jpg\" alt class=\"img-responsive wp-image-2500\" srcset=\"https:\/\/labuta.com\/wp-content\/uploads\/2025\/07\/Labuta-x-Bordalo-II-x-AEPGA-1152x1536-1-200x267.jpg 200w, https:\/\/labuta.com\/wp-content\/uploads\/2025\/07\/Labuta-x-Bordalo-II-x-AEPGA-1152x1536-1-400x533.jpg 400w, https:\/\/labuta.com\/wp-content\/uploads\/2025\/07\/Labuta-x-Bordalo-II-x-AEPGA-1152x1536-1-600x800.jpg 600w, https:\/\/labuta.com\/wp-content\/uploads\/2025\/07\/Labuta-x-Bordalo-II-x-AEPGA-1152x1536-1-800x1067.jpg 800w, https:\/\/labuta.com\/wp-content\/uploads\/2025\/07\/Labuta-x-Bordalo-II-x-AEPGA-1152x1536-1.jpg 1152w\" sizes=\"(max-width: 640px) 100vw, 600px\" \/><\/span><\/div><div class=\"fusion-separator\" style=\"align-self: center;margin-left: auto;margin-right: auto;flex-grow:2;margin-top:20px;margin-bottom:20px;width:100%;max-width:200px;\"><\/div><\/div><\/div><\/div><\/div><div class=\"fusion-fullwidth fullwidth-box fusion-builder-row-4 fusion-flex-container has-pattern-background has-mask-background nonhundred-percent-fullwidth non-hundred-percent-height-scrolling\" style=\"--awb-border-radius-top-left:0px;--awb-border-radius-top-right:0px;--awb-border-radius-bottom-right:0px;--awb-border-radius-bottom-left:0px;--awb-flex-wrap:wrap;\" ><div class=\"fusion-builder-row fusion-row fusion-flex-align-items-center fusion-flex-content-wrap\" style=\"max-width:1248px;margin-left: calc(-4% \/ 2 );margin-right: calc(-4% \/ 2 );\"><div class=\"fusion-layout-column fusion_builder_column fusion-builder-column-6 fusion_builder_column_1_2 1_2 fusion-flex-column fusion-flex-align-self-center\" style=\"--awb-bg-size:cover;--awb-width-large:50%;--awb-margin-top-large:0px;--awb-spacing-right-large:3.84%;--awb-margin-bottom-large:20px;--awb-spacing-left-large:3.84%;--awb-width-medium:50%;--awb-order-medium:0;--awb-spacing-right-medium:3.84%;--awb-spacing-left-medium:3.84%;--awb-width-small:100%;--awb-order-small:0;--awb-spacing-right-small:1.92%;--awb-spacing-left-small:1.92%;\"><div class=\"fusion-column-wrapper fusion-column-has-shadow fusion-flex-justify-content-center fusion-content-layout-row\"><div class=\"fusion-image-element \" style=\"text-align:center;--awb-mask-url: url(https:\/\/labuta.com\/wp-content\/plugins\/fusion-builder\/\/assets\/images\/masks\/mask-17.svg);--awb-caption-title-font-family:var(--h2_typography-font-family);--awb-caption-title-font-weight:var(--h2_typography-font-weight);--awb-caption-title-font-style:var(--h2_typography-font-style);--awb-caption-title-size:var(--h2_typography-font-size);--awb-caption-title-transform:var(--h2_typography-text-transform);--awb-caption-title-line-height:var(--h2_typography-line-height);--awb-caption-title-letter-spacing:var(--h2_typography-letter-spacing);\"><span class=\" fusion-imageframe imageframe-none imageframe-4 hover-type-none has-mask\"><img decoding=\"async\" src=\"https:\/\/labuta.com\/wp-content\/uploads\/2024\/09\/IMG_5113-1-scaled-1-400x600.jpg\" alt class=\"img-responsive wp-image-1261\"\/><\/span><\/div><div class=\"fusion-separator\" style=\"align-self: center;margin-left: auto;margin-right: auto;flex-grow:2;margin-top:20px;margin-bottom:20px;width:100%;max-width:200px;\"><\/div><\/div><\/div><div class=\"fusion-layout-column fusion_builder_column fusion-builder-column-7 fusion_builder_column_1_2 1_2 fusion-flex-column\" style=\"--awb-bg-size:cover;--awb-width-large:50%;--awb-margin-top-large:0px;--awb-spacing-right-large:3.84%;--awb-margin-bottom-large:20px;--awb-spacing-left-large:3.84%;--awb-width-medium:50%;--awb-order-medium:0;--awb-spacing-right-medium:3.84%;--awb-spacing-left-medium:3.84%;--awb-width-small:100%;--awb-order-small:0;--awb-spacing-right-small:1.92%;--awb-spacing-left-small:1.92%;\"><div class=\"fusion-column-wrapper fusion-column-has-shadow fusion-flex-justify-content-flex-start fusion-content-layout-column\"><div class=\"fusion-title title fusion-title-4 fusion-sep-none fusion-title-text fusion-title-size-four\"><h4 class=\"fusion-title-heading title-heading-left\" style=\"margin:0;\">Labuta x Jugendgef\u00e4ngnis Leiria<\/h4><\/div><div class=\"fusion-text fusion-text-4\"><p>Um die so portugiesische Tradition zu bewahren, werden unsere Hausschuhe aus Burel gefertigt, einem Material so nat\u00fcrlich und robust wie typisch f\u00fcr unser Land. In diesem Inklusionsprojekt flie\u00dft ein Teil des Verkaufserl\u00f6ses an unsere Insassen, um sie als integralen Bestandteil der Gesellschaft f\u00fchlen zu lassen und ihre Arbeit belohnt zu sehen. <\/p>\n<\/div><\/div><\/div><\/div><\/div><\/p>\n","protected":false},"excerpt":{"rendered":"","protected":false},"author":1,"featured_media":0,"parent":0,"menu_order":0,"comment_status":"closed","ping_status":"closed","template":"100-width.php","meta":{"footnotes":""},"class_list":["post-2847","page","type-page","status-publish","hentry"],"_links":{"self":[{"href":"https:\/\/labuta.com\/de\/wp-json\/wp\/v2\/pages\/2847","targetHints":{"allow":["GET"]}}],"collection":[{"href":"https:\/\/labuta.com\/de\/wp-json\/wp\/v2\/pages"}],"about":[{"href":"https:\/\/labuta.com\/de\/wp-json\/wp\/v2\/types\/page"}],"author":[{"embeddable":true,"href":"https:\/\/labuta.com\/de\/wp-json\/wp\/v2\/users\/1"}],"replies":[{"embeddable":true,"href":"https:\/\/labuta.com\/de\/wp-json\/wp\/v2\/comments?post=2847"}],"version-history":[{"count":14,"href":"https:\/\/labuta.com\/de\/wp-json\/wp\/v2\/pages\/2847\/revisions"}],"predecessor-version":[{"id":3174,"href":"https:\/\/labuta.com\/de\/wp-json\/wp\/v2\/pages\/2847\/revisions\/3174"}],"wp:attachment":[{"href":"https:\/\/labuta.com\/de\/wp-json\/wp\/v2\/media?parent=2847"}],"curies":[{"name":"wp","href":"https:\/\/api.w.org\/{rel}","templated":true}]}}