{"id":3013,"date":"2025-08-15T12:30:34","date_gmt":"2025-08-15T12:30:34","guid":{"rendered":"https:\/\/labuta.com\/nachhaltigkeit\/"},"modified":"2025-10-14T16:36:38","modified_gmt":"2025-10-14T16:36:38","slug":"nachhaltigkeit","status":"publish","type":"page","link":"https:\/\/labuta.com\/de\/nachhaltigkeit\/","title":{"rendered":"Nachhaltigkeit"},"content":{"rendered":"<p><div class=\"fusion-fullwidth fullwidth-box fusion-builder-row-1 fusion-flex-container has-pattern-background has-mask-background nonhundred-percent-fullwidth non-hundred-percent-height-scrolling\" style=\"--awb-border-radius-top-left:0px;--awb-border-radius-top-right:0px;--awb-border-radius-bottom-right:0px;--awb-border-radius-bottom-left:0px;--awb-flex-wrap:wrap;\" ><div class=\"fusion-builder-row fusion-row fusion-flex-align-items-flex-start fusion-flex-content-wrap\" style=\"max-width:1248px;margin-left: calc(-4% \/ 2 );margin-right: calc(-4% \/ 2 );\"><div class=\"fusion-layout-column fusion_builder_column fusion-builder-column-0 fusion_builder_column_1_2 1_2 fusion-flex-column fusion-flex-align-self-stretch\" style=\"--awb-bg-size:cover;--awb-width-large:50%;--awb-margin-top-large:0px;--awb-spacing-right-large:3.84%;--awb-margin-bottom-large:20px;--awb-spacing-left-large:3.84%;--awb-width-medium:50%;--awb-order-medium:0;--awb-spacing-right-medium:3.84%;--awb-spacing-left-medium:3.84%;--awb-width-small:100%;--awb-order-small:0;--awb-spacing-right-small:1.92%;--awb-spacing-left-small:1.92%;\"><div class=\"fusion-column-wrapper fusion-column-has-shadow fusion-flex-justify-content-center fusion-content-layout-row fusion-flex-align-items-center\"><div class=\"fusion-text fusion-text-1\"><p>Bei Labuta glauben wir an zeitlose Qualit\u00e4tsartikel, die lange halten.<\/p>\n<p>Daher ben\u00f6tigen Sie keine spezialisierten Schuhe f\u00fcr jede Ihrer Aktivit\u00e4ten, sondern nur das Wesentliche, das vielseitig genug ist, um t\u00e4glich getragen zu werden.<\/p>\n<p>Eine nachhaltige Zukunft erfordert \u00dcberlegung und Auswahl mit Bedacht<\/p>\n<\/div><\/div><\/div><div class=\"fusion-layout-column fusion_builder_column fusion-builder-column-1 fusion_builder_column_1_2 1_2 fusion-flex-column fusion-flex-align-self-stretch\" style=\"--awb-bg-size:cover;--awb-width-large:50%;--awb-margin-top-large:0px;--awb-spacing-right-large:3.84%;--awb-margin-bottom-large:20px;--awb-spacing-left-large:3.84%;--awb-width-medium:50%;--awb-order-medium:0;--awb-spacing-right-medium:3.84%;--awb-spacing-left-medium:3.84%;--awb-width-small:100%;--awb-order-small:0;--awb-spacing-right-small:1.92%;--awb-spacing-left-small:1.92%;\"><div class=\"fusion-column-wrapper fusion-column-has-shadow fusion-flex-justify-content-center fusion-content-layout-row fusion-flex-align-items-center\"><div class=\"fusion-image-element \" style=\"--awb-caption-title-font-family:var(--h2_typography-font-family);--awb-caption-title-font-weight:var(--h2_typography-font-weight);--awb-caption-title-font-style:var(--h2_typography-font-style);--awb-caption-title-size:var(--h2_typography-font-size);--awb-caption-title-transform:var(--h2_typography-text-transform);--awb-caption-title-line-height:var(--h2_typography-line-height);--awb-caption-title-letter-spacing:var(--h2_typography-letter-spacing);\"><span class=\" fusion-imageframe imageframe-none imageframe-1 hover-type-none\"><img decoding=\"async\" width=\"400\" height=\"267\" title=\"Sustentabilidade\" src=\"https:\/\/labuta.com\/wp-content\/uploads\/2025\/10\/Sustentabilidade-400x267.jpg\" alt class=\"img-responsive wp-image-3002\" srcset=\"https:\/\/labuta.com\/wp-content\/uploads\/2025\/10\/Sustentabilidade-200x133.jpg 200w, https:\/\/labuta.com\/wp-content\/uploads\/2025\/10\/Sustentabilidade-400x267.jpg 400w, https:\/\/labuta.com\/wp-content\/uploads\/2025\/10\/Sustentabilidade-600x400.jpg 600w, https:\/\/labuta.com\/wp-content\/uploads\/2025\/10\/Sustentabilidade-800x533.jpg 800w, https:\/\/labuta.com\/wp-content\/uploads\/2025\/10\/Sustentabilidade-1200x800.jpg 1200w, https:\/\/labuta.com\/wp-content\/uploads\/2025\/10\/Sustentabilidade.jpg 1600w\" sizes=\"(max-width: 640px) 100vw, 600px\" \/><\/span><\/div><\/div><\/div><\/div><\/div><div class=\"fusion-fullwidth fullwidth-box fusion-builder-row-2 fusion-flex-container has-pattern-background has-mask-background nonhundred-percent-fullwidth non-hundred-percent-height-scrolling\" style=\"--awb-border-radius-top-left:0px;--awb-border-radius-top-right:0px;--awb-border-radius-bottom-right:0px;--awb-border-radius-bottom-left:0px;--awb-padding-top:50px;--awb-padding-bottom:50px;--awb-flex-wrap:nowrap;\" ><div class=\"fusion-builder-row fusion-row fusion-flex-align-items-center fusion-flex-justify-content-space-between fusion-flex-content-wrap\" style=\"max-width:1248px;margin-left: calc(-4% \/ 2 );margin-right: calc(-4% \/ 2 );\"><div class=\"fusion-layout-column fusion_builder_column fusion-builder-column-2 fusion_builder_column_1_6 1_6 fusion-flex-column fusion-column-inner-bg-wrapper\" style=\"--awb-inner-bg-size:cover;--awb-width-large:16.666666666667%;--awb-margin-top-large:0px;--awb-spacing-right-large:11.52%;--awb-margin-bottom-large:20px;--awb-spacing-left-large:11.52%;--awb-width-medium:16.666666666667%;--awb-order-medium:0;--awb-spacing-right-medium:11.52%;--awb-spacing-left-medium:11.52%;--awb-width-small:100%;--awb-order-small:0;--awb-spacing-right-small:1.92%;--awb-spacing-left-small:1.92%;\" data-scroll-devices=\"small-visibility,medium-visibility,large-visibility\"><span class=\"fusion-column-inner-bg hover-type-none\"><a class=\"fusion-column-anchor\" href=\"https:\/\/labuta.com\/de\/nachhaltigkeit\/\"><span class=\"fusion-column-inner-bg-image\"><\/span><\/a><\/span><div class=\"fusion-column-wrapper fusion-column-has-shadow fusion-flex-justify-content-space-around fusion-content-layout-row\"><div class=\"fusion-image-element \" style=\"--awb-max-width:100px;--awb-caption-title-font-family:var(--h2_typography-font-family);--awb-caption-title-font-weight:var(--h2_typography-font-weight);--awb-caption-title-font-style:var(--h2_typography-font-style);--awb-caption-title-size:var(--h2_typography-font-size);--awb-caption-title-transform:var(--h2_typography-text-transform);--awb-caption-title-line-height:var(--h2_typography-line-height);--awb-caption-title-letter-spacing:var(--h2_typography-letter-spacing);\"><span class=\" fusion-imageframe imageframe-none imageframe-2 hover-type-none\"><img decoding=\"async\" width=\"128\" height=\"128\" title=\"003-eco-friendly\" src=\"https:\/\/labuta.com\/wp-content\/uploads\/2025\/10\/003-eco-friendly.png\" alt class=\"img-responsive wp-image-3607\" srcset=\"https:\/\/labuta.com\/wp-content\/uploads\/2025\/10\/003-eco-friendly-66x66.png 66w, https:\/\/labuta.com\/wp-content\/uploads\/2025\/10\/003-eco-friendly.png 128w\" sizes=\"(max-width: 128px) 100vw, 128px\" \/><\/span><\/div><div class=\"fusion-title title fusion-title-1 fusion-sep-none fusion-title-text fusion-title-size-six\" style=\"--awb-text-color:var(--awb-color7);\"><h6 class=\"fusion-title-heading title-heading-left\" style=\"margin:0;\">Nachhaltigkeit<\/h6><\/div><\/div><\/div><div class=\"fusion-layout-column fusion_builder_column fusion-builder-column-3 fusion_builder_column_1_6 1_6 fusion-flex-column fusion-column-inner-bg-wrapper\" style=\"--awb-inner-bg-size:cover;--awb-width-large:16.666666666667%;--awb-margin-top-large:0px;--awb-spacing-right-large:11.52%;--awb-margin-bottom-large:20px;--awb-spacing-left-large:11.52%;--awb-width-medium:16.666666666667%;--awb-order-medium:0;--awb-spacing-right-medium:11.52%;--awb-spacing-left-medium:11.52%;--awb-width-small:100%;--awb-order-small:0;--awb-spacing-right-small:1.92%;--awb-spacing-left-small:1.92%;\" data-scroll-devices=\"small-visibility,medium-visibility,large-visibility\"><span class=\"fusion-column-inner-bg hover-type-none\"><a class=\"fusion-column-anchor\" href=\"https:\/\/labuta.com\/de\/goodyear-rahmengenaehte-verarbeitung\/\"><span class=\"fusion-column-inner-bg-image\"><\/span><\/a><\/span><div class=\"fusion-column-wrapper fusion-column-has-shadow fusion-flex-justify-content-space-around fusion-content-layout-row\"><div class=\"fusion-image-element \" style=\"--awb-max-width:100px;--awb-caption-title-font-family:var(--h2_typography-font-family);--awb-caption-title-font-weight:var(--h2_typography-font-weight);--awb-caption-title-font-style:var(--h2_typography-font-style);--awb-caption-title-size:var(--h2_typography-font-size);--awb-caption-title-transform:var(--h2_typography-text-transform);--awb-caption-title-line-height:var(--h2_typography-line-height);--awb-caption-title-letter-spacing:var(--h2_typography-letter-spacing);\"><span class=\" fusion-imageframe imageframe-none imageframe-3 hover-type-none\"><img decoding=\"async\" width=\"128\" height=\"128\" title=\"001-business\" src=\"https:\/\/labuta.com\/wp-content\/uploads\/2025\/10\/001-business-1.png\" alt class=\"img-responsive wp-image-3548\" srcset=\"https:\/\/labuta.com\/wp-content\/uploads\/2025\/10\/001-business-1-66x66.png 66w, https:\/\/labuta.com\/wp-content\/uploads\/2025\/10\/001-business-1.png 128w\" sizes=\"(max-width: 128px) 100vw, 128px\" \/><\/span><\/div><div class=\"fusion-title title fusion-title-2 fusion-sep-none fusion-title-text fusion-title-size-six\" style=\"--awb-text-color:var(--awb-color7);\"><h6 class=\"fusion-title-heading title-heading-left\" style=\"margin:0;\">Goodyear welt<\/h6><\/div><\/div><\/div><div class=\"fusion-layout-column fusion_builder_column fusion-builder-column-4 fusion_builder_column_1_6 1_6 fusion-flex-column fusion-column-inner-bg-wrapper\" style=\"--awb-inner-bg-size:cover;--awb-width-large:16.666666666667%;--awb-margin-top-large:0px;--awb-spacing-right-large:11.52%;--awb-margin-bottom-large:20px;--awb-spacing-left-large:11.52%;--awb-width-medium:16.666666666667%;--awb-order-medium:0;--awb-spacing-right-medium:11.52%;--awb-spacing-left-medium:11.52%;--awb-width-small:100%;--awb-order-small:0;--awb-spacing-right-small:1.92%;--awb-spacing-left-small:1.92%;\" data-scroll-devices=\"small-visibility,medium-visibility,large-visibility\"><span class=\"fusion-column-inner-bg hover-type-none\"><a class=\"fusion-column-anchor\" href=\"https:\/\/labuta.com\/de\/pflege-und-wiederaufbauservice\/\"><span class=\"fusion-column-inner-bg-image\"><\/span><\/a><\/span><div class=\"fusion-column-wrapper fusion-column-has-shadow fusion-flex-justify-content-space-around fusion-content-layout-row\"><div class=\"fusion-image-element \" style=\"--awb-max-width:100px;--awb-caption-title-font-family:var(--h2_typography-font-family);--awb-caption-title-font-weight:var(--h2_typography-font-weight);--awb-caption-title-font-style:var(--h2_typography-font-style);--awb-caption-title-size:var(--h2_typography-font-size);--awb-caption-title-transform:var(--h2_typography-text-transform);--awb-caption-title-line-height:var(--h2_typography-line-height);--awb-caption-title-letter-spacing:var(--h2_typography-letter-spacing);\"><span class=\" fusion-imageframe imageframe-none imageframe-4 hover-type-none\"><img decoding=\"async\" width=\"128\" height=\"128\" title=\"002-shoes\" src=\"https:\/\/labuta.com\/wp-content\/uploads\/2025\/10\/002-shoes-1.png\" alt class=\"img-responsive wp-image-3540\" srcset=\"https:\/\/labuta.com\/wp-content\/uploads\/2025\/10\/002-shoes-1-66x66.png 66w, https:\/\/labuta.com\/wp-content\/uploads\/2025\/10\/002-shoes-1.png 128w\" sizes=\"(max-width: 128px) 100vw, 128px\" \/><\/span><\/div><div class=\"fusion-title title fusion-title-3 fusion-sep-none fusion-title-text fusion-title-size-six\" style=\"--awb-text-color:var(--awb-color7);\"><h6 class=\"fusion-title-heading title-heading-left\" style=\"margin:0;\">Rekonstruktion<\/h6><\/div><\/div><\/div><div class=\"fusion-layout-column fusion_builder_column fusion-builder-column-5 fusion_builder_column_1_6 1_6 fusion-flex-column fusion-column-inner-bg-wrapper\" style=\"--awb-inner-bg-size:cover;--awb-width-large:16.666666666667%;--awb-margin-top-large:0px;--awb-spacing-right-large:11.52%;--awb-margin-bottom-large:20px;--awb-spacing-left-large:11.52%;--awb-width-medium:16.666666666667%;--awb-order-medium:0;--awb-spacing-right-medium:11.52%;--awb-spacing-left-medium:11.52%;--awb-width-small:100%;--awb-order-small:0;--awb-spacing-right-small:1.92%;--awb-spacing-left-small:1.92%;\" data-scroll-devices=\"small-visibility,medium-visibility,large-visibility\"><span class=\"fusion-column-inner-bg hover-type-none\"><a class=\"fusion-column-anchor\" href=\"https:\/\/labuta.com\/de\/zusammenarbeiten\/\"><span class=\"fusion-column-inner-bg-image\"><\/span><\/a><\/span><div class=\"fusion-column-wrapper fusion-column-has-shadow fusion-flex-justify-content-space-around fusion-content-layout-row\"><div class=\"fusion-image-element \" style=\"--awb-max-width:100px;--awb-caption-title-font-family:var(--h2_typography-font-family);--awb-caption-title-font-weight:var(--h2_typography-font-weight);--awb-caption-title-font-style:var(--h2_typography-font-style);--awb-caption-title-size:var(--h2_typography-font-size);--awb-caption-title-transform:var(--h2_typography-text-transform);--awb-caption-title-line-height:var(--h2_typography-line-height);--awb-caption-title-letter-spacing:var(--h2_typography-letter-spacing);\"><span class=\" fusion-imageframe imageframe-none imageframe-5 hover-type-none\"><img decoding=\"async\" width=\"128\" height=\"128\" title=\"003-love\" src=\"https:\/\/labuta.com\/wp-content\/uploads\/2025\/10\/003-love-1.png\" alt class=\"img-responsive wp-image-3544\" srcset=\"https:\/\/labuta.com\/wp-content\/uploads\/2025\/10\/003-love-1-66x66.png 66w, https:\/\/labuta.com\/wp-content\/uploads\/2025\/10\/003-love-1.png 128w\" sizes=\"(max-width: 128px) 100vw, 128px\" \/><\/span><\/div><div class=\"fusion-title title fusion-title-4 fusion-sep-none fusion-title-text fusion-title-size-six\" style=\"--awb-text-color:var(--awb-color7);\"><h6 class=\"fusion-title-heading title-heading-left\" style=\"margin:0;\">Partnerschaften<\/h6><\/div><\/div><\/div><div class=\"fusion-layout-column fusion_builder_column fusion-builder-column-6 fusion_builder_column_1_6 1_6 fusion-flex-column fusion-column-inner-bg-wrapper\" style=\"--awb-inner-bg-size:cover;--awb-width-large:16.666666666667%;--awb-margin-top-large:0px;--awb-spacing-right-large:11.52%;--awb-margin-bottom-large:20px;--awb-spacing-left-large:11.52%;--awb-width-medium:16.666666666667%;--awb-order-medium:0;--awb-spacing-right-medium:11.52%;--awb-spacing-left-medium:11.52%;--awb-width-small:100%;--awb-order-small:0;--awb-spacing-right-small:1.92%;--awb-spacing-left-small:1.92%;\" data-scroll-devices=\"small-visibility,medium-visibility,large-visibility\"><span class=\"fusion-column-inner-bg hover-type-none\"><a class=\"fusion-column-anchor\" href=\"https:\/\/labuta.com\/de\/pflanzliche-gerbung\/\"><span class=\"fusion-column-inner-bg-image\"><\/span><\/a><\/span><div class=\"fusion-column-wrapper fusion-column-has-shadow fusion-flex-justify-content-space-around fusion-content-layout-row\"><div class=\"fusion-image-element \" style=\"--awb-max-width:100px;--awb-caption-title-font-family:var(--h2_typography-font-family);--awb-caption-title-font-weight:var(--h2_typography-font-weight);--awb-caption-title-font-style:var(--h2_typography-font-style);--awb-caption-title-size:var(--h2_typography-font-size);--awb-caption-title-transform:var(--h2_typography-text-transform);--awb-caption-title-line-height:var(--h2_typography-line-height);--awb-caption-title-letter-spacing:var(--h2_typography-letter-spacing);\"><span class=\" fusion-imageframe imageframe-none imageframe-6 hover-type-none\"><img decoding=\"async\" width=\"128\" height=\"128\" title=\"002-leather\" src=\"https:\/\/labuta.com\/wp-content\/uploads\/2025\/10\/002-leather-1.png\" alt class=\"img-responsive wp-image-3603\" srcset=\"https:\/\/labuta.com\/wp-content\/uploads\/2025\/10\/002-leather-1-66x66.png 66w, https:\/\/labuta.com\/wp-content\/uploads\/2025\/10\/002-leather-1.png 128w\" sizes=\"(max-width: 128px) 100vw, 128px\" \/><\/span><\/div><div class=\"fusion-title title fusion-title-5 fusion-sep-none fusion-title-text fusion-title-size-six\" style=\"--awb-text-color:var(--awb-color7);\"><h6 class=\"fusion-title-heading title-heading-left\" style=\"margin:0;\">Vegetabile Gerbung<\/h6><\/div><\/div><\/div><\/div><\/div><\/p>\n","protected":false},"excerpt":{"rendered":"","protected":false},"author":1,"featured_media":0,"parent":0,"menu_order":0,"comment_status":"closed","ping_status":"closed","template":"100-width.php","meta":{"footnotes":""},"class_list":["post-3013","page","type-page","status-publish","hentry"],"_links":{"self":[{"href":"https:\/\/labuta.com\/de\/wp-json\/wp\/v2\/pages\/3013","targetHints":{"allow":["GET"]}}],"collection":[{"href":"https:\/\/labuta.com\/de\/wp-json\/wp\/v2\/pages"}],"about":[{"href":"https:\/\/labuta.com\/de\/wp-json\/wp\/v2\/types\/page"}],"author":[{"embeddable":true,"href":"https:\/\/labuta.com\/de\/wp-json\/wp\/v2\/users\/1"}],"replies":[{"embeddable":true,"href":"https:\/\/labuta.com\/de\/wp-json\/wp\/v2\/comments?post=3013"}],"version-history":[{"count":8,"href":"https:\/\/labuta.com\/de\/wp-json\/wp\/v2\/pages\/3013\/revisions"}],"predecessor-version":[{"id":4535,"href":"https:\/\/labuta.com\/de\/wp-json\/wp\/v2\/pages\/3013\/revisions\/4535"}],"wp:attachment":[{"href":"https:\/\/labuta.com\/de\/wp-json\/wp\/v2\/media?parent=3013"}],"curies":[{"name":"wp","href":"https:\/\/api.w.org\/{rel}","templated":true}]}}