{"id":1702,"date":"2024-09-05T17:15:02","date_gmt":"2024-09-05T17:15:02","guid":{"rendered":"https:\/\/labuta.com\/loja\/unkategorisiert\/feuerwehrstiefel-sand\/"},"modified":"2025-11-21T18:06:10","modified_gmt":"2025-11-21T18:06:10","slug":"feuerwehrstiefel-sand","status":"publish","type":"product","link":"https:\/\/labuta.com\/de\/loja\/feuerwehrstiefel-sand\/","title":{"rendered":"Feuerwehrfrau Stiefel Sand"},"content":{"rendered":"","protected":false},"excerpt":{"rendered":"<p>Immer mehr Frauen entscheiden sich spontan und mit einem L\u00e4cheln im Gesicht f\u00fcr diesen sch\u00f6nen, aber gef\u00e4hrlichen Beruf.<\/p>\n<p>Unsere Anerkennung und Bewunderung f\u00fcr ihre Arbeit und die Gefahren, denen sie tagt\u00e4glich ausgesetzt sind, konnte nur zu einem bequemen und widerstandsf\u00e4higen Stiefel f\u00fchren, der ihre Weiblichkeit unterstreicht und gleichzeitig eine aufrichtige Hommage an sie darstellt.<\/p>\n<p>Einzelheiten zum Produkt :<\/p>\n<ul>\n<li>Goodyear-Welted-Konstruktion<\/li>\n<li>Pflanzlich gegerbtes Leder<\/li>\n<li>Ledersohle mit Vibram-Gummi<\/li>\n<li>Anti-Flecken-Lederfutter<\/li>\n<li>Doppelte Komfort-Einlegesohle mit ledergef\u00fcttertem Memory Foam<\/li>\n<li>Schn\u00fcrsenkel mit farbigem Baumwollband<\/li>\n<\/ul>\n","protected":false},"featured_media":1154,"comment_status":"open","ping_status":"closed","template":"","meta":[],"product_brand":[],"product_cat":[238],"product_tag":[245,251,242,250,249,244,241,246,239,247,243,240,248],"class_list":{"0":"post-1702","1":"product","2":"type-product","3":"status-publish","4":"has-post-thumbnail","6":"product_cat-frau","7":"product_tag-damenstiefel","8":"product_tag-frauen","9":"product_tag-genahte-stiefel","10":"product_tag-goodyear-rahmen","11":"product_tag-handgefertigte-schuhe","12":"product_tag-handgefertigte-stiefel-de","13":"product_tag-handgefertigte-stiefel","14":"product_tag-leder-stiefel","15":"product_tag-mode-de","16":"product_tag-nachhaltige-stiefel","17":"product_tag-okologische-stiefel","18":"product_tag-stiefel","19":"product_tag-vintage-stiefel","20":"pa_tamanho-mulher-35-de","21":"pa_tamanho-mulher-36-de","22":"pa_tamanho-mulher-37-de","23":"pa_tamanho-mulher-38-de","24":"pa_tamanho-mulher-39-de","25":"pa_tamanho-mulher-40-de","26":"pa_tamanho-mulher-41-de","27":"pa_tamanho-mulher-42-de","29":"first","30":"instock","31":"shipping-taxable","32":"purchasable","33":"product-type-variable","34":"has-default-attributes"},"_links":{"self":[{"href":"https:\/\/labuta.com\/de\/wp-json\/wp\/v2\/product\/1702","targetHints":{"allow":["GET"]}}],"collection":[{"href":"https:\/\/labuta.com\/de\/wp-json\/wp\/v2\/product"}],"about":[{"href":"https:\/\/labuta.com\/de\/wp-json\/wp\/v2\/types\/product"}],"replies":[{"embeddable":true,"href":"https:\/\/labuta.com\/de\/wp-json\/wp\/v2\/comments?post=1702"}],"wp:featuredmedia":[{"embeddable":true,"href":"https:\/\/labuta.com\/de\/wp-json\/wp\/v2\/media\/1154"}],"wp:attachment":[{"href":"https:\/\/labuta.com\/de\/wp-json\/wp\/v2\/media?parent=1702"}],"wp:term":[{"taxonomy":"product_brand","embeddable":true,"href":"https:\/\/labuta.com\/de\/wp-json\/wp\/v2\/product_brand?post=1702"},{"taxonomy":"product_cat","embeddable":true,"href":"https:\/\/labuta.com\/de\/wp-json\/wp\/v2\/product_cat?post=1702"},{"taxonomy":"product_tag","embeddable":true,"href":"https:\/\/labuta.com\/de\/wp-json\/wp\/v2\/product_tag?post=1702"}],"curies":[{"name":"wp","href":"https:\/\/api.w.org\/{rel}","templated":true}]}}