{"id":1756,"date":"2024-09-05T17:12:00","date_gmt":"2024-09-05T17:12:00","guid":{"rendered":"https:\/\/labuta.com\/loja\/unkategorisiert\/stiefel-mineira-sand\/"},"modified":"2025-11-21T18:06:11","modified_gmt":"2025-11-21T18:06:11","slug":"stiefel-mineira-sand","status":"publish","type":"product","link":"https:\/\/labuta.com\/de\/loja\/stiefel-mineira-sand\/","title":{"rendered":"Bergarbeiterin Stiefel Sand"},"content":{"rendered":"","protected":false},"excerpt":{"rendered":"<p>Die Stiefel der Bergarbeiter haben ihren Einfluss und vereinen Langlebigkeit mit Komfort, wodurch dieses Modell ebenso leicht zu tragen wie zu begeistern ist, sei es zu Jeans oder zu floralen Kleidern.<\/p>\n<p>Verwende einen Vintage-Stil.<\/p>\n<p>Einzelheiten zum Produkt :<\/p>\n<ul>\n<li>Goodyear-Welted-Konstruktion<\/li>\n<li>Nat\u00fcrliches Wildleder, das \u00f6limpr\u00e4gniert und manuell verbrannt wurde<\/li>\n<li>Ledersohle mit Vibram-Gummi<\/li>\n<li>Anti-Flecken-Lederfutter<\/li>\n<li>Doppelte Komfort-Einlegesohle mit ledergef\u00fcttertem Memory Foam<\/li>\n<li>Leder-Schn\u00fcrsenke<\/li>\n<\/ul>\n","protected":false},"featured_media":997,"comment_status":"open","ping_status":"closed","template":"","meta":[],"product_brand":[],"product_cat":[238],"product_tag":[245,242,250,244,246,247,243,265,267,240,266,248,272,268],"class_list":{"0":"post-1756","1":"product","2":"type-product","3":"status-publish","4":"has-post-thumbnail","6":"product_cat-frau","7":"product_tag-damenstiefel","8":"product_tag-genahte-stiefel","9":"product_tag-goodyear-rahmen","10":"product_tag-handgefertigte-stiefel-de","11":"product_tag-leder-stiefel","12":"product_tag-nachhaltige-stiefel","13":"product_tag-okologische-stiefel","14":"product_tag-portugal-de","15":"product_tag-schuhe","16":"product_tag-stiefel","17":"product_tag-vintage-de","18":"product_tag-vintage-stiefel","19":"product_tag-wildleder","20":"product_tag-wildleder-stiefel","21":"pa_tamanho-mulher-35-de","22":"pa_tamanho-mulher-36-de","23":"pa_tamanho-mulher-37-de","24":"pa_tamanho-mulher-38-de","25":"pa_tamanho-mulher-39-de","26":"pa_tamanho-mulher-40-de","27":"pa_tamanho-mulher-41-de","28":"pa_tamanho-mulher-42-de","30":"first","31":"onbackorder","32":"shipping-taxable","33":"purchasable","34":"product-type-variable"},"_links":{"self":[{"href":"https:\/\/labuta.com\/de\/wp-json\/wp\/v2\/product\/1756","targetHints":{"allow":["GET"]}}],"collection":[{"href":"https:\/\/labuta.com\/de\/wp-json\/wp\/v2\/product"}],"about":[{"href":"https:\/\/labuta.com\/de\/wp-json\/wp\/v2\/types\/product"}],"replies":[{"embeddable":true,"href":"https:\/\/labuta.com\/de\/wp-json\/wp\/v2\/comments?post=1756"}],"wp:featuredmedia":[{"embeddable":true,"href":"https:\/\/labuta.com\/de\/wp-json\/wp\/v2\/media\/997"}],"wp:attachment":[{"href":"https:\/\/labuta.com\/de\/wp-json\/wp\/v2\/media?parent=1756"}],"wp:term":[{"taxonomy":"product_brand","embeddable":true,"href":"https:\/\/labuta.com\/de\/wp-json\/wp\/v2\/product_brand?post=1756"},{"taxonomy":"product_cat","embeddable":true,"href":"https:\/\/labuta.com\/de\/wp-json\/wp\/v2\/product_cat?post=1756"},{"taxonomy":"product_tag","embeddable":true,"href":"https:\/\/labuta.com\/de\/wp-json\/wp\/v2\/product_tag?post=1756"}],"curies":[{"name":"wp","href":"https:\/\/api.w.org\/{rel}","templated":true}]}}