{"id":1783,"date":"2024-09-05T17:11:59","date_gmt":"2024-09-05T17:11:59","guid":{"rendered":"https:\/\/labuta.com\/loja\/unkategorisiert\/olive-explorer-stiefel\/"},"modified":"2025-11-21T18:06:06","modified_gmt":"2025-11-21T18:06:06","slug":"olive-explorer-stiefel","status":"publish","type":"product","link":"https:\/\/labuta.com\/de\/loja\/olive-explorer-stiefel\/","title":{"rendered":"Entdeckerin Stiefel Olive"},"content":{"rendered":"","protected":false},"excerpt":{"rendered":"<p>Es handelt sich um die Damenversion der Bergstiefel, die von Bergf\u00fchrern getragen werden, ohne deren Eigenschaften wie Robustheit, Langlebigkeit und Komfort zu verlieren, aber mit der M\u00f6glichkeit eines praktischen, allt\u00e4glichen Gebrauchs.<\/p>\n<p>Sie verwenden eine saisonale Form.<\/p>\n<p>Einzelheiten zum Produkt :<\/p>\n<ul>\n<li>Goodyear-Welted-Konstruktion<\/li>\n<li>Nat\u00fcrliches Wildleder, das \u00f6limpr\u00e4gniert und manuell verbrannt wurde<\/li>\n<li>Extrem widerstandsf\u00e4hige Vibram-Gummisohle<\/li>\n<li>Anti-Flecken-Lederfutter<\/li>\n<li>Doppelte Komfort-Einlegesohle mit ledergef\u00fcttertem Memory Foam<\/li>\n<li>Rote Baumwollschn\u00fcrsenkel<\/li>\n<\/ul>\n","protected":false},"featured_media":5467,"comment_status":"open","ping_status":"closed","template":"","meta":[],"product_brand":[],"product_cat":[238],"product_tag":[245,251,242,250,249,241,244,246,247,243,265,267,240,266,248,272,268],"class_list":{"0":"post-1783","1":"product","2":"type-product","3":"status-publish","4":"has-post-thumbnail","6":"product_cat-frau","7":"product_tag-damenstiefel","8":"product_tag-frauen","9":"product_tag-genahte-stiefel","10":"product_tag-goodyear-rahmen","11":"product_tag-handgefertigte-schuhe","12":"product_tag-handgefertigte-stiefel","13":"product_tag-handgefertigte-stiefel-de","14":"product_tag-leder-stiefel","15":"product_tag-nachhaltige-stiefel","16":"product_tag-okologische-stiefel","17":"product_tag-portugal-de","18":"product_tag-schuhe","19":"product_tag-stiefel","20":"product_tag-vintage-de","21":"product_tag-vintage-stiefel","22":"product_tag-wildleder","23":"product_tag-wildleder-stiefel","24":"pa_tamanho-mulher-35-de","25":"pa_tamanho-mulher-36-de","26":"pa_tamanho-mulher-37-de","27":"pa_tamanho-mulher-38-de","28":"pa_tamanho-mulher-39-de","29":"pa_tamanho-mulher-40-de","30":"pa_tamanho-mulher-41-de","31":"pa_tamanho-mulher-42-de","33":"first","34":"instock","35":"shipping-taxable","36":"purchasable","37":"product-type-variable"},"_links":{"self":[{"href":"https:\/\/labuta.com\/de\/wp-json\/wp\/v2\/product\/1783","targetHints":{"allow":["GET"]}}],"collection":[{"href":"https:\/\/labuta.com\/de\/wp-json\/wp\/v2\/product"}],"about":[{"href":"https:\/\/labuta.com\/de\/wp-json\/wp\/v2\/types\/product"}],"replies":[{"embeddable":true,"href":"https:\/\/labuta.com\/de\/wp-json\/wp\/v2\/comments?post=1783"}],"wp:featuredmedia":[{"embeddable":true,"href":"https:\/\/labuta.com\/de\/wp-json\/wp\/v2\/media\/5467"}],"wp:attachment":[{"href":"https:\/\/labuta.com\/de\/wp-json\/wp\/v2\/media?parent=1783"}],"wp:term":[{"taxonomy":"product_brand","embeddable":true,"href":"https:\/\/labuta.com\/de\/wp-json\/wp\/v2\/product_brand?post=1783"},{"taxonomy":"product_cat","embeddable":true,"href":"https:\/\/labuta.com\/de\/wp-json\/wp\/v2\/product_cat?post=1783"},{"taxonomy":"product_tag","embeddable":true,"href":"https:\/\/labuta.com\/de\/wp-json\/wp\/v2\/product_tag?post=1783"}],"curies":[{"name":"wp","href":"https:\/\/api.w.org\/{rel}","templated":true}]}}