{"id":1882,"date":"2024-01-06T09:53:54","date_gmt":"2024-01-06T09:53:54","guid":{"rendered":"https:\/\/labuta.com\/loja\/unkategorisiert\/brandy-wallet-stiefel\/"},"modified":"2025-11-21T18:06:08","modified_gmt":"2025-11-21T18:06:08","slug":"brandy-wallet-stiefel","status":"publish","type":"product","link":"https:\/\/labuta.com\/de\/loja\/brandy-wallet-stiefel\/","title":{"rendered":"Brieftr\u00e4gerin Stiefel Brandy"},"content":{"rendered":"","protected":false},"excerpt":{"rendered":"<p>Dies ist unsere Art, alle Frauen zu ehren, die diesen Beruf ergriffen haben, der fr\u00fcher ausschlie\u00dflich M\u00e4nnern vorbehalten war, und zu zeigen, dass man bequem sein kann, ohne seine Eleganz zu verlieren.<br \/>\nEr verwendet eine klassische Form.<\/p>\n<p>Einzelheiten zum Produkt:<\/p>\n<ul>\n<li>Goodyear-Rahmenkonstruktion<\/li>\n<li>Pflanzlich gegerbtes Leder<\/li>\n<li>Rubber sole that vibrates with the air inside<\/li>\n<li>Fleckenabweisendes Lederfutter<\/li>\n<li>Ledergef\u00fctterte doppelte Memory-Foam-Einlegesohle<\/li>\n<li>Leder-Schn\u00fcrsenke<\/li>\n<\/ul>\n","protected":false},"featured_media":539,"comment_status":"open","ping_status":"closed","template":"","meta":[],"product_brand":[],"product_cat":[238],"product_tag":[245,242,249,241,244,283,246,247,243,265,240,266,248],"class_list":{"0":"post-1882","1":"product","2":"type-product","3":"status-publish","4":"has-post-thumbnail","6":"product_cat-frau","7":"product_tag-damenstiefel","8":"product_tag-genahte-stiefel","9":"product_tag-handgefertigte-schuhe","10":"product_tag-handgefertigte-stiefel","11":"product_tag-handgefertigte-stiefel-de","12":"product_tag-leder","13":"product_tag-leder-stiefel","14":"product_tag-nachhaltige-stiefel","15":"product_tag-okologische-stiefel","16":"product_tag-portugal-de","17":"product_tag-stiefel","18":"product_tag-vintage-de","19":"product_tag-vintage-stiefel","20":"pa_tamanho-mulher-35-de","21":"pa_tamanho-mulher-36-de","22":"pa_tamanho-mulher-37-de","23":"pa_tamanho-mulher-38-de","24":"pa_tamanho-mulher-39-de","25":"pa_tamanho-mulher-40-de","26":"pa_tamanho-mulher-41-de","27":"pa_tamanho-mulher-42-de","29":"first","30":"instock","31":"shipping-taxable","32":"purchasable","33":"product-type-variable"},"_links":{"self":[{"href":"https:\/\/labuta.com\/de\/wp-json\/wp\/v2\/product\/1882","targetHints":{"allow":["GET"]}}],"collection":[{"href":"https:\/\/labuta.com\/de\/wp-json\/wp\/v2\/product"}],"about":[{"href":"https:\/\/labuta.com\/de\/wp-json\/wp\/v2\/types\/product"}],"replies":[{"embeddable":true,"href":"https:\/\/labuta.com\/de\/wp-json\/wp\/v2\/comments?post=1882"}],"wp:featuredmedia":[{"embeddable":true,"href":"https:\/\/labuta.com\/de\/wp-json\/wp\/v2\/media\/539"}],"wp:attachment":[{"href":"https:\/\/labuta.com\/de\/wp-json\/wp\/v2\/media?parent=1882"}],"wp:term":[{"taxonomy":"product_brand","embeddable":true,"href":"https:\/\/labuta.com\/de\/wp-json\/wp\/v2\/product_brand?post=1882"},{"taxonomy":"product_cat","embeddable":true,"href":"https:\/\/labuta.com\/de\/wp-json\/wp\/v2\/product_cat?post=1882"},{"taxonomy":"product_tag","embeddable":true,"href":"https:\/\/labuta.com\/de\/wp-json\/wp\/v2\/product_tag?post=1882"}],"curies":[{"name":"wp","href":"https:\/\/api.w.org\/{rel}","templated":true}]}}