{"id":1908,"date":"2024-09-05T17:08:33","date_gmt":"2024-09-05T17:08:33","guid":{"rendered":"https:\/\/labuta.com\/loja\/unkategorisiert\/natuerliche-militaertasche\/"},"modified":"2025-10-09T14:29:01","modified_gmt":"2025-10-09T14:29:01","slug":"natuerliche-militaertasche","status":"publish","type":"product","link":"https:\/\/labuta.com\/de\/loja\/natuerliche-militaertasche\/","title":{"rendered":"Milit\u00e4r Tasche Canvas Natural"},"content":{"rendered":"","protected":false},"excerpt":{"rendered":"<p>In der Taschenausf\u00fchrung ist sie der ideale Begleiter f\u00fcr einen Wochenendausflug. Hergestellt aus Milit\u00e4rplane der portugiesischen Armee und gealtertem Leder, vereint sie Robustheit, Authentizit\u00e4t und Stil in einem Accessoire, das f\u00fcr die Ewigkeit gemacht ist. Ein zeitloser Klassiker aus der Labuta-Familie<\/p>\n<p>Einzelheiten zum Produkt :<\/p>\n<ul>\n<li>Manuelle Konstruktion<\/li>\n<li>Naturleder mit Vintage-Behandlung<\/li>\n<li>Portugiesische Armee Leinwand<\/li>\n<li>Nickel-Schl\u00f6sser<\/li>\n<li>Abnehmbare Riemen<\/li>\n<\/ul>\n<p>Die Abmessungen entsprechen ungef\u00e4hren Werten:<\/p>\n<ul>\n<li>H\u00f6he: 40 cm<\/li>\n<li>Breite: 34 cm<\/li>\n<li>Tiefe: 15 cm<\/li>\n<\/ul>\n","protected":false},"featured_media":892,"comment_status":"open","ping_status":"closed","template":"","meta":[],"product_brand":[],"product_cat":[309],"product_tag":[312,327,332,283,310,313,314,316,329,266,311],"class_list":{"0":"post-1908","1":"product","2":"type-product","3":"status-publish","4":"has-post-thumbnail","6":"product_cat-zubehoer","7":"product_tag-handgefertigte-accessoires","8":"product_tag-handgefertigte-accessoires-de","9":"product_tag-koffer","10":"product_tag-leder","11":"product_tag-modische-accessoires","12":"product_tag-nachhaltige-accessoires","13":"product_tag-nachhaltige-mode-accessoires","14":"product_tag-nachhaltige-rucksacke","15":"product_tag-reisetaschen","16":"product_tag-vintage-de","17":"product_tag-accessoires-de","19":"first","20":"onbackorder","21":"shipping-taxable","22":"purchasable","23":"product-type-simple"},"_links":{"self":[{"href":"https:\/\/labuta.com\/de\/wp-json\/wp\/v2\/product\/1908","targetHints":{"allow":["GET"]}}],"collection":[{"href":"https:\/\/labuta.com\/de\/wp-json\/wp\/v2\/product"}],"about":[{"href":"https:\/\/labuta.com\/de\/wp-json\/wp\/v2\/types\/product"}],"replies":[{"embeddable":true,"href":"https:\/\/labuta.com\/de\/wp-json\/wp\/v2\/comments?post=1908"}],"wp:featuredmedia":[{"embeddable":true,"href":"https:\/\/labuta.com\/de\/wp-json\/wp\/v2\/media\/892"}],"wp:attachment":[{"href":"https:\/\/labuta.com\/de\/wp-json\/wp\/v2\/media?parent=1908"}],"wp:term":[{"taxonomy":"product_brand","embeddable":true,"href":"https:\/\/labuta.com\/de\/wp-json\/wp\/v2\/product_brand?post=1908"},{"taxonomy":"product_cat","embeddable":true,"href":"https:\/\/labuta.com\/de\/wp-json\/wp\/v2\/product_cat?post=1908"},{"taxonomy":"product_tag","embeddable":true,"href":"https:\/\/labuta.com\/de\/wp-json\/wp\/v2\/product_tag?post=1908"}],"curies":[{"name":"wp","href":"https:\/\/api.w.org\/{rel}","templated":true}]}}