{"id":1916,"date":"2024-01-06T09:53:50","date_gmt":"2024-01-06T09:53:50","guid":{"rendered":"https:\/\/labuta.com\/loja\/unkategorisiert\/lederbeutel-harzsammler-black\/"},"modified":"2025-10-09T14:12:52","modified_gmt":"2025-10-09T14:12:52","slug":"lederbeutel-harzsammler-black","status":"publish","type":"product","link":"https:\/\/labuta.com\/de\/loja\/lederbeutel-harzsammler-black\/","title":{"rendered":"Harzer Tasche Black"},"content":{"rendered":"","protected":false},"excerpt":{"rendered":"<p>Ein unverzichtbares Werkzeug f\u00fcr Arbeiter, die das Anzapfen von Kiefern durchf\u00fchrten. Diese Tasche ist sicherlich eine der am meisten gesch\u00e4tzten Reproduktionen aufgrund ihrer Originalit\u00e4t und ihrer vielseitigen Verwendungsm\u00f6glichkeiten; sie kann als Schultertasche, Umh\u00e4ngetasche oder auch als Rucksack genutzt werden.<\/p>\n<p>Einzelheiten zum Produkt :<\/p>\n<ul>\n<li>Manuelle Konstruktion<\/li>\n<li>Naturleder mit pflanzlicher Gerbung<\/li>\n<li>Innentaschen<\/li>\n<li>Nickel-Schl\u00f6sser<\/li>\n<li>Abnehmbarer Griff mit Mehrfachnutzen<\/li>\n<\/ul>\n<p>Die Abmessungen entsprechen ungef\u00e4hren Werten:<\/p>\n<ul>\n<li>H\u00f6he: 40 cm<\/li>\n<li>Breite: 40 cm<\/li>\n<li>Tiefe: 8 cm<\/li>\n<\/ul>\n","protected":false},"featured_media":235,"comment_status":"open","ping_status":"closed","template":"","meta":[],"product_brand":[],"product_cat":[309],"product_tag":[327,312,332,239,310,313,314,328,315,265,266,311],"class_list":{"0":"post-1916","1":"product","2":"type-product","3":"status-publish","4":"has-post-thumbnail","6":"product_cat-zubehoer","7":"product_tag-handgefertigte-accessoires-de","8":"product_tag-handgefertigte-accessoires","9":"product_tag-koffer","10":"product_tag-mode-de","11":"product_tag-modische-accessoires","12":"product_tag-nachhaltige-accessoires","13":"product_tag-nachhaltige-mode-accessoires","14":"product_tag-nachhaltige-reisekoffer","15":"product_tag-pflanzliches-leder","16":"product_tag-portugal-de","17":"product_tag-vintage-de","18":"product_tag-accessoires-de","20":"first","21":"onbackorder","22":"shipping-taxable","23":"purchasable","24":"product-type-simple"},"_links":{"self":[{"href":"https:\/\/labuta.com\/de\/wp-json\/wp\/v2\/product\/1916","targetHints":{"allow":["GET"]}}],"collection":[{"href":"https:\/\/labuta.com\/de\/wp-json\/wp\/v2\/product"}],"about":[{"href":"https:\/\/labuta.com\/de\/wp-json\/wp\/v2\/types\/product"}],"replies":[{"embeddable":true,"href":"https:\/\/labuta.com\/de\/wp-json\/wp\/v2\/comments?post=1916"}],"wp:featuredmedia":[{"embeddable":true,"href":"https:\/\/labuta.com\/de\/wp-json\/wp\/v2\/media\/235"}],"wp:attachment":[{"href":"https:\/\/labuta.com\/de\/wp-json\/wp\/v2\/media?parent=1916"}],"wp:term":[{"taxonomy":"product_brand","embeddable":true,"href":"https:\/\/labuta.com\/de\/wp-json\/wp\/v2\/product_brand?post=1916"},{"taxonomy":"product_cat","embeddable":true,"href":"https:\/\/labuta.com\/de\/wp-json\/wp\/v2\/product_cat?post=1916"},{"taxonomy":"product_tag","embeddable":true,"href":"https:\/\/labuta.com\/de\/wp-json\/wp\/v2\/product_tag?post=1916"}],"curies":[{"name":"wp","href":"https:\/\/api.w.org\/{rel}","templated":true}]}}