{"id":1957,"date":"2024-03-25T17:25:25","date_gmt":"2024-03-25T17:25:25","guid":{"rendered":"https:\/\/labuta.com\/loja\/unkategorisiert\/militaerstiefel-black\/"},"modified":"2025-11-21T18:06:06","modified_gmt":"2025-11-21T18:06:06","slug":"militaerstiefel-black","status":"publish","type":"product","link":"https:\/\/labuta.com\/de\/loja\/militaerstiefel-black\/","title":{"rendered":"Milit\u00e4rstiefel Black"},"content":{"rendered":"<p>&nbsp;<\/p>\n<p>&nbsp;<\/p>\n","protected":false},"excerpt":{"rendered":"<p>Inspiriert von den Anforderungen des Milit\u00e4rs und mit Goodyear-Weltted-Konstruktion, damit sie bei Bedarf neu besohlt werden kann, verf\u00fcgt dieses Modell \u00fcber eine Vibram-Gummisohle mit hoher Traktion, die rundum mit einem integrierten Schraubensystem vern\u00e4ht ist, um eine unvergleichliche Robustheit und Sicherheit zu gew\u00e4hrleisten.<\/p>\n<p>Einzelheiten zum Produkt :<\/p>\n<ul>\n<li>Goodyear-Welted-Konstruktion<\/li>\n<li>Hochresistentes Naturleder <\/li>\n<li>Traktionsstarke Vibram-Gummisohle<\/li>\n<li>Anti-Flecken-Lederfutter<\/li>\n<li>Doppelte Komfort-Einlegesohle mit ledergef\u00fcttertem Memory Foam<\/li>\n<li>Schn\u00fcrsenkel aus gewachstem Baumwollband<\/li>\n<\/ul>\n<p>&nbsp;<\/p>\n","protected":false},"featured_media":1448,"comment_status":"open","ping_status":"closed","template":"","meta":[],"product_brand":[],"product_cat":[381],"product_tag":[242,250,249,244,382,246,383,247,243,265,267,240,266,248],"class_list":{"0":"post-1957","1":"product","2":"type-product","3":"status-publish","4":"has-post-thumbnail","6":"product_cat-mann","7":"product_tag-genahte-stiefel","8":"product_tag-goodyear-rahmen","9":"product_tag-handgefertigte-schuhe","10":"product_tag-handgefertigte-stiefel-de","11":"product_tag-herrenstiefel","12":"product_tag-leder-stiefel","13":"product_tag-militarstiefel","14":"product_tag-nachhaltige-stiefel","15":"product_tag-okologische-stiefel","16":"product_tag-portugal-de","17":"product_tag-schuhe","18":"product_tag-stiefel","19":"product_tag-vintage-de","20":"product_tag-vintage-stiefel","22":"first","23":"instock","24":"shipping-taxable","25":"purchasable","26":"product-type-variable"},"_links":{"self":[{"href":"https:\/\/labuta.com\/de\/wp-json\/wp\/v2\/product\/1957","targetHints":{"allow":["GET"]}}],"collection":[{"href":"https:\/\/labuta.com\/de\/wp-json\/wp\/v2\/product"}],"about":[{"href":"https:\/\/labuta.com\/de\/wp-json\/wp\/v2\/types\/product"}],"replies":[{"embeddable":true,"href":"https:\/\/labuta.com\/de\/wp-json\/wp\/v2\/comments?post=1957"}],"wp:featuredmedia":[{"embeddable":true,"href":"https:\/\/labuta.com\/de\/wp-json\/wp\/v2\/media\/1448"}],"wp:attachment":[{"href":"https:\/\/labuta.com\/de\/wp-json\/wp\/v2\/media?parent=1957"}],"wp:term":[{"taxonomy":"product_brand","embeddable":true,"href":"https:\/\/labuta.com\/de\/wp-json\/wp\/v2\/product_brand?post=1957"},{"taxonomy":"product_cat","embeddable":true,"href":"https:\/\/labuta.com\/de\/wp-json\/wp\/v2\/product_cat?post=1957"},{"taxonomy":"product_tag","embeddable":true,"href":"https:\/\/labuta.com\/de\/wp-json\/wp\/v2\/product_tag?post=1957"}],"curies":[{"name":"wp","href":"https:\/\/api.w.org\/{rel}","templated":true}]}}