{"id":2020,"date":"2024-01-06T09:53:54","date_gmt":"2024-01-06T09:53:54","guid":{"rendered":"https:\/\/labuta.com\/loja\/unkategorisiert\/camel-explorer-stiefel-2\/"},"modified":"2025-11-21T18:06:10","modified_gmt":"2025-11-21T18:06:10","slug":"camel-explorer-stiefel-2","status":"publish","type":"product","link":"https:\/\/labuta.com\/de\/loja\/camel-explorer-stiefel-2\/","title":{"rendered":"Entdecker Stiefel Camel"},"content":{"rendered":"","protected":false},"excerpt":{"rendered":"<p>Getragen von Guides, die Gruppen durch die Berge f\u00fchrten und leiteten, waren sie in der Lage, die Auswirkungen des Wetters zu verstehen und vorherzusagen, Gefahren zu bewerten und die Sicherheit aller zu gew\u00e4hrleisten.<\/p>\n<p>Sie verwenden eine saisonale Form.<\/p>\n<p>Einzelheiten zum Produkt :<\/p>\n<ul>\n<li>Goodyear-Welted-Konstruktion<\/li>\n<li>Nat\u00fcrliches Wildleder, das \u00f6limpr\u00e4gniert und manuell verbrannt wurde<\/li>\n<li>Extrem widerstandsf\u00e4hige Vibram-Gummisohle<\/li>\n<li>Anti-Flecken-Lederfutter<\/li>\n<li>Doppelte Komfort-Einlegesohle mit ledergef\u00fcttertem Memory Foam<\/li>\n<li>Rote Baumwollschn\u00fcrsenkel<\/li>\n<\/ul>\n","protected":false},"featured_media":694,"comment_status":"open","ping_status":"closed","template":"","meta":[],"product_brand":[],"product_cat":[381],"product_tag":[242,250,249,244,382,246,247,243,265,267,240,266,248,268],"class_list":{"0":"post-2020","1":"product","2":"type-product","3":"status-publish","4":"has-post-thumbnail","6":"product_cat-mann","7":"product_tag-genahte-stiefel","8":"product_tag-goodyear-rahmen","9":"product_tag-handgefertigte-schuhe","10":"product_tag-handgefertigte-stiefel-de","11":"product_tag-herrenstiefel","12":"product_tag-leder-stiefel","13":"product_tag-nachhaltige-stiefel","14":"product_tag-okologische-stiefel","15":"product_tag-portugal-de","16":"product_tag-schuhe","17":"product_tag-stiefel","18":"product_tag-vintage-de","19":"product_tag-vintage-stiefel","20":"product_tag-wildleder-stiefel","22":"first","23":"instock","24":"shipping-taxable","25":"purchasable","26":"product-type-variable"},"_links":{"self":[{"href":"https:\/\/labuta.com\/de\/wp-json\/wp\/v2\/product\/2020","targetHints":{"allow":["GET"]}}],"collection":[{"href":"https:\/\/labuta.com\/de\/wp-json\/wp\/v2\/product"}],"about":[{"href":"https:\/\/labuta.com\/de\/wp-json\/wp\/v2\/types\/product"}],"replies":[{"embeddable":true,"href":"https:\/\/labuta.com\/de\/wp-json\/wp\/v2\/comments?post=2020"}],"wp:featuredmedia":[{"embeddable":true,"href":"https:\/\/labuta.com\/de\/wp-json\/wp\/v2\/media\/694"}],"wp:attachment":[{"href":"https:\/\/labuta.com\/de\/wp-json\/wp\/v2\/media?parent=2020"}],"wp:term":[{"taxonomy":"product_brand","embeddable":true,"href":"https:\/\/labuta.com\/de\/wp-json\/wp\/v2\/product_brand?post=2020"},{"taxonomy":"product_cat","embeddable":true,"href":"https:\/\/labuta.com\/de\/wp-json\/wp\/v2\/product_cat?post=2020"},{"taxonomy":"product_tag","embeddable":true,"href":"https:\/\/labuta.com\/de\/wp-json\/wp\/v2\/product_tag?post=2020"}],"curies":[{"name":"wp","href":"https:\/\/api.w.org\/{rel}","templated":true}]}}