{"id":2038,"date":"2024-01-06T09:53:54","date_gmt":"2024-01-06T09:53:54","guid":{"rendered":"https:\/\/labuta.com\/loja\/unkategorisiert\/kamel-bergmannsstiefel\/"},"modified":"2025-11-21T18:06:05","modified_gmt":"2025-11-21T18:06:05","slug":"kamel-bergmannsstiefel","status":"publish","type":"product","link":"https:\/\/labuta.com\/de\/loja\/kamel-bergmannsstiefel\/","title":{"rendered":"Bergmann Stiefel Camel"},"content":{"rendered":"","protected":false},"excerpt":{"rendered":"<p>Da es bis heute einer der h\u00e4rtesten und anstrengendsten Berufe ist, w\u00fcrdigen wir alle Bergleute mit der Nachbildung eines Modells, das eine aktuelle Kopie der urspr\u00fcnglichen Stiefel ist, die fr\u00fcher von diesen Arbeitern getragen wurden.<\/p>\n<p>Verwendet eine Vintage-Form<\/p>\n<p>Produktdetails:<\/p>\n<ul>\n<li>Goodyear-Welted-Konstruktion<\/li>\n<li>Naturwildleder, mit \u00d6l impr\u00e4gniert und von Hand gebrannt<\/li>\n<li>Ledersohle mit Vibram-Gummi<\/li>\n<li>Futter aus nicht f\u00e4rbendem Leder<\/li>\n<li>Doppelte Komfort-Einlegesohle mit Memory-Funktion, mit Leder gef\u00fcttert<\/li>\n<li>Schn\u00fcrsenkel aus Leder<\/li>\n<\/ul>\n","protected":false},"featured_media":580,"comment_status":"open","ping_status":"closed","template":"","meta":[],"product_brand":[],"product_cat":[381],"product_tag":[317,242,250,249,244,382,247,243,265,267,240,266,248,268],"class_list":{"0":"post-2038","1":"product","2":"type-product","3":"status-publish","4":"has-post-thumbnail","6":"product_cat-mann","7":"product_tag-fur-manner","8":"product_tag-genahte-stiefel","9":"product_tag-goodyear-rahmen","10":"product_tag-handgefertigte-schuhe","11":"product_tag-handgefertigte-stiefel-de","12":"product_tag-herrenstiefel","13":"product_tag-nachhaltige-stiefel","14":"product_tag-okologische-stiefel","15":"product_tag-portugal-de","16":"product_tag-schuhe","17":"product_tag-stiefel","18":"product_tag-vintage-de","19":"product_tag-vintage-stiefel","20":"product_tag-wildleder-stiefel","22":"first","23":"instock","24":"shipping-taxable","25":"purchasable","26":"product-type-variable"},"_links":{"self":[{"href":"https:\/\/labuta.com\/de\/wp-json\/wp\/v2\/product\/2038","targetHints":{"allow":["GET"]}}],"collection":[{"href":"https:\/\/labuta.com\/de\/wp-json\/wp\/v2\/product"}],"about":[{"href":"https:\/\/labuta.com\/de\/wp-json\/wp\/v2\/types\/product"}],"replies":[{"embeddable":true,"href":"https:\/\/labuta.com\/de\/wp-json\/wp\/v2\/comments?post=2038"}],"wp:featuredmedia":[{"embeddable":true,"href":"https:\/\/labuta.com\/de\/wp-json\/wp\/v2\/media\/580"}],"wp:attachment":[{"href":"https:\/\/labuta.com\/de\/wp-json\/wp\/v2\/media?parent=2038"}],"wp:term":[{"taxonomy":"product_brand","embeddable":true,"href":"https:\/\/labuta.com\/de\/wp-json\/wp\/v2\/product_brand?post=2038"},{"taxonomy":"product_cat","embeddable":true,"href":"https:\/\/labuta.com\/de\/wp-json\/wp\/v2\/product_cat?post=2038"},{"taxonomy":"product_tag","embeddable":true,"href":"https:\/\/labuta.com\/de\/wp-json\/wp\/v2\/product_tag?post=2038"}],"curies":[{"name":"wp","href":"https:\/\/api.w.org\/{rel}","templated":true}]}}