{"id":2092,"date":"2024-01-06T09:53:54","date_gmt":"2024-01-06T09:53:54","guid":{"rendered":"https:\/\/labuta.com\/loja\/unkategorisiert\/postbotenstiefel-in-brandy\/"},"modified":"2025-11-21T18:06:08","modified_gmt":"2025-11-21T18:06:08","slug":"postbotenstiefel-in-brandy","status":"publish","type":"product","link":"https:\/\/labuta.com\/de\/loja\/postbotenstiefel-in-brandy\/","title":{"rendered":"Brieftr\u00e4ger Stiefel Brandy"},"content":{"rendered":"<p>&nbsp;<\/p>\n<p>&nbsp;<\/p>\n","protected":false},"excerpt":{"rendered":"<p>Da sie einst unz\u00e4hlige handgeschriebene Liebesbriefe und Sehns\u00fcchte transportierten, ben\u00f6tigten diese Fachleute bequeme Schuhe, um die Post zu bef\u00f6rdern.<\/p>\n<p>Dieses klassische Modell basiert auf einem Entwurf aus dem Jahr 1969.<\/p>\n<p>Einzelheiten zum Produkt:<\/p>\n<ul>\n<li>Goodyear-Welted-Konstruktion<\/li>\n<li>Pflanzlich gegerbtes Leder<\/li>\n<li>Rubber sole that vibrates with the air inside<\/li>\n<li>Anti-Flecken-Lederfutter<\/li>\n<li>Doppelte Komfort-Einlegesohle mit ledergef\u00fcttertem Memory Foam<\/li>\n<li>Leder-Schn\u00fcrsenke<\/li>\n<\/ul>\n","protected":false},"featured_media":497,"comment_status":"open","ping_status":"closed","template":"","meta":[],"product_brand":[],"product_cat":[381],"product_tag":[317,242,250,249,244,382,246,247,243,315,267,240,266,248],"class_list":{"0":"post-2092","1":"product","2":"type-product","3":"status-publish","4":"has-post-thumbnail","6":"product_cat-mann","7":"product_tag-fur-manner","8":"product_tag-genahte-stiefel","9":"product_tag-goodyear-rahmen","10":"product_tag-handgefertigte-schuhe","11":"product_tag-handgefertigte-stiefel-de","12":"product_tag-herrenstiefel","13":"product_tag-leder-stiefel","14":"product_tag-nachhaltige-stiefel","15":"product_tag-okologische-stiefel","16":"product_tag-pflanzliches-leder","17":"product_tag-schuhe","18":"product_tag-stiefel","19":"product_tag-vintage-de","20":"product_tag-vintage-stiefel","22":"first","23":"instock","24":"shipping-taxable","25":"purchasable","26":"product-type-variable"},"_links":{"self":[{"href":"https:\/\/labuta.com\/de\/wp-json\/wp\/v2\/product\/2092","targetHints":{"allow":["GET"]}}],"collection":[{"href":"https:\/\/labuta.com\/de\/wp-json\/wp\/v2\/product"}],"about":[{"href":"https:\/\/labuta.com\/de\/wp-json\/wp\/v2\/types\/product"}],"replies":[{"embeddable":true,"href":"https:\/\/labuta.com\/de\/wp-json\/wp\/v2\/comments?post=2092"}],"wp:featuredmedia":[{"embeddable":true,"href":"https:\/\/labuta.com\/de\/wp-json\/wp\/v2\/media\/497"}],"wp:attachment":[{"href":"https:\/\/labuta.com\/de\/wp-json\/wp\/v2\/media?parent=2092"}],"wp:term":[{"taxonomy":"product_brand","embeddable":true,"href":"https:\/\/labuta.com\/de\/wp-json\/wp\/v2\/product_brand?post=2092"},{"taxonomy":"product_cat","embeddable":true,"href":"https:\/\/labuta.com\/de\/wp-json\/wp\/v2\/product_cat?post=2092"},{"taxonomy":"product_tag","embeddable":true,"href":"https:\/\/labuta.com\/de\/wp-json\/wp\/v2\/product_tag?post=2092"}],"curies":[{"name":"wp","href":"https:\/\/api.w.org\/{rel}","templated":true}]}}