{"id":2119,"date":"2024-03-25T17:25:22","date_gmt":"2024-03-25T17:25:22","guid":{"rendered":"https:\/\/labuta.com\/loja\/unkategorisiert\/lenhador-ziegelstein-stiefel\/"},"modified":"2025-11-21T18:06:07","modified_gmt":"2025-11-21T18:06:07","slug":"lenhador-ziegelstein-stiefel","status":"publish","type":"product","link":"https:\/\/labuta.com\/de\/loja\/lenhador-ziegelstein-stiefel\/","title":{"rendered":"Holzf\u00e4ller Stiefel Brick"},"content":{"rendered":"<p>&nbsp;<\/p>\n<p>&nbsp;<\/p>\n","protected":false},"excerpt":{"rendered":"<p>Es ist der Begriff, der vor 1945 den Arbeitern der Holzindustrie gegeben wurde, die mit ihren Handwerkzeugen f\u00fcr das F\u00e4llen und Transportieren von B\u00e4umen zur Verarbeitung in abgeleitete Produkte verantwortlich waren.<\/p>\n<p>Produktdetails:<\/p>\n<ul>\n<li>Goodyear-Welted-Konstruktion<\/li>\n<li>Hochrobuste nat\u00fcrliche Leder<\/li>\n<li>Vibram Gummi-Luftsohle<\/li>\n<li>Anti-Stretch-Futter<\/li>\n<li>Doppelte Komfort-Einlegesohle mit ledergef\u00fcttertem Memory Foam<\/li>\n<li>Leder-Schn\u00fcrsenke<\/li>\n<\/ul>\n","protected":false},"featured_media":1079,"comment_status":"open","ping_status":"closed","template":"","meta":[],"product_brand":[],"product_cat":[381],"product_tag":[242,250,249,244,382,246,247,243,265,267,240,266,248,268],"class_list":{"0":"post-2119","1":"product","2":"type-product","3":"status-publish","4":"has-post-thumbnail","6":"product_cat-mann","7":"product_tag-genahte-stiefel","8":"product_tag-goodyear-rahmen","9":"product_tag-handgefertigte-schuhe","10":"product_tag-handgefertigte-stiefel-de","11":"product_tag-herrenstiefel","12":"product_tag-leder-stiefel","13":"product_tag-nachhaltige-stiefel","14":"product_tag-okologische-stiefel","15":"product_tag-portugal-de","16":"product_tag-schuhe","17":"product_tag-stiefel","18":"product_tag-vintage-de","19":"product_tag-vintage-stiefel","20":"product_tag-wildleder-stiefel","22":"first","23":"onbackorder","24":"shipping-taxable","25":"purchasable","26":"product-type-variable"},"_links":{"self":[{"href":"https:\/\/labuta.com\/de\/wp-json\/wp\/v2\/product\/2119","targetHints":{"allow":["GET"]}}],"collection":[{"href":"https:\/\/labuta.com\/de\/wp-json\/wp\/v2\/product"}],"about":[{"href":"https:\/\/labuta.com\/de\/wp-json\/wp\/v2\/types\/product"}],"replies":[{"embeddable":true,"href":"https:\/\/labuta.com\/de\/wp-json\/wp\/v2\/comments?post=2119"}],"wp:featuredmedia":[{"embeddable":true,"href":"https:\/\/labuta.com\/de\/wp-json\/wp\/v2\/media\/1079"}],"wp:attachment":[{"href":"https:\/\/labuta.com\/de\/wp-json\/wp\/v2\/media?parent=2119"}],"wp:term":[{"taxonomy":"product_brand","embeddable":true,"href":"https:\/\/labuta.com\/de\/wp-json\/wp\/v2\/product_brand?post=2119"},{"taxonomy":"product_cat","embeddable":true,"href":"https:\/\/labuta.com\/de\/wp-json\/wp\/v2\/product_cat?post=2119"},{"taxonomy":"product_tag","embeddable":true,"href":"https:\/\/labuta.com\/de\/wp-json\/wp\/v2\/product_tag?post=2119"}],"curies":[{"name":"wp","href":"https:\/\/api.w.org\/{rel}","templated":true}]}}