{"id":4576,"date":"2025-10-23T15:01:29","date_gmt":"2025-10-23T15:01:29","guid":{"rendered":"https:\/\/labuta.com\/loja\/bergmann-stiefel-sand\/"},"modified":"2025-11-21T18:06:10","modified_gmt":"2025-11-21T18:06:10","slug":"bergmann-stiefel-sand","status":"publish","type":"product","link":"https:\/\/labuta.com\/de\/loja\/bergmann-stiefel-sand\/","title":{"rendered":"Bergmann Stiefel Sand"},"content":{"rendered":"","protected":false},"excerpt":{"rendered":"<p>Da es sich um einen der h\u00e4rtesten und strapazi\u00f6sesten Berufe handelt, der bis heute ausge\u00fcbt wird, haben wir als Hommage an alle Bergleute ein Modell entworfen, das eine aktuelle Kopie der Originalstiefel ist, die von diesen Arbeitern in der Vergangenheit getragen wurden.<\/p>\n<p>Verwendet eine Vintage-Form<\/p>\n<p>Einzelheiten zum Produkt :<\/p>\n<ul>\n<li>Goodyear-Welted-Konstruktion<\/li>\n<li>Nat\u00fcrliches Wildleder, das \u00f6limpr\u00e4gniert und manuell verbrannt wurde<\/li>\n<li>Ledersohle mit Vibram-Gummi<\/li>\n<li>Anti-Flecken-Lederfutter<\/li>\n<li>Doppelte Komfort-Einlegesohle mit ledergef\u00fcttertem Memory Foam<\/li>\n<li>Leder-Schn\u00fcrsenke<\/li>\n<\/ul>\n","protected":false},"featured_media":997,"comment_status":"open","ping_status":"closed","template":"","meta":[],"product_brand":[],"product_cat":[381],"product_tag":[242,250,241,382,243,265,240,268],"class_list":{"0":"post-4576","1":"product","2":"type-product","3":"status-publish","4":"has-post-thumbnail","6":"product_cat-mann","7":"product_tag-genahte-stiefel","8":"product_tag-goodyear-rahmen","9":"product_tag-handgefertigte-stiefel","10":"product_tag-herrenstiefel","11":"product_tag-okologische-stiefel","12":"product_tag-portugal-de","13":"product_tag-stiefel","14":"product_tag-wildleder-stiefel","16":"first","17":"onbackorder","18":"shipping-taxable","19":"purchasable","20":"product-type-variable"},"_links":{"self":[{"href":"https:\/\/labuta.com\/de\/wp-json\/wp\/v2\/product\/4576","targetHints":{"allow":["GET"]}}],"collection":[{"href":"https:\/\/labuta.com\/de\/wp-json\/wp\/v2\/product"}],"about":[{"href":"https:\/\/labuta.com\/de\/wp-json\/wp\/v2\/types\/product"}],"replies":[{"embeddable":true,"href":"https:\/\/labuta.com\/de\/wp-json\/wp\/v2\/comments?post=4576"}],"wp:featuredmedia":[{"embeddable":true,"href":"https:\/\/labuta.com\/de\/wp-json\/wp\/v2\/media\/997"}],"wp:attachment":[{"href":"https:\/\/labuta.com\/de\/wp-json\/wp\/v2\/media?parent=4576"}],"wp:term":[{"taxonomy":"product_brand","embeddable":true,"href":"https:\/\/labuta.com\/de\/wp-json\/wp\/v2\/product_brand?post=4576"},{"taxonomy":"product_cat","embeddable":true,"href":"https:\/\/labuta.com\/de\/wp-json\/wp\/v2\/product_cat?post=4576"},{"taxonomy":"product_tag","embeddable":true,"href":"https:\/\/labuta.com\/de\/wp-json\/wp\/v2\/product_tag?post=4576"}],"curies":[{"name":"wp","href":"https:\/\/api.w.org\/{rel}","templated":true}]}}