{"id":5076,"date":"2025-12-10T13:17:27","date_gmt":"2025-12-10T13:17:27","guid":{"rendered":"https:\/\/labuta.com\/?post_type=product&#038;p=5076"},"modified":"2025-12-10T13:17:27","modified_gmt":"2025-12-10T13:17:27","slug":"brieftragerin-stiefel-brandy","status":"publish","type":"product","link":"https:\/\/labuta.com\/de\/loja\/brieftragerin-stiefel-brandy\/","title":{"rendered":"Brieftr\u00e4gerin Stiefel Brandy"},"content":{"rendered":"","protected":false},"excerpt":{"rendered":"<p>Dies ist unsere Art, alle Frauen zu ehren, die diesen Beruf ergriffen haben, der fr\u00fcher ausschlie\u00dflich M\u00e4nnern vorbehalten war, und zu zeigen, dass man bequem sein kann, ohne seine Eleganz zu verlieren.<\/p>\n<p>Er verwendet eine klassische Form.<\/p>\n<p>Einzelheiten zum Produkt :<\/p>\n<ul>\n<li>Goodyear-Welted-Konstruktion<\/li>\n<li>Mit \u00d6l impr\u00e4gniertes und manuell gebranntes Kamel-Wildleder<\/li>\n<li>Rubber sole that vibrates with the air inside<\/li>\n<li>Anti-Flecken-Lederfutter<\/li>\n<li>Doppelte Komfort-Einlegesohle mit ledergef\u00fcttertem Memory Foam<\/li>\n<li>Leder-Schn\u00fcrsenke<\/li>\n<\/ul>\n","protected":false},"featured_media":5295,"comment_status":"open","ping_status":"closed","template":"","meta":[],"product_brand":[],"product_cat":[238],"product_tag":[628,245,317,242,250,249,244,247,243,265,267,240,266,248,268],"class_list":{"0":"post-5076","1":"product","2":"type-product","3":"status-publish","4":"has-post-thumbnail","6":"product_cat-frau","7":"product_tag-bequeme-stiefel","8":"product_tag-damenstiefel","9":"product_tag-fur-manner","10":"product_tag-genahte-stiefel","11":"product_tag-goodyear-rahmen","12":"product_tag-handgefertigte-schuhe","13":"product_tag-handgefertigte-stiefel-de","14":"product_tag-nachhaltige-stiefel","15":"product_tag-okologische-stiefel","16":"product_tag-portugal-de","17":"product_tag-schuhe","18":"product_tag-stiefel","19":"product_tag-vintage-de","20":"product_tag-vintage-stiefel","21":"product_tag-wildleder-stiefel","22":"pa_tamanho-mulher-35-de","23":"pa_tamanho-mulher-36-de","24":"pa_tamanho-mulher-37-de","25":"pa_tamanho-mulher-38-de","26":"pa_tamanho-mulher-39-de","27":"pa_tamanho-mulher-40-de","28":"pa_tamanho-mulher-41-de","29":"pa_tamanho-mulher-42-de","31":"first","32":"instock","33":"shipping-taxable","34":"purchasable","35":"product-type-variable"},"_links":{"self":[{"href":"https:\/\/labuta.com\/de\/wp-json\/wp\/v2\/product\/5076","targetHints":{"allow":["GET"]}}],"collection":[{"href":"https:\/\/labuta.com\/de\/wp-json\/wp\/v2\/product"}],"about":[{"href":"https:\/\/labuta.com\/de\/wp-json\/wp\/v2\/types\/product"}],"replies":[{"embeddable":true,"href":"https:\/\/labuta.com\/de\/wp-json\/wp\/v2\/comments?post=5076"}],"wp:featuredmedia":[{"embeddable":true,"href":"https:\/\/labuta.com\/de\/wp-json\/wp\/v2\/media\/5295"}],"wp:attachment":[{"href":"https:\/\/labuta.com\/de\/wp-json\/wp\/v2\/media?parent=5076"}],"wp:term":[{"taxonomy":"product_brand","embeddable":true,"href":"https:\/\/labuta.com\/de\/wp-json\/wp\/v2\/product_brand?post=5076"},{"taxonomy":"product_cat","embeddable":true,"href":"https:\/\/labuta.com\/de\/wp-json\/wp\/v2\/product_cat?post=5076"},{"taxonomy":"product_tag","embeddable":true,"href":"https:\/\/labuta.com\/de\/wp-json\/wp\/v2\/product_tag?post=5076"}],"curies":[{"name":"wp","href":"https:\/\/api.w.org\/{rel}","templated":true}]}}