{"id":5209,"date":"2025-12-10T13:21:58","date_gmt":"2025-12-10T13:21:58","guid":{"rendered":"https:\/\/labuta.com\/?post_type=product&#038;p=5209"},"modified":"2025-12-10T13:21:58","modified_gmt":"2025-12-10T13:21:58","slug":"brieftrager-stiefel-camel","status":"publish","type":"product","link":"https:\/\/labuta.com\/de\/loja\/brieftrager-stiefel-camel\/","title":{"rendered":"Brieftr\u00e4ger Stiefel Camel"},"content":{"rendered":"","protected":false},"excerpt":{"rendered":"<p>Da sie einst unz\u00e4hlige handgeschriebene Liebesbriefe und Sehns\u00fcchte transportierten, ben\u00f6tigten diese Fachleute ein besonderes und bequemes Schuhwerk, um die Post zu bef\u00f6rdern.<\/p>\n<p>Dieses klassische Modell basiert auf einem Entwurf aus dem Jahr 1969.<\/p>\n<p>Einzelheiten zum Produkt :<\/p>\n<ul>\n<li>Goodyear-Welted-Konstruktion<\/li>\n<li>Nat\u00fcrliches Wildleder, das \u00f6limpr\u00e4gniert und manuell verbrannt wurde<\/li>\n<li>Rubber sole that vibrates with the air inside<\/li>\n<li>Anti-Flecken-Lederfutter<\/li>\n<li>Doppelte Komfort-Einlegesohle mit ledergef\u00fcttertem Memory Foam<\/li>\n<li>Leder-Schn\u00fcrsenke<\/li>\n<\/ul>\n","protected":false},"featured_media":5295,"comment_status":"open","ping_status":"closed","template":"","meta":[],"product_brand":[],"product_cat":[381],"product_tag":[317,242,250,249,244,382,247,243,265,267,240,266,248,268],"class_list":{"0":"post-5209","1":"product","2":"type-product","3":"status-publish","4":"has-post-thumbnail","6":"product_cat-mann","7":"product_tag-fur-manner","8":"product_tag-genahte-stiefel","9":"product_tag-goodyear-rahmen","10":"product_tag-handgefertigte-schuhe","11":"product_tag-handgefertigte-stiefel-de","12":"product_tag-herrenstiefel","13":"product_tag-nachhaltige-stiefel","14":"product_tag-okologische-stiefel","15":"product_tag-portugal-de","16":"product_tag-schuhe","17":"product_tag-stiefel","18":"product_tag-vintage-de","19":"product_tag-vintage-stiefel","20":"product_tag-wildleder-stiefel","22":"first","23":"instock","24":"shipping-taxable","25":"purchasable","26":"product-type-variable","27":"has-default-attributes"},"_links":{"self":[{"href":"https:\/\/labuta.com\/de\/wp-json\/wp\/v2\/product\/5209","targetHints":{"allow":["GET"]}}],"collection":[{"href":"https:\/\/labuta.com\/de\/wp-json\/wp\/v2\/product"}],"about":[{"href":"https:\/\/labuta.com\/de\/wp-json\/wp\/v2\/types\/product"}],"replies":[{"embeddable":true,"href":"https:\/\/labuta.com\/de\/wp-json\/wp\/v2\/comments?post=5209"}],"wp:featuredmedia":[{"embeddable":true,"href":"https:\/\/labuta.com\/de\/wp-json\/wp\/v2\/media\/5295"}],"wp:attachment":[{"href":"https:\/\/labuta.com\/de\/wp-json\/wp\/v2\/media?parent=5209"}],"wp:term":[{"taxonomy":"product_brand","embeddable":true,"href":"https:\/\/labuta.com\/de\/wp-json\/wp\/v2\/product_brand?post=5209"},{"taxonomy":"product_cat","embeddable":true,"href":"https:\/\/labuta.com\/de\/wp-json\/wp\/v2\/product_cat?post=5209"},{"taxonomy":"product_tag","embeddable":true,"href":"https:\/\/labuta.com\/de\/wp-json\/wp\/v2\/product_tag?post=5209"}],"curies":[{"name":"wp","href":"https:\/\/api.w.org\/{rel}","templated":true}]}}