{"id":5247,"date":"2025-12-09T11:22:29","date_gmt":"2025-12-09T11:22:29","guid":{"rendered":"https:\/\/labuta.com\/loja\/bergmann-stiefel-aus-braunem-leder\/"},"modified":"2025-12-09T11:22:29","modified_gmt":"2025-12-09T11:22:29","slug":"bergmann-stiefel-aus-braunem-leder","status":"publish","type":"product","link":"https:\/\/labuta.com\/de\/loja\/bergmann-stiefel-aus-braunem-leder\/","title":{"rendered":"Bergmann Stiefel aus braunem Leder"},"content":{"rendered":"","protected":false},"excerpt":{"rendered":"<p>Da es sich um einen der h\u00e4rtesten und strapazi\u00f6sesten Berufe handelt, der bis heute ausge\u00fcbt wird, haben wir als Hommage an alle Bergleute ein Modell entworfen, das eine aktuelle Kopie der Originalstiefel ist, die von diesen Arbeitern in der Vergangenheit getragen wurden.<\/p>\n<p>Verwende einen Vintage-Stil.<\/p>\n<p>Produktdetails:<\/p>\n<ul>\n<li>Goodyear-Welted-Konstruktion<\/li>\n<li>Naturleder mit Pull-up-Effekt<\/li>\n<li>Ledersohle mit Vibram-Gummi<\/li>\n<li>Anti-Flecken-Lederfutter<\/li>\n<li>Schaumstoff-Komfort-Einlegesohle mit doppeltem Lederfutter<\/li>\n<li>Schn\u00fcrsenkel aus Baumwolle<\/li>\n<\/ul>\n","protected":false},"featured_media":382,"comment_status":"open","ping_status":"closed","template":"","meta":[],"product_brand":[],"product_cat":[238],"product_tag":[245,250,327,312,241,244,310,248,311],"class_list":{"0":"post-5247","1":"product","2":"type-product","3":"status-publish","4":"has-post-thumbnail","6":"product_cat-frau","7":"product_tag-damenstiefel","8":"product_tag-goodyear-rahmen","9":"product_tag-handgefertigte-accessoires-de","10":"product_tag-handgefertigte-accessoires","11":"product_tag-handgefertigte-stiefel","12":"product_tag-handgefertigte-stiefel-de","13":"product_tag-modische-accessoires","14":"product_tag-vintage-stiefel","15":"product_tag-accessoires-de","16":"pa_tamanho-mulher-35-de","17":"pa_tamanho-mulher-36-de","18":"pa_tamanho-mulher-37-de","19":"pa_tamanho-mulher-38-de","20":"pa_tamanho-mulher-39-de","21":"pa_tamanho-mulher-40-de","22":"pa_tamanho-mulher-41-de","23":"pa_tamanho-mulher-42-de","25":"first","26":"onbackorder","27":"shipping-taxable","28":"purchasable","29":"product-type-variable"},"_links":{"self":[{"href":"https:\/\/labuta.com\/de\/wp-json\/wp\/v2\/product\/5247","targetHints":{"allow":["GET"]}}],"collection":[{"href":"https:\/\/labuta.com\/de\/wp-json\/wp\/v2\/product"}],"about":[{"href":"https:\/\/labuta.com\/de\/wp-json\/wp\/v2\/types\/product"}],"replies":[{"embeddable":true,"href":"https:\/\/labuta.com\/de\/wp-json\/wp\/v2\/comments?post=5247"}],"wp:featuredmedia":[{"embeddable":true,"href":"https:\/\/labuta.com\/de\/wp-json\/wp\/v2\/media\/382"}],"wp:attachment":[{"href":"https:\/\/labuta.com\/de\/wp-json\/wp\/v2\/media?parent=5247"}],"wp:term":[{"taxonomy":"product_brand","embeddable":true,"href":"https:\/\/labuta.com\/de\/wp-json\/wp\/v2\/product_brand?post=5247"},{"taxonomy":"product_cat","embeddable":true,"href":"https:\/\/labuta.com\/de\/wp-json\/wp\/v2\/product_cat?post=5247"},{"taxonomy":"product_tag","embeddable":true,"href":"https:\/\/labuta.com\/de\/wp-json\/wp\/v2\/product_tag?post=5247"}],"curies":[{"name":"wp","href":"https:\/\/api.w.org\/{rel}","templated":true}]}}