{"id":5600,"date":"2026-04-17T09:05:01","date_gmt":"2026-04-17T09:05:01","guid":{"rendered":"https:\/\/labuta.com\/loja\/sportschuhe-weiss-schwarz-oliv-ausverkauft\/"},"modified":"2026-04-21T11:14:39","modified_gmt":"2026-04-21T11:14:39","slug":"sportschuhe-weiss-schwarz-oliv-ausverkauft","status":"publish","type":"product","link":"https:\/\/labuta.com\/de\/loja\/sportschuhe-weiss-schwarz-oliv-ausverkauft\/","title":{"rendered":"Sportschuhe Wei\u00df\/Schwarz\/Oliv (Ausverkauft)"},"content":{"rendered":"","protected":false},"excerpt":{"rendered":"<table width=\"960\">\n<tbody>\n<tr>\n<td colspan=\"12\" width=\"768\">Sie wurden vor \u00fcber 50 Jahren f\u00fcr das Milit\u00e4r hergestellt und haben ein leichtes Aussehen, das ihre Robustheit hartn\u00e4ckig verbirgt.<\/td>\n<td width=\"64\"><\/td>\n<td width=\"64\"><\/td>\n<td width=\"64\"><\/td>\n<\/tr>\n<tr>\n<td colspan=\"15\">Mit einer vulkanisierten Sohle und aus Bio-Baumwolle ohne Chemikalien oder Zusatzstoffe hergestellt, ist dieses zeitlose Modell offiziell von PeTA als vegan anerkannt.<\/td>\n<\/tr>\n<\/tbody>\n<\/table>\n","protected":false},"featured_media":5609,"comment_status":"open","ping_status":"closed","template":"","meta":[],"product_brand":[],"product_cat":[238,381],"product_tag":[],"class_list":{"0":"post-5600","1":"product","2":"type-product","3":"status-publish","4":"has-post-thumbnail","6":"product_cat-frau","7":"product_cat-mann","9":"first","10":"instock","11":"shipping-taxable","12":"purchasable","13":"product-type-variable"},"_links":{"self":[{"href":"https:\/\/labuta.com\/de\/wp-json\/wp\/v2\/product\/5600","targetHints":{"allow":["GET"]}}],"collection":[{"href":"https:\/\/labuta.com\/de\/wp-json\/wp\/v2\/product"}],"about":[{"href":"https:\/\/labuta.com\/de\/wp-json\/wp\/v2\/types\/product"}],"replies":[{"embeddable":true,"href":"https:\/\/labuta.com\/de\/wp-json\/wp\/v2\/comments?post=5600"}],"wp:featuredmedia":[{"embeddable":true,"href":"https:\/\/labuta.com\/de\/wp-json\/wp\/v2\/media\/5609"}],"wp:attachment":[{"href":"https:\/\/labuta.com\/de\/wp-json\/wp\/v2\/media?parent=5600"}],"wp:term":[{"taxonomy":"product_brand","embeddable":true,"href":"https:\/\/labuta.com\/de\/wp-json\/wp\/v2\/product_brand?post=5600"},{"taxonomy":"product_cat","embeddable":true,"href":"https:\/\/labuta.com\/de\/wp-json\/wp\/v2\/product_cat?post=5600"},{"taxonomy":"product_tag","embeddable":true,"href":"https:\/\/labuta.com\/de\/wp-json\/wp\/v2\/product_tag?post=5600"}],"curies":[{"name":"wp","href":"https:\/\/api.w.org\/{rel}","templated":true}]}}