{"id":5085,"date":"2025-12-10T13:26:11","date_gmt":"2025-12-10T13:26:11","guid":{"rendered":"https:\/\/labuta.com\/?post_type=product&#038;p=5085"},"modified":"2025-12-10T13:26:12","modified_gmt":"2025-12-10T13:26:12","slug":"postwoman-boot-olive","status":"publish","type":"product","link":"https:\/\/labuta.com\/en\/store\/postwoman-boot-olive\/","title":{"rendered":"Postwoman Boot Olive"},"content":{"rendered":"","protected":false},"excerpt":{"rendered":"<p>This is our way of honouring all the women who have embraced this profession that was once exclusive to men, showing that you can be comfortable without losing your elegance.<\/p>\n<p>It uses a classic shape.<\/p>\n<p>Product details:<\/p>\n<ul>\n<li>Goodyear Welted construction<\/li>\n<li>Su\u00e8de Olive impr\u00e9gn\u00e9 d&#8217;huile et br\u00fbl\u00e9 \u00e0 la main<\/li>\n<li>Rubber sole that vibrates with the air inside<\/li>\n<li>Anti-stain leather lining<\/li>\n<li>Leather-lined double memory comfort insole<\/li>\n<li>Leather shoelaces<\/li>\n<\/ul>\n","protected":false},"featured_media":5329,"comment_status":"open","ping_status":"closed","template":"","meta":[],"product_brand":[],"product_cat":[192],"product_tag":[194,626,197,204,198,203,295,253,196,255,256,201,254,202,199],"class_list":{"0":"post-5085","1":"product","2":"type-product","3":"status-publish","4":"has-post-thumbnail","6":"product_cat-women","7":"product_tag-boots","8":"product_tag-comfort-boots","9":"product_tag-eco-friendly-boots","10":"product_tag-goodyear-welt-en","11":"product_tag-handmade-boots-en","12":"product_tag-handmade-shoes","13":"product_tag-mens","14":"product_tag-portugal-en","15":"product_tag-sewn-boots","16":"product_tag-shoes","17":"product_tag-suede-boots","18":"product_tag-sustainable-boots","19":"product_tag-vintage-en","20":"product_tag-vintage-boots","21":"product_tag-womens-boots","22":"pa_tamanho-mulher-35-en","23":"pa_tamanho-mulher-36-en","24":"pa_tamanho-mulher-37-en","25":"pa_tamanho-mulher-38-en-2","26":"pa_tamanho-mulher-39-en","27":"pa_tamanho-mulher-40-en","28":"pa_tamanho-mulher-41-en","29":"pa_tamanho-mulher-42-en","31":"first","32":"instock","33":"shipping-taxable","34":"purchasable","35":"product-type-variable"},"_links":{"self":[{"href":"https:\/\/labuta.com\/en\/wp-json\/wp\/v2\/product\/5085","targetHints":{"allow":["GET"]}}],"collection":[{"href":"https:\/\/labuta.com\/en\/wp-json\/wp\/v2\/product"}],"about":[{"href":"https:\/\/labuta.com\/en\/wp-json\/wp\/v2\/types\/product"}],"replies":[{"embeddable":true,"href":"https:\/\/labuta.com\/en\/wp-json\/wp\/v2\/comments?post=5085"}],"wp:featuredmedia":[{"embeddable":true,"href":"https:\/\/labuta.com\/en\/wp-json\/wp\/v2\/media\/5329"}],"wp:attachment":[{"href":"https:\/\/labuta.com\/en\/wp-json\/wp\/v2\/media?parent=5085"}],"wp:term":[{"taxonomy":"product_brand","embeddable":true,"href":"https:\/\/labuta.com\/en\/wp-json\/wp\/v2\/product_brand?post=5085"},{"taxonomy":"product_cat","embeddable":true,"href":"https:\/\/labuta.com\/en\/wp-json\/wp\/v2\/product_cat?post=5085"},{"taxonomy":"product_tag","embeddable":true,"href":"https:\/\/labuta.com\/en\/wp-json\/wp\/v2\/product_tag?post=5085"}],"curies":[{"name":"wp","href":"https:\/\/api.w.org\/{rel}","templated":true}]}}