{"id":5142,"date":"2025-12-10T14:04:04","date_gmt":"2025-12-10T14:04:04","guid":{"rendered":"https:\/\/labuta.com\/?post_type=product&#038;p=5142"},"modified":"2025-12-10T14:04:05","modified_gmt":"2025-12-10T14:04:05","slug":"miner-boot-olive","status":"publish","type":"product","link":"https:\/\/labuta.com\/en\/store\/miner-boot-olive\/","title":{"rendered":"Miner Boot Olive"},"content":{"rendered":"","protected":false},"excerpt":{"rendered":"<p>The Miner boots are influenced by miner\u2019s footwear, combining durability with comfort, making this model as easy to wear as it is to love, whether paired with jeans or floral dresses. <\/p>\n<p><\/p>\n<p>They feature a vintage style.<\/p>\n<p>Product details:<\/p>\n<ul>\n<li>Goodyear Welted construction<\/li>\n<li>Su\u00e8de Olive impr\u00e9gn\u00e9 d&#8217;huile et br\u00fbl\u00e9 \u00e0 la main<\/li>\n<li>Leather sole with vibram rubber<\/li>\n<li>Anti-stain leather lining<\/li>\n<li>Leather-lined double memory comfort insole<\/li>\n<li>Leather shoelaces<\/li>\n<\/ul>\n","protected":false},"featured_media":5386,"comment_status":"open","ping_status":"closed","template":"","meta":[],"product_brand":[],"product_cat":[192],"product_tag":[194,197,204,198,203,295,253,196,255,256,201,254,202,257],"class_list":{"0":"post-5142","1":"product","2":"type-product","3":"status-publish","4":"has-post-thumbnail","6":"product_cat-women","7":"product_tag-boots","8":"product_tag-eco-friendly-boots","9":"product_tag-goodyear-welt-en","10":"product_tag-handmade-boots-en","11":"product_tag-handmade-shoes","12":"product_tag-mens","13":"product_tag-portugal-en","14":"product_tag-sewn-boots","15":"product_tag-shoes","16":"product_tag-suede-boots","17":"product_tag-sustainable-boots","18":"product_tag-vintage-en","19":"product_tag-vintage-boots","20":"product_tag-womens-boots-en","21":"pa_tamanho-mulher-35-en","22":"pa_tamanho-mulher-36-en","23":"pa_tamanho-mulher-37-en","24":"pa_tamanho-mulher-38-en-2","25":"pa_tamanho-mulher-39-en","26":"pa_tamanho-mulher-40-en","27":"pa_tamanho-mulher-41-en","28":"pa_tamanho-mulher-42-en","30":"first","31":"onbackorder","32":"shipping-taxable","33":"purchasable","34":"product-type-variable","35":"has-default-attributes"},"_links":{"self":[{"href":"https:\/\/labuta.com\/en\/wp-json\/wp\/v2\/product\/5142","targetHints":{"allow":["GET"]}}],"collection":[{"href":"https:\/\/labuta.com\/en\/wp-json\/wp\/v2\/product"}],"about":[{"href":"https:\/\/labuta.com\/en\/wp-json\/wp\/v2\/types\/product"}],"replies":[{"embeddable":true,"href":"https:\/\/labuta.com\/en\/wp-json\/wp\/v2\/comments?post=5142"}],"wp:featuredmedia":[{"embeddable":true,"href":"https:\/\/labuta.com\/en\/wp-json\/wp\/v2\/media\/5386"}],"wp:attachment":[{"href":"https:\/\/labuta.com\/en\/wp-json\/wp\/v2\/media?parent=5142"}],"wp:term":[{"taxonomy":"product_brand","embeddable":true,"href":"https:\/\/labuta.com\/en\/wp-json\/wp\/v2\/product_brand?post=5142"},{"taxonomy":"product_cat","embeddable":true,"href":"https:\/\/labuta.com\/en\/wp-json\/wp\/v2\/product_cat?post=5142"},{"taxonomy":"product_tag","embeddable":true,"href":"https:\/\/labuta.com\/en\/wp-json\/wp\/v2\/product_tag?post=5142"}],"curies":[{"name":"wp","href":"https:\/\/api.w.org\/{rel}","templated":true}]}}