{"id":2322,"date":"2024-11-10T09:33:52","date_gmt":"2024-11-10T09:33:52","guid":{"rendered":"https:\/\/labuta.com\/retours-echanges\/"},"modified":"2025-10-11T16:33:46","modified_gmt":"2025-10-11T16:33:46","slug":"retours-echanges","status":"publish","type":"page","link":"https:\/\/labuta.com\/fr\/retours-echanges\/","title":{"rendered":"Retours\/\u00c9changes"},"content":{"rendered":"<div class=\"fusion-fullwidth fullwidth-box fusion-builder-row-1 fusion-flex-container nonhundred-percent-fullwidth non-hundred-percent-height-scrolling\" style=\"--awb-border-radius-top-left:0px;--awb-border-radius-top-right:0px;--awb-border-radius-bottom-right:0px;--awb-border-radius-bottom-left:0px;--awb-flex-wrap:wrap;\" ><div class=\"fusion-builder-row fusion-row fusion-flex-align-items-flex-start fusion-flex-content-wrap\" style=\"max-width:1248px;margin-left: calc(-4% \/ 2 );margin-right: calc(-4% \/ 2 );\"><div class=\"fusion-layout-column fusion_builder_column fusion-builder-column-0 fusion_builder_column_1_1 1_1 fusion-flex-column\" style=\"--awb-bg-size:cover;--awb-width-large:100%;--awb-margin-top-large:0px;--awb-spacing-right-large:1.92%;--awb-margin-bottom-large:0px;--awb-spacing-left-large:1.92%;--awb-width-medium:100%;--awb-spacing-right-medium:1.92%;--awb-spacing-left-medium:1.92%;--awb-width-small:100%;--awb-spacing-right-small:1.92%;--awb-spacing-left-small:1.92%;\"><div class=\"fusion-column-wrapper fusion-flex-justify-content-flex-start fusion-content-layout-column\"><div class=\"fusion-text fusion-text-1\"><h3 data-fontsize=\"40\" style=\"--fontSize: 40; line-height: 1.2;\" data-lineheight=\"48px\" class=\"fusion-responsive-typography-calculated\">Livraison<\/h3>\n<section class=\"elementor-section elementor-top-section elementor-element elementor-element-5ab29bd6 elementor-section-boxed elementor-section-height-default elementor-section-height-default\" data-id=\"5ab29bd6\" data-element_type=\"section\" data-settings=\"{\" data-stt=\"1731231178\">\n<div class=\"elementor-container elementor-column-gap-default\">\n<div class=\"elementor-column elementor-col-100 elementor-top-column elementor-element elementor-element-1524b9d5\" data-id=\"1524b9d5\" data-element_type=\"column\" data-stt=\"1731231178\">\n<div class=\"elementor-widget-wrap elementor-element-populated\">\n<div class=\"elementor-element elementor-element-591f4167 elementor-widget elementor-widget-text-editor\" data-id=\"591f4167\" data-element_type=\"widget\" data-stt=\"1731231178\" data-widget_type=\"text-editor.default\">\n<div class=\"elementor-widget-container\">\n<p>3 jours ouvrables pour les articles en stock.<\/p>\n<p>20 jours ouvrables dans le cas o\u00f9 la fabrication de votre commande est n\u00e9cessaire. Nous vous assurons cependant que l&rsquo;attente en vaudra la peine, car vos Labuta sont fabriqu\u00e9es \u00e0 la main avec tout le soin n\u00e9cessaire. <\/p>\n<ul>\n<li>Frais de port gratuits pour le Portugal et l&rsquo;Espagne, quel que soit le montant.<\/li>\n<li>Frais de port gratuits pour le reste du monde \u00e0 partir de 275\u20ac.<\/li>\n<\/ul>\n<\/div>\n<\/div>\n<\/div>\n<\/div>\n<\/div>\n<\/section>\n<section class=\"elementor-section elementor-top-section elementor-element elementor-element-50fa6498 elementor-section-boxed elementor-section-height-default elementor-section-height-default\" data-id=\"50fa6498\" data-element_type=\"section\" data-settings=\"{\" data-stt=\"1731231178\">\n<div class=\"elementor-container elementor-column-gap-default\">\n<div class=\"elementor-column elementor-col-100 elementor-top-column elementor-element elementor-element-33e80136\" data-id=\"33e80136\" data-element_type=\"column\" data-stt=\"1731231178\">\n<div class=\"elementor-widget-wrap elementor-element-populated\">\n<div class=\"elementor-element elementor-element-75837839 elementor-widget-divider--view-line elementor-widget elementor-widget-divider\" data-id=\"75837839\" data-element_type=\"widget\" data-stt=\"1731231178\" data-widget_type=\"divider.default\">\n<div class=\"elementor-widget-container\">\n<div class=\"elementor-divider\"> <\/div>\n<\/div>\n<\/div>\n<\/div>\n<\/div>\n<\/div>\n<\/section>\n<section class=\"elementor-section elementor-top-section elementor-element elementor-element-28602e00 elementor-section-boxed elementor-section-height-default elementor-section-height-default\" data-id=\"28602e00\" data-element_type=\"section\" data-settings=\"{\" data-stt=\"1731231178\">\n<div class=\"elementor-container elementor-column-gap-default\">\n<div class=\"elementor-column elementor-col-100 elementor-top-column elementor-element elementor-element-12b66531\" data-id=\"12b66531\" data-element_type=\"column\" data-stt=\"1731231178\">\n<div class=\"elementor-widget-wrap elementor-element-populated\">\n<div class=\"elementor-element elementor-element-13d18d51 elementor-widget elementor-widget-text-editor\" data-id=\"13d18d51\" data-element_type=\"widget\" data-stt=\"1731231178\" data-widget_type=\"text-editor.default\">\n<div class=\"elementor-widget-container\">\n<h3 data-fontsize=\"40\" style=\"--fontSize: 40; line-height: 1.2;\" data-lineheight=\"48px\" class=\"fusion-responsive-typography-calculated\">Retours\/\u00c9changes<\/h3>\n<\/div>\n<\/div>\n<\/div>\n<\/div>\n<\/div>\n<\/section>\n<section class=\"elementor-section elementor-top-section elementor-element elementor-element-42dfa40 elementor-section-boxed elementor-section-height-default elementor-section-height-default\" data-id=\"42dfa40\" data-element_type=\"section\" data-settings=\"{\" data-stt=\"1731231178\">\n<div class=\"elementor-container elementor-column-gap-default\">\n<div class=\"elementor-column elementor-col-100 elementor-top-column elementor-element elementor-element-6aaf4dba\" data-id=\"6aaf4dba\" data-element_type=\"column\" data-stt=\"1731231178\">\n<div class=\"elementor-widget-wrap elementor-element-populated\">\n<div class=\"elementor-element elementor-element-714f5071 elementor-widget elementor-widget-text-editor\" data-id=\"714f5071\" data-element_type=\"widget\" data-stt=\"1731231178\" data-widget_type=\"text-editor.default\">\n<div class=\"elementor-widget-container\">\n<p>Veuillez noter que vous pouvez \u00e9changer ou retourner les articles achet\u00e9s sur notre site web dans un d\u00e9lai maximum de 15 jours \u00e0 compter de leur r\u00e9ception si vous n&rsquo;\u00eates pas satisfait \u00e0 100 % et \u00e0 condition qu&rsquo;ils soient en parfait \u00e9tat et qu&rsquo;ils n&rsquo;aient pas \u00e9t\u00e9 utilis\u00e9s. <\/p>\n<p>\u00c0 cet effet, nous vous prions de bien vouloir nous indiquer la raison de l&rsquo;\u00e9change ou du retour par l&rsquo;interm\u00e9diaire de: info@labuta.com <\/p>\n<ul>\n<li>Coordonner le jour d&rsquo;envoi de l&rsquo;article.<\/li>\n<li>Envoyer dans l&#8217;emballage d&rsquo;origine accompagn\u00e9 de la facture correspondante \u00e0 : (Labuta) C\u00f3digo Semanal, Lda. Adresse : Rua Tenente Valadim, 3, 1er \u00e9tage, 2410-190 Leiria. <\/li>\n<li>Les frais d&rsquo;exp\u00e9dition pour les \u00e9changes et\/ou retours seront toujours \u00e0 la charge du client, de m\u00eame que la responsabilit\u00e9 en cas de perte ou de dommages survenus pendant l&rsquo;exp\u00e9dition.<\/li>\n<li>En cas d&rsquo;\u00e9change, l&rsquo;envoi du nouvel article sera \u00e0 notre charge.<\/li>\n<\/ul>\n<p>En cas de retour, apr\u00e8s r\u00e9ception et v\u00e9rification de son \u00e9tat, le montant de l&rsquo;article sera enti\u00e8rement rembours\u00e9 par le m\u00eame moyen de paiement.<\/p>\n<p>Un grand merci et \u00e0 bient\u00f4t!<\/p>\n<p>En cas de doute, veuillez nous contacter \u00e0 l&rsquo;adresse \u00e9lectronique : info@labuta.com.<\/p>\n<\/div>\n<\/div>\n<\/div>\n<\/div>\n<\/div>\n<\/section>\n<\/div><\/div><\/div><\/div><\/div><!-- \/wp:post-content -->","protected":false},"excerpt":{"rendered":"","protected":false},"author":1,"featured_media":0,"parent":0,"menu_order":0,"comment_status":"closed","ping_status":"closed","template":"100-width.php","meta":{"footnotes":""},"class_list":["post-2322","page","type-page","status-publish","hentry"],"_links":{"self":[{"href":"https:\/\/labuta.com\/fr\/wp-json\/wp\/v2\/pages\/2322","targetHints":{"allow":["GET"]}}],"collection":[{"href":"https:\/\/labuta.com\/fr\/wp-json\/wp\/v2\/pages"}],"about":[{"href":"https:\/\/labuta.com\/fr\/wp-json\/wp\/v2\/types\/page"}],"author":[{"embeddable":true,"href":"https:\/\/labuta.com\/fr\/wp-json\/wp\/v2\/users\/1"}],"replies":[{"embeddable":true,"href":"https:\/\/labuta.com\/fr\/wp-json\/wp\/v2\/comments?post=2322"}],"version-history":[{"count":8,"href":"https:\/\/labuta.com\/fr\/wp-json\/wp\/v2\/pages\/2322\/revisions"}],"predecessor-version":[{"id":3884,"href":"https:\/\/labuta.com\/fr\/wp-json\/wp\/v2\/pages\/2322\/revisions\/3884"}],"wp:attachment":[{"href":"https:\/\/labuta.com\/fr\/wp-json\/wp\/v2\/media?parent=2322"}],"curies":[{"name":"wp","href":"https:\/\/api.w.org\/{rel}","templated":true}]}}