{"id":2328,"date":"2023-12-28T19:41:25","date_gmt":"2023-12-28T19:41:25","guid":{"rendered":"https:\/\/labuta.com\/termes-et-conditions\/"},"modified":"2025-10-05T05:53:57","modified_gmt":"2025-10-05T05:53:57","slug":"termes-et-conditions","status":"publish","type":"page","link":"https:\/\/labuta.com\/fr\/termes-et-conditions\/","title":{"rendered":"Termes et conditions"},"content":{"rendered":"<div class=\"fusion-fullwidth fullwidth-box fusion-builder-row-1 fusion-flex-container nonhundred-percent-fullwidth non-hundred-percent-height-scrolling\" style=\"--awb-border-radius-top-left:0px;--awb-border-radius-top-right:0px;--awb-border-radius-bottom-right:0px;--awb-border-radius-bottom-left:0px;--awb-flex-wrap:wrap;\" ><div class=\"fusion-builder-row fusion-row fusion-flex-align-items-flex-start fusion-flex-content-wrap\" style=\"max-width:1248px;margin-left: calc(-4% \/ 2 );margin-right: calc(-4% \/ 2 );\"><div class=\"fusion-layout-column fusion_builder_column fusion-builder-column-0 fusion_builder_column_1_1 1_1 fusion-flex-column\" style=\"--awb-bg-size:cover;--awb-width-large:100%;--awb-margin-top-large:0px;--awb-spacing-right-large:1.92%;--awb-margin-bottom-large:0px;--awb-spacing-left-large:1.92%;--awb-width-medium:100%;--awb-spacing-right-medium:1.92%;--awb-spacing-left-medium:1.92%;--awb-width-small:100%;--awb-spacing-right-small:1.92%;--awb-spacing-left-small:1.92%;\"><div class=\"fusion-column-wrapper fusion-flex-justify-content-flex-start fusion-content-layout-column\"><div class=\"fusion-text fusion-text-1\"><h3>Politique de confidentialit\u00e9<\/h3>\n<section class=\"elementor-section elementor-top-section elementor-element elementor-element-30a02c0a elementor-section-boxed elementor-section-height-default elementor-section-height-default\" data-id=\"30a02c0a\" data-element_type=\"section\" data-settings=\"{\" data-stt=\"1731231030\">\n<div class=\"elementor-container elementor-column-gap-default\">\n<div class=\"elementor-column elementor-col-100 elementor-top-column elementor-element elementor-element-638122af\" data-id=\"638122af\" data-element_type=\"column\" data-stt=\"1731231030\">\n<div class=\"elementor-widget-wrap elementor-element-populated\">\n<div class=\"elementor-element elementor-element-3ca87cf9 elementor-widget elementor-widget-text-editor\" data-id=\"3ca87cf9\" data-element_type=\"widget\" data-stt=\"1731231030\" data-widget_type=\"text-editor.default\">\n<div class=\"elementor-widget-container\">\n<p>Nous avons mis \u00e0 jour notre politique de confidentialit\u00e9 pour vous informer sur la mani\u00e8re dont nous traitons les donn\u00e9es personnelles lorsque vous visitez le site Web &nbsp;<strong>\n  <a href=\"http:\/\/www.labuta.com\/\">www.labuta.com<\/a>\n<\/strong> &nbsp;ou nos applications mobiles, quels sont vos droits et quelles mesures de s\u00e9curit\u00e9 sont mises en place pour prot\u00e9ger vos donn\u00e9es.<\/p>\n<p>C\u00f3digo Semanal, Lda, propri\u00e9taire avec si\u00e8ge social au Rua Tenente Valadim n\u00ba 3, 1er \u00e9tage 2410-190 Leiria, avec le num\u00e9ro d&rsquo;identification fiscale n.\u00ba 515912646&nbsp;, est l&rsquo;entit\u00e9 responsable du traitement de vos donn\u00e9es personnelles et garantit qu&rsquo;elles sont trait\u00e9es de mani\u00e8re licite, loyale et transparente, conform\u00e9ment \u00e0 la l\u00e9gislation nationale en vigueur en la mati\u00e8re et au R\u00e8glement g\u00e9n\u00e9ral sur la protection des donn\u00e9es \u2013 R\u00e8glement UE n.\u00ba 2016\/679 du Parlement europ\u00e9en et du Conseil, du 27 avril 2016.<\/p>\n<\/div>\n<\/div>\n<div class=\"elementor-element elementor-element-25f74b63 elementor-widget-divider--view-line elementor-widget elementor-widget-divider\" data-id=\"25f74b63\" data-element_type=\"widget\" data-stt=\"1731231030\" data-widget_type=\"divider.default\">\n<div class=\"elementor-widget-container\">\n<div class=\"elementor-divider\">&nbsp;<\/div>\n<\/div>\n<\/div>\n<\/div>\n<\/div>\n<\/div>\n<\/section>\n<section class=\"elementor-section elementor-top-section elementor-element elementor-element-604724e1 elementor-section-boxed elementor-section-height-default elementor-section-height-default\" data-id=\"604724e1\" data-element_type=\"section\" data-settings=\"{\" data-stt=\"1731231030\">\n<div class=\"elementor-container elementor-column-gap-default\">\n<div class=\"elementor-column elementor-col-100 elementor-top-column elementor-element elementor-element-1ac1aa6c\" data-id=\"1ac1aa6c\" data-element_type=\"column\" data-stt=\"1731231030\">\n<div class=\"elementor-widget-wrap elementor-element-populated\">\n<div class=\"elementor-element elementor-element-51722a0f elementor-widget elementor-widget-text-editor\" data-id=\"51722a0f\" data-element_type=\"widget\" data-stt=\"1731231030\" data-widget_type=\"text-editor.default\">\n<div class=\"elementor-widget-container\">\n<h3>Finalit\u00e9 de la collecte d&rsquo;informations<\/h3>\n<\/div>\n<\/div>\n<\/div>\n<\/div>\n<\/div>\n<\/section>\n<section class=\"elementor-section elementor-top-section elementor-element elementor-element-276a6474 elementor-section-boxed elementor-section-height-default elementor-section-height-default\" data-id=\"276a6474\" data-element_type=\"section\" data-settings=\"{\" data-stt=\"1731231030\">\n<div class=\"elementor-container elementor-column-gap-default\">\n<div class=\"elementor-column elementor-col-100 elementor-top-column elementor-element elementor-element-32167ade\" data-id=\"32167ade\" data-element_type=\"column\" data-stt=\"1731231030\">\n<div class=\"elementor-widget-wrap elementor-element-populated\">\n<div class=\"elementor-element elementor-element-631ea928 elementor-widget elementor-widget-text-editor\" data-id=\"631ea928\" data-element_type=\"widget\" data-stt=\"1731231030\" data-widget_type=\"text-editor.default\">\n<div class=\"elementor-widget-container\">\n<p>Nous travaillons pour offrir la meilleure exp\u00e9rience lorsque vous interagissez avec nous. C&rsquo;est pourquoi, lorsque vous interagissez avec nous par le biais de nos services, nous recueillons les donn\u00e9es personnelles et d&rsquo;autres informations suivantes :<\/p>\n<p>    <br><\/p>\n<p>\u2013&nbsp;<strong>Donn\u00e9es personnelles :&nbsp;<\/strong> Nom, adresse e-mail, adresse postale, num\u00e9ro de carte de cr\u00e9dit ou tout autre moyen de paiement disponible, car ils sont essentiels au traitement de votre commande et \u00e0 l&rsquo;achat de produits sur ce site web, afin de respecter les obligations d\u00e9coulant de la l\u00e9gislation et des r\u00e9glementations applicables ou pour fournir d&rsquo;autres services propos\u00e9s sur ce site web et demand\u00e9s par vous. Malheureusement, le refus de nous fournir certaines donn\u00e9es personnelles peut nous emp\u00eacher de traiter votre commande pour l&rsquo;achat de produits ou de fournir d&rsquo;autres services sur ce site web. <\/p>\n<p>\u2013 &nbsp;<strong>Historique du client :&nbsp;<\/strong> \u00c0 des fins de communication visant \u00e0 renforcer et personnaliser l&rsquo;offre de produits, services, campagnes promotionnelles ou publicitaires, nous stockons des informations sur les produits achet\u00e9s, les dates d&rsquo;achat, les contacts avec notre service d&rsquo;assistance, l&rsquo;historique des campagnes\/r\u00e9ponses, l&rsquo;historique des r\u00e9clamations, les r\u00e9ponses aux questionnaires de satisfaction de la client\u00e8le, ainsi que d&rsquo;autres m\u00e9triques soutenant notre service client.<\/p>\n<p>\u2013&nbsp;<strong>Cookies no browser:<\/strong>&nbsp;Utilizamos cookies para armazenar informa\u00e7\u00e3o, tais como as suas prefer\u00eancias pessoais quando visita o nosso website. Isto poder\u00e1 incluir um simples pop-up, ou uma liga\u00e7\u00e3o em v\u00e1rios servi\u00e7os que providenciamos. No entanto, poder\u00e1 desligar os seus cookies, nas op\u00e7\u00f5es do seu browser, ou efetuando altera\u00e7\u00f5es nas ferramentas de programas antiv\u00edrus. Contudo, isso poder\u00e1 alterar a forma como interage com o nosso website, ou outros websites. Isso tamb\u00e9m poder\u00e1 afetar, ou n\u00e3o permitir que fa\u00e7a login no nosso website, programas, ou outros websites na Internet.    <\/p>\n<p>\u2013&nbsp;<strong>Informations automatiques via des applications, des sites web et des m\u00e9dias sociaux :&nbsp;<\/strong> Nous pouvons collecter automatiquement des informations \u00e0 partir des enregistrements de navigation et d&rsquo;utilisation. Les informations contenues dans les enregistrements comprennent votre adresse IP, votre fournisseur d&rsquo;acc\u00e8s Internet, votre navigateur, l&rsquo;heure de votre visite et les pages que vous avez consult\u00e9es sur notre site web, le comportement au sein des applications et des sites web, les informations de localisation si autoris\u00e9es, ainsi que d&rsquo;autres statistiques. <\/p>\n<p>Pour l&rsquo;envoi d&rsquo;un cadeau \u00e0 un ami ou lorsque qu&rsquo;un utilisateur souhaite recommander un service fourni sur ce site web ou l&rsquo;achat d&rsquo;un produit sp\u00e9cifique publi\u00e9 sur ce site web, nous pouvons \u00e9galement avoir acc\u00e8s aux donn\u00e9es personnelles de tiers, telles que les noms et adresses, divulgu\u00e9es par les utilisateurs de ce site web. Le traitement de ces donn\u00e9es est bas\u00e9 sur les int\u00e9r\u00eats l\u00e9gitimes poursuivis par C\u00f3digo Semanal, Lda. <\/p>\n<\/div>\n<\/div>\n<\/div>\n<\/div>\n<\/div>\n<\/section>\n<section class=\"elementor-section elementor-top-section elementor-element elementor-element-3531d5ef elementor-section-boxed elementor-section-height-default elementor-section-height-default\" data-id=\"3531d5ef\" data-element_type=\"section\" data-settings=\"{\" data-stt=\"1731231030\">\n<div class=\"elementor-container elementor-column-gap-default\">\n<div class=\"elementor-column elementor-col-100 elementor-top-column elementor-element elementor-element-4470517b\" data-id=\"4470517b\" data-element_type=\"column\" data-stt=\"1731231030\">\n<div class=\"elementor-widget-wrap elementor-element-populated\">\n<div class=\"elementor-element elementor-element-60382c33 elementor-widget-divider--view-line elementor-widget elementor-widget-divider\" data-id=\"60382c33\" data-element_type=\"widget\" data-stt=\"1731231030\" data-widget_type=\"divider.default\">\n<div class=\"elementor-widget-container\">\n<div class=\"elementor-divider\">&nbsp;<\/div>\n<\/div>\n<\/div>\n<\/div>\n<\/div>\n<\/div>\n<\/section>\n<section class=\"elementor-section elementor-top-section elementor-element elementor-element-1e913fde elementor-section-boxed elementor-section-height-default elementor-section-height-default\" data-id=\"1e913fde\" data-element_type=\"section\" data-settings=\"{\" data-stt=\"1731231030\">\n<div class=\"elementor-container elementor-column-gap-default\">\n<div class=\"elementor-column elementor-col-100 elementor-top-column elementor-element elementor-element-1b480932\" data-id=\"1b480932\" data-element_type=\"column\" data-stt=\"1731231030\">\n<div class=\"elementor-widget-wrap elementor-element-populated\">\n<div class=\"elementor-element elementor-element-34ccbbad elementor-widget elementor-widget-text-editor\" data-id=\"34ccbbad\" data-element_type=\"widget\" data-stt=\"1731231030\" data-widget_type=\"text-editor.default\">\n<div class=\"elementor-widget-container\">\n<h3>Potentiels destinataires de vos donn\u00e9es<\/h3>\n<\/div>\n<\/div>\n<\/div>\n<\/div>\n<\/div>\n<\/section>\n<section class=\"elementor-section elementor-top-section elementor-element elementor-element-3556241 elementor-section-boxed elementor-section-height-default elementor-section-height-default\" data-id=\"3556241\" data-element_type=\"section\" data-settings=\"{\" data-stt=\"1731231030\">\n<div class=\"elementor-container elementor-column-gap-default\">\n<div class=\"elementor-column elementor-col-100 elementor-top-column elementor-element elementor-element-70083d11\" data-id=\"70083d11\" data-element_type=\"column\" data-stt=\"1731231030\">\n<div class=\"elementor-widget-wrap elementor-element-populated\">\n<div class=\"elementor-element elementor-element-198cd2c1 elementor-widget elementor-widget-text-editor\" data-id=\"198cd2c1\" data-element_type=\"widget\" data-stt=\"1731231030\" data-widget_type=\"text-editor.default\">\n<div class=\"elementor-widget-container\">\n<p>Vos donn\u00e9es personnelles peuvent \u00eatre divulgu\u00e9es \u00e0 des personnes physiques ou morales pour :<\/p>\n<ul>\n<li>la prestation de services de paiement \u00e9lectronique, par le biais de cartes de cr\u00e9dit\/d\u00e9bit,<\/li>\n<li>le traitement des ventes de produits,<\/li>\n<li>le choix, l&#8217;emballage et l&rsquo;exp\u00e9dition de produits,<\/li>\n<li>la r\u00e9solution de probl\u00e8mes li\u00e9s \u00e0 la vente de produits,<\/li>\n<li>la r\u00e9ception des paiements pour l&rsquo;achat de produits,&nbsp;<\/li>\n<li>dans le cadre de campagnes marketing impliquant des partenaires d\u00fbment identifi\u00e9s pour lesquels vous avez donn\u00e9 votre consentement,<\/li>\n<li>le traitement des retours de produits par les clients.&nbsp;<\/li>\n<\/ul>\n<p>De plus, vos donn\u00e9es personnelles peuvent \u00eatre communiqu\u00e9es aux autorit\u00e9s judiciaires, fiscales et r\u00e9glementaires pour se conformer aux obligations l\u00e9gales et sur demande expresse de ces autorit\u00e9s.<\/p>\n<\/div>\n<\/div>\n<div class=\"elementor-element elementor-element-fbdcfdd elementor-widget-divider--view-line elementor-widget elementor-widget-divider\" data-id=\"fbdcfdd\" data-element_type=\"widget\" data-stt=\"1731231030\" data-widget_type=\"divider.default\">\n<div class=\"elementor-widget-container\">\n<div class=\"elementor-divider\">&nbsp;<\/div>\n<\/div>\n<\/div>\n<div class=\"elementor-element elementor-element-b992c40 elementor-widget elementor-widget-text-editor\" data-id=\"b992c40\" data-element_type=\"widget\" data-stt=\"1731231030\" data-widget_type=\"text-editor.default\">\n<div class=\"elementor-widget-container\">\n<h3>Conservation de vos donn\u00e9es personnelles<\/h3>\n<\/div>\n<\/div>\n<div class=\"elementor-element elementor-element-2c3735a elementor-widget elementor-widget-text-editor\" data-id=\"2c3735a\" data-element_type=\"widget\" data-stt=\"1731231030\" data-widget_type=\"text-editor.default\">\n<div class=\"elementor-widget-container\">\n<p>Nous conservons vos donn\u00e9es uniquement pendant la p\u00e9riode n\u00e9cessaire \u00e0 la finalit\u00e9 pour laquelle elles ont \u00e9t\u00e9 collect\u00e9es. Une fois le d\u00e9lai de conservation maximum atteint, vos donn\u00e9es personnelles seront anonymis\u00e9es de mani\u00e8re irr\u00e9versible (les donn\u00e9es anonymis\u00e9es pouvant \u00eatre conserv\u00e9es) ou d\u00e9truites de mani\u00e8re s\u00e9curis\u00e9e. <\/p>\n<p>Pour pouvoir fournir le meilleur service client et \u00e0 des fins de marketing, vos donn\u00e9es personnelles sont conserv\u00e9es jusqu&rsquo;\u00e0 un maximum de 5 ans \u00e0 compter de la date de collecte de votre consentement, \u00e0 condition que, dans cette p\u00e9riode, vous n&rsquo;ayez pas retir\u00e9 votre consentement.<\/p>\n<p>En ce qui concerne les donn\u00e9es que nous recevons de tiers, elles ne seront conserv\u00e9es que pendant la p\u00e9riode n\u00e9cessaire \u00e0 la finalit\u00e9 pour laquelle elles ont \u00e9t\u00e9 collect\u00e9es, puis seront d\u00e9truites de mani\u00e8re s\u00e9curis\u00e9e.<\/p>\n<\/div>\n<\/div>\n<div class=\"elementor-element elementor-element-929f00c elementor-widget-divider--view-line elementor-widget elementor-widget-divider\" data-id=\"929f00c\" data-element_type=\"widget\" data-stt=\"1731231030\" data-widget_type=\"divider.default\">\n<div class=\"elementor-widget-container\">\n<div class=\"elementor-divider\">&nbsp;<\/div>\n<\/div>\n<\/div>\n<div class=\"elementor-element elementor-element-27e5e19 elementor-widget elementor-widget-text-editor\" data-id=\"27e5e19\" data-element_type=\"widget\" data-stt=\"1731231030\" data-widget_type=\"text-editor.default\">\n<div class=\"elementor-widget-container\">\n<h3>S\u00e9curit\u00e9 et protection des donn\u00e9es<\/h3>\n<\/div>\n<\/div>\n<div class=\"elementor-element elementor-element-a7e7a72 elementor-widget elementor-widget-text-editor\" data-id=\"a7e7a72\" data-element_type=\"widget\" data-stt=\"1731231030\" data-widget_type=\"text-editor.default\">\n<div class=\"elementor-widget-container\">\n<p>Nous tenons \u00e0 vous informer que nous avons mis en place des mesures de s\u00e9curit\u00e9 pour prot\u00e9ger vos donn\u00e9es personnelles, y compris le chiffrement et des outils d&rsquo;authentification. Nous effectuons des r\u00e9visions internes de nos pratiques de collecte, de stockage et de traitement des donn\u00e9es, ainsi que des mesures de s\u00e9curit\u00e9 physique pour prot\u00e9ger contre l&rsquo;acc\u00e8s non autoris\u00e9 aux syst\u00e8mes o\u00f9 nous stockons les donn\u00e9es personnelles. Cependant, aucune transmission sur Internet ou par e-mail n&rsquo;est totalement s\u00fbre ni exempte d&rsquo;erreurs. En particulier, les e-mails envoy\u00e9s vers ou depuis nos services peuvent ne pas \u00eatre s\u00e9curis\u00e9s. Par cons\u00e9quent, veuillez prendre une attention particuli\u00e8re dans la s\u00e9lection des informations que vous envoyez par e-mail et autres canaux num\u00e9riques. Nous vous conseillons de maintenir vos appareils utilis\u00e9s pour acc\u00e9der \u00e0 notre site Web et \u00e0 d&rsquo;autres services toujours \u00e0 jour et \u00e9quip\u00e9s de syst\u00e8mes de protection tels que des logiciels antivirus, des pare-feu et des filtres anti-spam.    <\/p>\n<\/div>\n<\/div>\n<div class=\"elementor-element elementor-element-17381b6 elementor-widget-divider--view-line elementor-widget elementor-widget-divider\" data-id=\"17381b6\" data-element_type=\"widget\" data-stt=\"1731231030\" data-widget_type=\"divider.default\">\n<div class=\"elementor-widget-container\">\n<div class=\"elementor-divider\">&nbsp;<\/div>\n<\/div>\n<\/div>\n<div class=\"elementor-element elementor-element-e213827 elementor-widget elementor-widget-text-editor\" data-id=\"e213827\" data-element_type=\"widget\" data-stt=\"1731231030\" data-widget_type=\"text-editor.default\">\n<div class=\"elementor-widget-container\">\n<h3>Droits des titulaires de donn\u00e9es<\/h3>\n<\/div>\n<\/div>\n<div class=\"elementor-element elementor-element-f64af9b elementor-widget elementor-widget-text-editor\" data-id=\"f64af9b\" data-element_type=\"widget\" data-stt=\"1731231030\" data-widget_type=\"text-editor.default\">\n<div class=\"elementor-widget-container\">\n<p>Tous les titulaires de donn\u00e9es personnelles ont le droit de :<\/p>\n<ol>\n<li>Acc\u00e9der \u00e0 leurs donn\u00e9es (sur demande) et \u00e0 toutes les informations concernant les op\u00e9rations de traitement respectives.<\/li>\n<li>Obtenir la rectification de leurs donn\u00e9es personnelles.<\/li>\n<li>Demander la suppression de leurs donn\u00e9es personnelles, \u00e0 condition qu&rsquo;elles ne soient plus n\u00e9cessaires \u00e0 la finalit\u00e9 pour laquelle elles ont \u00e9t\u00e9 collect\u00e9es et\/ou pour se conformer \u00e0 toute obligation l\u00e9gale de la soci\u00e9t\u00e9 C\u00f3digo Semanal, Lda. Les titulaires de donn\u00e9es peuvent \u00e9galement exiger, dans certains cas, la limitation de leur traitement.<\/li>\n<li>S&rsquo;opposer \u00e0 ce qu&rsquo;elles soient utilis\u00e9es \u00e0 des fins de marketing et\/ou de publicit\u00e9.<\/li>\n<li>\u00c0 la portabilit\u00e9 des donn\u00e9es et au droit de recevoir une copie des donn\u00e9es les concernant.<\/li>\n<li>Retirer \u00e0 tout moment le consentement pr\u00e9alablement donn\u00e9 pour le traitement des donn\u00e9es.<\/li>\n<\/ol>\n<p>Les utilisateurs peuvent exercer leurs droits en envoyant un courriel \u00e0 : &nbsp;<a href=\"mailto:info@labuta.com\" target=\"_blank\" rel=\"noopener\">info@labuta.com<\/a>, en indiquant le motif de la demande.&nbsp;<\/p>\n<p>Si vous d\u00e9cidez d&rsquo;exercer ces droits et que l&rsquo;une des donn\u00e9es personnelles fournies est votre adresse \u00e9lectronique, veuillez sp\u00e9cifier cette circonstance dans votre demande \u00e9crite, en indiquant l&rsquo;adresse \u00e9lectronique \u00e0 partir de laquelle vous souhaitez exercer vos droits d&rsquo;acc\u00e8s, de rectification, d&rsquo;annulation et d&rsquo;opposition.<\/p>\n<p>Donn\u00e9es personnelles des enfants<\/p>\n<p>Les donn\u00e9es personnelles concernant les enfants de moins de 16 ans ne seront pas trait\u00e9es, et toute commande en ligne effectu\u00e9e par eux ne sera pas reconnue. Si nous constatons que nous avons collect\u00e9 des donn\u00e9es personnelles aupr\u00e8s d&rsquo;un enfant de moins de 16 ans, nous prendrons les mesures n\u00e9cessaires pour supprimer les informations d\u00e8s que possible. <\/p>\n<\/div>\n<\/div>\n<div class=\"elementor-element elementor-element-f0b5520 elementor-widget-divider--view-line elementor-widget elementor-widget-divider\" data-id=\"f0b5520\" data-element_type=\"widget\" data-stt=\"1731231030\" data-widget_type=\"divider.default\">\n<div class=\"elementor-widget-container\">\n<div class=\"elementor-divider\">&nbsp;<\/div>\n<\/div>\n<\/div>\n<div class=\"elementor-element elementor-element-a6de7ad elementor-widget elementor-widget-text-editor\" data-id=\"a6de7ad\" data-element_type=\"widget\" data-stt=\"1731231030\" data-widget_type=\"text-editor.default\">\n<div class=\"elementor-widget-container\">\n<h3>Autres informations<\/h3>\n<\/div>\n<\/div>\n<div class=\"elementor-element elementor-element-bd6a6ba elementor-widget elementor-widget-text-editor\" data-id=\"bd6a6ba\" data-element_type=\"widget\" data-stt=\"1731231030\" data-widget_type=\"text-editor.default\">\n<div class=\"elementor-widget-container\">\n<p>En tant que titulaire de donn\u00e9es personnelles et en cas de violation de celles-ci, vous avez le droit de d\u00e9poser une plainte aupr\u00e8s de l&rsquo;autorit\u00e9 de contr\u00f4le (Commission Nationale de Protection des Donn\u00e9es &#8211; CNPD, Rua de S\u00e3o Bento, n.\u00ba 148, 3\u00ba, 1200-821 Lisbonne \u2013 T\u00e9l : +351 213928400 \u2013 Fax : +351 213976832 \u2013 e-mail : &nbsp;<a href=\"mailto:geral@cnpd.pt\" target=\"_blank\" rel=\"noopener\">geral@cnpd.pt<\/a>) et, de plus, de recourir aux instances judiciaires.<\/p>\n<p>Cette politique peut \u00eatre modifi\u00e9e sans pr\u00e9avis. Pour cette raison, nous vous recommandons de v\u00e9rifier cette politique chaque fois que vous visitez notre site Web ou nos applications mobiles. <\/p>\n<p>Encore une fois, merci beaucoup de continuer \u00e0 croire en nous et en notre Labuta !<\/p>\n<\/div>\n<\/div>\n<\/div>\n<\/div>\n<\/div>\n<\/section>\n<\/div><\/div><\/div><\/div><\/div><!-- \/wp:post-content -->","protected":false},"excerpt":{"rendered":"","protected":false},"author":1,"featured_media":0,"parent":0,"menu_order":0,"comment_status":"closed","ping_status":"open","template":"","meta":{"footnotes":""},"class_list":["post-2328","page","type-page","status-publish","hentry"],"_links":{"self":[{"href":"https:\/\/labuta.com\/fr\/wp-json\/wp\/v2\/pages\/2328","targetHints":{"allow":["GET"]}}],"collection":[{"href":"https:\/\/labuta.com\/fr\/wp-json\/wp\/v2\/pages"}],"about":[{"href":"https:\/\/labuta.com\/fr\/wp-json\/wp\/v2\/types\/page"}],"author":[{"embeddable":true,"href":"https:\/\/labuta.com\/fr\/wp-json\/wp\/v2\/users\/1"}],"replies":[{"embeddable":true,"href":"https:\/\/labuta.com\/fr\/wp-json\/wp\/v2\/comments?post=2328"}],"version-history":[{"count":3,"href":"https:\/\/labuta.com\/fr\/wp-json\/wp\/v2\/pages\/2328\/revisions"}],"predecessor-version":[{"id":3141,"href":"https:\/\/labuta.com\/fr\/wp-json\/wp\/v2\/pages\/2328\/revisions\/3141"}],"wp:attachment":[{"href":"https:\/\/labuta.com\/fr\/wp-json\/wp\/v2\/media?parent=2328"}],"curies":[{"name":"wp","href":"https:\/\/api.w.org\/{rel}","templated":true}]}}