{"id":2843,"date":"2025-07-03T11:45:48","date_gmt":"2025-07-03T11:45:48","guid":{"rendered":"https:\/\/labuta.com\/collaborations\/"},"modified":"2025-10-07T10:50:38","modified_gmt":"2025-10-07T10:50:38","slug":"collaborations","status":"publish","type":"page","link":"https:\/\/labuta.com\/fr\/collaborations\/","title":{"rendered":"Partenariats"},"content":{"rendered":"<p><div class=\"fusion-fullwidth fullwidth-box fusion-builder-row-1 fusion-flex-container has-pattern-background has-mask-background nonhundred-percent-fullwidth non-hundred-percent-height-scrolling\" style=\"--awb-border-radius-top-left:0px;--awb-border-radius-top-right:0px;--awb-border-radius-bottom-right:0px;--awb-border-radius-bottom-left:0px;--awb-flex-wrap:wrap;\" ><div class=\"fusion-builder-row fusion-row fusion-flex-align-items-center fusion-flex-content-wrap\" style=\"max-width:1248px;margin-left: calc(-4% \/ 2 );margin-right: calc(-4% \/ 2 );\"><div class=\"fusion-layout-column fusion_builder_column fusion-builder-column-0 fusion_builder_column_1_2 1_2 fusion-flex-column fusion-flex-align-self-center\" style=\"--awb-bg-size:cover;--awb-width-large:50%;--awb-margin-top-large:0px;--awb-spacing-right-large:3.84%;--awb-margin-bottom-large:20px;--awb-spacing-left-large:3.84%;--awb-width-medium:50%;--awb-order-medium:0;--awb-spacing-right-medium:3.84%;--awb-spacing-left-medium:3.84%;--awb-width-small:100%;--awb-order-small:0;--awb-spacing-right-small:1.92%;--awb-spacing-left-small:1.92%;\"><div class=\"fusion-column-wrapper fusion-column-has-shadow fusion-flex-justify-content-center fusion-content-layout-row\"><div class=\"fusion-title title fusion-title-1 fusion-sep-none fusion-title-text fusion-title-size-four\"><h4 class=\"fusion-title-heading title-heading-left\" style=\"margin:0;\">Labuta x Joana Vasconcelos, artiste plasticienne portugaise<\/h4><\/div><div class=\"fusion-separator\" style=\"align-self: center;margin-left: auto;margin-right: auto;flex-grow:2;margin-top:20px;margin-bottom:20px;width:100%;max-width:200px;\"><\/div><div class=\"fusion-text fusion-text-1\"><p>Nous avons associ\u00e9 la qualit\u00e9 de nos produits \u00e0 l&rsquo;explosion de couleurs et de contrastes si caract\u00e9ristique de l&rsquo;irr\u00e9v\u00e9rence et de la cr\u00e9ativit\u00e9 g\u00e9niale de l&rsquo;artiste, qui est si appr\u00e9ci\u00e9e et acclam\u00e9e par le public du monde entier. La malle Studio vise \u00e0 financer l&rsquo;attribution annuelle de bourses aux \u00e9tudiants en arts.<\/p>\n<\/div><\/div><\/div><div class=\"fusion-layout-column fusion_builder_column fusion-builder-column-1 fusion_builder_column_1_2 1_2 fusion-flex-column\" style=\"--awb-bg-size:cover;--awb-width-large:50%;--awb-margin-top-large:0px;--awb-spacing-right-large:3.84%;--awb-margin-bottom-large:20px;--awb-spacing-left-large:3.84%;--awb-width-medium:50%;--awb-order-medium:0;--awb-spacing-right-medium:3.84%;--awb-spacing-left-medium:3.84%;--awb-width-small:100%;--awb-order-small:0;--awb-spacing-right-small:1.92%;--awb-spacing-left-small:1.92%;\"><div class=\"fusion-column-wrapper fusion-column-has-shadow fusion-flex-justify-content-flex-start fusion-content-layout-column\"><div class=\"fusion-image-element \" style=\"text-align:center;--awb-mask-url: url(https:\/\/labuta.com\/wp-content\/plugins\/fusion-builder\/\/assets\/images\/masks\/mask-17.svg);--awb-caption-title-font-family:var(--h2_typography-font-family);--awb-caption-title-font-weight:var(--h2_typography-font-weight);--awb-caption-title-font-style:var(--h2_typography-font-style);--awb-caption-title-size:var(--h2_typography-font-size);--awb-caption-title-transform:var(--h2_typography-text-transform);--awb-caption-title-line-height:var(--h2_typography-line-height);--awb-caption-title-letter-spacing:var(--h2_typography-letter-spacing);\"><span class=\" fusion-imageframe imageframe-none imageframe-1 hover-type-none has-mask\"><img decoding=\"async\" width=\"400\" height=\"501\" title=\"JoanaVAsconcelos\" src=\"https:\/\/labuta.com\/wp-content\/uploads\/2025\/10\/JoanaVAsconcelos-400x501.jpg\" alt class=\"img-responsive wp-image-2917\" srcset=\"https:\/\/labuta.com\/wp-content\/uploads\/2025\/10\/JoanaVAsconcelos-200x250.jpg 200w, https:\/\/labuta.com\/wp-content\/uploads\/2025\/10\/JoanaVAsconcelos-400x501.jpg 400w, https:\/\/labuta.com\/wp-content\/uploads\/2025\/10\/JoanaVAsconcelos-600x751.jpg 600w, https:\/\/labuta.com\/wp-content\/uploads\/2025\/10\/JoanaVAsconcelos.jpg 799w\" sizes=\"(max-width: 640px) 100vw, 600px\" \/><\/span><\/div><div class=\"fusion-separator\" style=\"align-self: center;margin-left: auto;margin-right: auto;flex-grow:2;margin-top:20px;margin-bottom:20px;width:100%;max-width:200px;\"><\/div><\/div><\/div><\/div><\/div><div class=\"fusion-fullwidth fullwidth-box fusion-builder-row-2 fusion-flex-container has-pattern-background has-mask-background nonhundred-percent-fullwidth non-hundred-percent-height-scrolling\" style=\"--awb-border-radius-top-left:0px;--awb-border-radius-top-right:0px;--awb-border-radius-bottom-right:0px;--awb-border-radius-bottom-left:0px;--awb-flex-wrap:wrap;\" ><div class=\"fusion-builder-row fusion-row fusion-flex-align-items-center fusion-flex-content-wrap\" style=\"max-width:1248px;margin-left: calc(-4% \/ 2 );margin-right: calc(-4% \/ 2 );\"><div class=\"fusion-layout-column fusion_builder_column fusion-builder-column-2 fusion_builder_column_1_2 1_2 fusion-flex-column fusion-flex-align-self-center\" style=\"--awb-bg-size:cover;--awb-width-large:50%;--awb-margin-top-large:0px;--awb-spacing-right-large:3.84%;--awb-margin-bottom-large:20px;--awb-spacing-left-large:3.84%;--awb-width-medium:50%;--awb-order-medium:0;--awb-spacing-right-medium:3.84%;--awb-spacing-left-medium:3.84%;--awb-width-small:100%;--awb-order-small:0;--awb-spacing-right-small:1.92%;--awb-spacing-left-small:1.92%;\"><div class=\"fusion-column-wrapper fusion-column-has-shadow fusion-flex-justify-content-center fusion-content-layout-row\"><div class=\"fusion-image-element \" style=\"text-align:center;--awb-mask-url: url(https:\/\/labuta.com\/wp-content\/plugins\/fusion-builder\/\/assets\/images\/masks\/mask-17.svg);--awb-caption-title-font-family:var(--h2_typography-font-family);--awb-caption-title-font-weight:var(--h2_typography-font-weight);--awb-caption-title-font-style:var(--h2_typography-font-style);--awb-caption-title-size:var(--h2_typography-font-size);--awb-caption-title-transform:var(--h2_typography-text-transform);--awb-caption-title-line-height:var(--h2_typography-line-height);--awb-caption-title-letter-spacing:var(--h2_typography-letter-spacing);\"><span class=\" fusion-imageframe imageframe-none imageframe-2 hover-type-none has-mask\"><img decoding=\"async\" width=\"400\" height=\"600\" title=\"Tracesofme\" src=\"https:\/\/labuta.com\/wp-content\/uploads\/2025\/10\/Tracesofme-400x600.jpg\" alt class=\"img-responsive wp-image-2921\" srcset=\"https:\/\/labuta.com\/wp-content\/uploads\/2025\/10\/Tracesofme-200x300.jpg 200w, https:\/\/labuta.com\/wp-content\/uploads\/2025\/10\/Tracesofme-400x600.jpg 400w, https:\/\/labuta.com\/wp-content\/uploads\/2025\/10\/Tracesofme-600x900.jpg 600w, https:\/\/labuta.com\/wp-content\/uploads\/2025\/10\/Tracesofme-800x1200.jpg 800w, https:\/\/labuta.com\/wp-content\/uploads\/2025\/10\/Tracesofme.jpg 1000w\" sizes=\"(max-width: 640px) 100vw, 600px\" \/><\/span><\/div><div class=\"fusion-separator\" style=\"align-self: center;margin-left: auto;margin-right: auto;flex-grow:2;margin-top:20px;margin-bottom:20px;width:100%;max-width:200px;\"><\/div><\/div><\/div><div class=\"fusion-layout-column fusion_builder_column fusion-builder-column-3 fusion_builder_column_1_2 1_2 fusion-flex-column\" style=\"--awb-bg-size:cover;--awb-width-large:50%;--awb-margin-top-large:0px;--awb-spacing-right-large:3.84%;--awb-margin-bottom-large:20px;--awb-spacing-left-large:3.84%;--awb-width-medium:50%;--awb-order-medium:0;--awb-spacing-right-medium:3.84%;--awb-spacing-left-medium:3.84%;--awb-width-small:100%;--awb-order-small:0;--awb-spacing-right-small:1.92%;--awb-spacing-left-small:1.92%;\"><div class=\"fusion-column-wrapper fusion-column-has-shadow fusion-flex-justify-content-flex-start fusion-content-layout-column\"><div class=\"fusion-title title fusion-title-2 fusion-sep-none fusion-title-text fusion-title-size-four\"><h4 class=\"fusion-title-heading title-heading-left\" style=\"margin:0;\">Labuta x Traces of Me (Marque portugaise de design \u00e9thique)<\/h4><\/div><div class=\"fusion-text fusion-text-2\"><p>Partageant la m\u00eame philosophie consciente o\u00f9 les gens valorisent la qualit\u00e9 de production et respectent l&rsquo;environnement, Labuta et Traces of Me ont d\u00e9velopp\u00e9 une collaboration sur la Botte Estivadora, accentuant sa f\u00e9minit\u00e9 avec un m\u00e9lange de couleurs et de motifs caract\u00e9ristiques de l&rsquo;identit\u00e9 TM.<\/p>\n<\/div><\/div><\/div><\/div><\/div><div class=\"fusion-fullwidth fullwidth-box fusion-builder-row-3 fusion-flex-container has-pattern-background has-mask-background nonhundred-percent-fullwidth non-hundred-percent-height-scrolling\" style=\"--awb-border-radius-top-left:0px;--awb-border-radius-top-right:0px;--awb-border-radius-bottom-right:0px;--awb-border-radius-bottom-left:0px;--awb-flex-wrap:wrap;\" ><div class=\"fusion-builder-row fusion-row fusion-flex-align-items-center fusion-flex-content-wrap\" style=\"max-width:1248px;margin-left: calc(-4% \/ 2 );margin-right: calc(-4% \/ 2 );\"><div class=\"fusion-layout-column fusion_builder_column fusion-builder-column-4 fusion_builder_column_1_2 1_2 fusion-flex-column fusion-flex-align-self-center\" style=\"--awb-bg-size:cover;--awb-width-large:50%;--awb-margin-top-large:0px;--awb-spacing-right-large:3.84%;--awb-margin-bottom-large:20px;--awb-spacing-left-large:3.84%;--awb-width-medium:50%;--awb-order-medium:0;--awb-spacing-right-medium:3.84%;--awb-spacing-left-medium:3.84%;--awb-width-small:100%;--awb-order-small:0;--awb-spacing-right-small:1.92%;--awb-spacing-left-small:1.92%;\"><div class=\"fusion-column-wrapper fusion-column-has-shadow fusion-flex-justify-content-center fusion-content-layout-row\"><div class=\"fusion-title title fusion-title-3 fusion-sep-none fusion-title-text fusion-title-size-four\"><h4 class=\"fusion-title-heading title-heading-left\" style=\"margin:0;\">Labuta x Bordalo II, graffeur et artiste plasticien portugais x AEPGA<\/h4><\/div><div class=\"fusion-separator\" style=\"align-self: center;margin-left: auto;margin-right: auto;flex-grow:2;margin-top:20px;margin-bottom:20px;width:100%;max-width:200px;\"><\/div><div class=\"fusion-text fusion-text-3\"><p>Ce partenariat entre Labuta, Bordalo II et AEPGA &#8211; Association pour l&rsquo;\u00c9tude et la Protection de l&rsquo;\u00c2ne de Miranda vise \u00e0 encourager une consommation alternative et \u00e0 d\u00e9fendre l&rsquo;\u00c2ne de Miranda, une race menac\u00e9e d&rsquo;extinction. Pour chaque paire vendue, 30 \u20ac sont revers\u00e9s \u00e0 l&rsquo;association, et l&rsquo;acheteur re\u00e7oit un certificat de parrainage d&rsquo;un de ces sympathiques animaux. <\/p>\n<\/div><\/div><\/div><div class=\"fusion-layout-column fusion_builder_column fusion-builder-column-5 fusion_builder_column_1_2 1_2 fusion-flex-column\" style=\"--awb-bg-size:cover;--awb-width-large:50%;--awb-margin-top-large:0px;--awb-spacing-right-large:3.84%;--awb-margin-bottom-large:20px;--awb-spacing-left-large:3.84%;--awb-width-medium:50%;--awb-order-medium:0;--awb-spacing-right-medium:3.84%;--awb-spacing-left-medium:3.84%;--awb-width-small:100%;--awb-order-small:0;--awb-spacing-right-small:1.92%;--awb-spacing-left-small:1.92%;\"><div class=\"fusion-column-wrapper fusion-column-has-shadow fusion-flex-justify-content-flex-start fusion-content-layout-column\"><div class=\"fusion-image-element \" style=\"text-align:center;--awb-mask-url: url(https:\/\/labuta.com\/wp-content\/plugins\/fusion-builder\/\/assets\/images\/masks\/mask-17.svg);--awb-caption-title-font-family:var(--h2_typography-font-family);--awb-caption-title-font-weight:var(--h2_typography-font-weight);--awb-caption-title-font-style:var(--h2_typography-font-style);--awb-caption-title-size:var(--h2_typography-font-size);--awb-caption-title-transform:var(--h2_typography-text-transform);--awb-caption-title-line-height:var(--h2_typography-line-height);--awb-caption-title-letter-spacing:var(--h2_typography-letter-spacing);\"><span class=\" fusion-imageframe imageframe-none imageframe-3 hover-type-none has-mask\"><img decoding=\"async\" width=\"400\" height=\"533\" title=\"Labuta-x-Bordalo-II-x-AEPGA-1152&#215;1536\" src=\"https:\/\/labuta.com\/wp-content\/uploads\/2025\/07\/Labuta-x-Bordalo-II-x-AEPGA-1152x1536-1-400x533.jpg\" alt class=\"img-responsive wp-image-2499\" srcset=\"https:\/\/labuta.com\/wp-content\/uploads\/2025\/07\/Labuta-x-Bordalo-II-x-AEPGA-1152x1536-1-200x267.jpg 200w, https:\/\/labuta.com\/wp-content\/uploads\/2025\/07\/Labuta-x-Bordalo-II-x-AEPGA-1152x1536-1-400x533.jpg 400w, https:\/\/labuta.com\/wp-content\/uploads\/2025\/07\/Labuta-x-Bordalo-II-x-AEPGA-1152x1536-1-600x800.jpg 600w, https:\/\/labuta.com\/wp-content\/uploads\/2025\/07\/Labuta-x-Bordalo-II-x-AEPGA-1152x1536-1-800x1067.jpg 800w, https:\/\/labuta.com\/wp-content\/uploads\/2025\/07\/Labuta-x-Bordalo-II-x-AEPGA-1152x1536-1.jpg 1152w\" sizes=\"(max-width: 640px) 100vw, 600px\" \/><\/span><\/div><div class=\"fusion-separator\" style=\"align-self: center;margin-left: auto;margin-right: auto;flex-grow:2;margin-top:20px;margin-bottom:20px;width:100%;max-width:200px;\"><\/div><\/div><\/div><\/div><\/div><div class=\"fusion-fullwidth fullwidth-box fusion-builder-row-4 fusion-flex-container has-pattern-background has-mask-background nonhundred-percent-fullwidth non-hundred-percent-height-scrolling\" style=\"--awb-border-radius-top-left:0px;--awb-border-radius-top-right:0px;--awb-border-radius-bottom-right:0px;--awb-border-radius-bottom-left:0px;--awb-flex-wrap:wrap;\" ><div class=\"fusion-builder-row fusion-row fusion-flex-align-items-center fusion-flex-content-wrap\" style=\"max-width:1248px;margin-left: calc(-4% \/ 2 );margin-right: calc(-4% \/ 2 );\"><div class=\"fusion-layout-column fusion_builder_column fusion-builder-column-6 fusion_builder_column_1_2 1_2 fusion-flex-column fusion-flex-align-self-center\" style=\"--awb-bg-size:cover;--awb-width-large:50%;--awb-margin-top-large:0px;--awb-spacing-right-large:3.84%;--awb-margin-bottom-large:20px;--awb-spacing-left-large:3.84%;--awb-width-medium:50%;--awb-order-medium:0;--awb-spacing-right-medium:3.84%;--awb-spacing-left-medium:3.84%;--awb-width-small:100%;--awb-order-small:0;--awb-spacing-right-small:1.92%;--awb-spacing-left-small:1.92%;\"><div class=\"fusion-column-wrapper fusion-column-has-shadow fusion-flex-justify-content-center fusion-content-layout-row\"><div class=\"fusion-image-element \" style=\"text-align:center;--awb-mask-url: url(https:\/\/labuta.com\/wp-content\/plugins\/fusion-builder\/\/assets\/images\/masks\/mask-17.svg);--awb-caption-title-font-family:var(--h2_typography-font-family);--awb-caption-title-font-weight:var(--h2_typography-font-weight);--awb-caption-title-font-style:var(--h2_typography-font-style);--awb-caption-title-size:var(--h2_typography-font-size);--awb-caption-title-transform:var(--h2_typography-text-transform);--awb-caption-title-line-height:var(--h2_typography-line-height);--awb-caption-title-letter-spacing:var(--h2_typography-letter-spacing);\"><span class=\" fusion-imageframe imageframe-none imageframe-4 hover-type-none has-mask\"><img decoding=\"async\" src=\"https:\/\/labuta.com\/wp-content\/uploads\/2024\/09\/IMG_5113-1-scaled-1-400x600.jpg\" alt class=\"img-responsive wp-image-1261\"\/><\/span><\/div><div class=\"fusion-separator\" style=\"align-self: center;margin-left: auto;margin-right: auto;flex-grow:2;margin-top:20px;margin-bottom:20px;width:100%;max-width:200px;\"><\/div><\/div><\/div><div class=\"fusion-layout-column fusion_builder_column fusion-builder-column-7 fusion_builder_column_1_2 1_2 fusion-flex-column\" style=\"--awb-bg-size:cover;--awb-width-large:50%;--awb-margin-top-large:0px;--awb-spacing-right-large:3.84%;--awb-margin-bottom-large:20px;--awb-spacing-left-large:3.84%;--awb-width-medium:50%;--awb-order-medium:0;--awb-spacing-right-medium:3.84%;--awb-spacing-left-medium:3.84%;--awb-width-small:100%;--awb-order-small:0;--awb-spacing-right-small:1.92%;--awb-spacing-left-small:1.92%;\"><div class=\"fusion-column-wrapper fusion-column-has-shadow fusion-flex-justify-content-flex-start fusion-content-layout-column\"><div class=\"fusion-title title fusion-title-4 fusion-sep-none fusion-title-text fusion-title-size-four\"><h4 class=\"fusion-title-heading title-heading-left\" style=\"margin:0;\">Labuta x \u00c9tablissement P\u00e9nitentiaire de Leiria Jeunes<\/h4><\/div><div class=\"fusion-text fusion-text-4\"><p>Afin de pr\u00e9server cette tradition si portugaise, nos Chaussons Domestiques sont fabriqu\u00e9s en burel, un mat\u00e9riau aussi naturel et robuste que typique de notre pays. Dans le cadre de ce projet d&rsquo;inclusion, une partie des ventes est revers\u00e9e \u00e0 nos d\u00e9tenus, les int\u00e9grant dans la soci\u00e9t\u00e9 et r\u00e9compensant ainsi leur travail. <\/p>\n<\/div><\/div><\/div><\/div><\/div><\/p>\n","protected":false},"excerpt":{"rendered":"","protected":false},"author":1,"featured_media":0,"parent":0,"menu_order":0,"comment_status":"closed","ping_status":"closed","template":"100-width.php","meta":{"footnotes":""},"class_list":["post-2843","page","type-page","status-publish","hentry"],"_links":{"self":[{"href":"https:\/\/labuta.com\/fr\/wp-json\/wp\/v2\/pages\/2843","targetHints":{"allow":["GET"]}}],"collection":[{"href":"https:\/\/labuta.com\/fr\/wp-json\/wp\/v2\/pages"}],"about":[{"href":"https:\/\/labuta.com\/fr\/wp-json\/wp\/v2\/types\/page"}],"author":[{"embeddable":true,"href":"https:\/\/labuta.com\/fr\/wp-json\/wp\/v2\/users\/1"}],"replies":[{"embeddable":true,"href":"https:\/\/labuta.com\/fr\/wp-json\/wp\/v2\/comments?post=2843"}],"version-history":[{"count":14,"href":"https:\/\/labuta.com\/fr\/wp-json\/wp\/v2\/pages\/2843\/revisions"}],"predecessor-version":[{"id":3178,"href":"https:\/\/labuta.com\/fr\/wp-json\/wp\/v2\/pages\/2843\/revisions\/3178"}],"wp:attachment":[{"href":"https:\/\/labuta.com\/fr\/wp-json\/wp\/v2\/media?parent=2843"}],"curies":[{"name":"wp","href":"https:\/\/api.w.org\/{rel}","templated":true}]}}