{"id":1693,"date":"2024-09-05T17:15:02","date_gmt":"2024-09-05T17:15:02","guid":{"rendered":"https:\/\/labuta.com\/loja\/non%20class\u00e9\/botte-de-pompier-sand\/"},"modified":"2025-11-21T18:06:10","modified_gmt":"2025-11-21T18:06:10","slug":"botte-de-pompier-sand","status":"publish","type":"product","link":"https:\/\/labuta.com\/fr\/loja\/botte-de-pompier-sand\/","title":{"rendered":"Bottine Pompi\u00e8re Sand"},"content":{"rendered":"","protected":false},"excerpt":{"rendered":"<p>De plus en plus de femmes embrassent spontan\u00e9ment, le sourire aux l\u00e8vres, ce beau mais dangereux m\u00e9tier.<\/p>\n<p>Notre reconnaissance et notre admiration pour leur travail et les dangers qu&rsquo;elles affrontent au quotidien ne pouvaient qu&rsquo;aboutir \u00e0 une botte confortable et r\u00e9sistante qui souligne leur f\u00e9minit\u00e9 tout en leur rendant un hommage sinc\u00e8re.<\/p>\n<p>D\u00e9tails du produit :<\/p>\n<ul>\n<li>Construction Goodyear Welted<\/li>\n<li>Cuir tann\u00e9 au v\u00e9g\u00e9tal<\/li>\n<li>Semelle en cuir avec caoutchouc vibram<\/li>\n<li>Doublure en cuir anti-t\u00e2ches<\/li>\n<li>Semelle int\u00e9rieure \u00e0 double m\u00e9moire de forme doubl\u00e9e de cuir<\/li>\n<li>Lacets color\u00e9s en ruban de coton<\/li>\n<\/ul>\n","protected":false},"featured_media":1153,"comment_status":"open","ping_status":"closed","template":"","meta":[],"product_brand":[],"product_cat":[215],"product_tag":[217,219,224,220,223,221,218,222,225,226,228,227,216],"class_list":{"0":"post-1693","1":"product","2":"type-product","3":"status-publish","4":"has-post-thumbnail","6":"product_cat-femme","7":"product_tag-bottes","8":"product_tag-bottes-cousues","9":"product_tag-bottes-durables","10":"product_tag-bottes-ecologiques","11":"product_tag-bottes-en-cuir","12":"product_tag-bottes-faites-a-la-main-fr","13":"product_tag-bottes-faites-a-la-main","14":"product_tag-bottes-pour-femmes","15":"product_tag-bottes-vintage","16":"product_tag-chaussures-faites-a-la-main","17":"product_tag-femmes","18":"product_tag-goodyear-welt-fr","19":"product_tag-mode","20":"pa_tamanho-mulher-35-fr","21":"pa_tamanho-mulher-36-fr","22":"pa_tamanho-mulher-37-fr","23":"pa_tamanho-mulher-38-fr","24":"pa_tamanho-mulher-39-fr","25":"pa_tamanho-mulher-40-fr","26":"pa_tamanho-mulher-41-fr","27":"pa_tamanho-mulher-42-fr","29":"first","30":"instock","31":"shipping-taxable","32":"purchasable","33":"product-type-variable","34":"has-default-attributes"},"_links":{"self":[{"href":"https:\/\/labuta.com\/fr\/wp-json\/wp\/v2\/product\/1693","targetHints":{"allow":["GET"]}}],"collection":[{"href":"https:\/\/labuta.com\/fr\/wp-json\/wp\/v2\/product"}],"about":[{"href":"https:\/\/labuta.com\/fr\/wp-json\/wp\/v2\/types\/product"}],"replies":[{"embeddable":true,"href":"https:\/\/labuta.com\/fr\/wp-json\/wp\/v2\/comments?post=1693"}],"wp:featuredmedia":[{"embeddable":true,"href":"https:\/\/labuta.com\/fr\/wp-json\/wp\/v2\/media\/1153"}],"wp:attachment":[{"href":"https:\/\/labuta.com\/fr\/wp-json\/wp\/v2\/media?parent=1693"}],"wp:term":[{"taxonomy":"product_brand","embeddable":true,"href":"https:\/\/labuta.com\/fr\/wp-json\/wp\/v2\/product_brand?post=1693"},{"taxonomy":"product_cat","embeddable":true,"href":"https:\/\/labuta.com\/fr\/wp-json\/wp\/v2\/product_cat?post=1693"},{"taxonomy":"product_tag","embeddable":true,"href":"https:\/\/labuta.com\/fr\/wp-json\/wp\/v2\/product_tag?post=1693"}],"curies":[{"name":"wp","href":"https:\/\/api.w.org\/{rel}","templated":true}]}}