{"id":1720,"date":"2024-09-05T17:12:00","date_gmt":"2024-09-05T17:12:00","guid":{"rendered":"https:\/\/labuta.com\/loja\/non%20class\u00e9\/bottes-de-bucheron-brick\/"},"modified":"2025-11-21T18:06:04","modified_gmt":"2025-11-21T18:06:04","slug":"bottes-de-bucheron-brick","status":"publish","type":"product","link":"https:\/\/labuta.com\/fr\/loja\/bottes-de-bucheron-brick\/","title":{"rendered":"Bottine de B\u00fbcheronne Brick"},"content":{"rendered":"<p>&nbsp;<\/p>\n<p>&nbsp;<\/p>\n<p>&nbsp;<\/p>\n","protected":false},"excerpt":{"rendered":"<p>Fruit des temps modernes, les travaux \u00ab p\u00e9nibles \u00bb ne sont plus l&rsquo;apanage du monde masculin. Nous appliquons ce terme aux travailleuses qui r\u00e9coltent, coupent ou simplement empilent du bois.<\/p>\n<p>D\u00e9tails du produit :<\/p>\n<ul>\n<li>Construction Goodyear Welted<\/li>\n<li>Cuir naturel de haute r\u00e9sistance<\/li>\n<li>Semelle en caoutchouc Vibram \u00e0 air<\/li>\n<li>Doublure anti-taches<\/li>\n<li>Semelle int\u00e9rieure \u00e0 double m\u00e9moire de forme doubl\u00e9e de cuir<\/li>\n<li>Lacets en cuir<\/li>\n<\/ul>\n","protected":false},"featured_media":1053,"comment_status":"open","ping_status":"closed","template":"","meta":[],"product_brand":[],"product_cat":[215],"product_tag":[217,219,224,220,223,262,221,263,225,261,226,227,259,260],"class_list":{"0":"post-1720","1":"product","2":"type-product","3":"status-publish","4":"has-post-thumbnail","6":"product_cat-femme","7":"product_tag-bottes","8":"product_tag-bottes-cousues","9":"product_tag-bottes-durables","10":"product_tag-bottes-ecologiques","11":"product_tag-bottes-en-cuir","12":"product_tag-bottes-en-daim","13":"product_tag-bottes-faites-a-la-main-fr","14":"product_tag-bottes-pour-femmes-fr","15":"product_tag-bottes-vintage","16":"product_tag-chaussures","17":"product_tag-chaussures-faites-a-la-main","18":"product_tag-goodyear-welt-fr","19":"product_tag-portugal-fr","20":"product_tag-vintage-fr","21":"pa_tamanho-mulher-35-fr","22":"pa_tamanho-mulher-36-fr","23":"pa_tamanho-mulher-37-fr","24":"pa_tamanho-mulher-38-fr","25":"pa_tamanho-mulher-39-fr","26":"pa_tamanho-mulher-40-fr","27":"pa_tamanho-mulher-41-fr","28":"pa_tamanho-mulher-42-fr","30":"first","31":"instock","32":"shipping-taxable","33":"purchasable","34":"product-type-variable"},"_links":{"self":[{"href":"https:\/\/labuta.com\/fr\/wp-json\/wp\/v2\/product\/1720","targetHints":{"allow":["GET"]}}],"collection":[{"href":"https:\/\/labuta.com\/fr\/wp-json\/wp\/v2\/product"}],"about":[{"href":"https:\/\/labuta.com\/fr\/wp-json\/wp\/v2\/types\/product"}],"replies":[{"embeddable":true,"href":"https:\/\/labuta.com\/fr\/wp-json\/wp\/v2\/comments?post=1720"}],"wp:featuredmedia":[{"embeddable":true,"href":"https:\/\/labuta.com\/fr\/wp-json\/wp\/v2\/media\/1053"}],"wp:attachment":[{"href":"https:\/\/labuta.com\/fr\/wp-json\/wp\/v2\/media?parent=1720"}],"wp:term":[{"taxonomy":"product_brand","embeddable":true,"href":"https:\/\/labuta.com\/fr\/wp-json\/wp\/v2\/product_brand?post=1720"},{"taxonomy":"product_cat","embeddable":true,"href":"https:\/\/labuta.com\/fr\/wp-json\/wp\/v2\/product_cat?post=1720"},{"taxonomy":"product_tag","embeddable":true,"href":"https:\/\/labuta.com\/fr\/wp-json\/wp\/v2\/product_tag?post=1720"}],"curies":[{"name":"wp","href":"https:\/\/api.w.org\/{rel}","templated":true}]}}