{"id":1747,"date":"2024-09-05T17:12:00","date_gmt":"2024-09-05T17:12:00","guid":{"rendered":"https:\/\/labuta.com\/loja\/non%20class\u00e9\/botte-mineira-sand\/"},"modified":"2025-11-21T18:06:03","modified_gmt":"2025-11-21T18:06:03","slug":"botte-mineira-sand","status":"publish","type":"product","link":"https:\/\/labuta.com\/fr\/loja\/botte-mineira-sand\/","title":{"rendered":"Bottine Mineira Sand"},"content":{"rendered":"","protected":false},"excerpt":{"rendered":"<p>Ces Bottine de mineur sont influenc\u00e9es par le style traditionnel et allient durabilit\u00e9 et confort, rendant ce mod\u00e8le aussi facile \u00e0 porter qu&rsquo;\u00e0 admirer, que ce soit avec un jean ou une robe florale.<\/p>\n<p><\/p>\n<p>Elles utilisent une forme vintage.<\/p>\n<p>D\u00e9tails du produit :<\/p>\n<ul>\n<li>Construction Goodyear Welted<\/li>\n<li>Daim naturel impr\u00e9gn\u00e9 d&rsquo;huile et br\u00fbl\u00e9 \u00e0 la main<\/li>\n<li>Semelle en cuir avec caoutchouc vibram<\/li>\n<li>Doublure en cuir anti-t\u00e2ches<\/li>\n<li>Semelle int\u00e9rieure \u00e0 double m\u00e9moire de forme doubl\u00e9e de cuir<\/li>\n<li>Lacets en cuir<\/li>\n<\/ul>\n","protected":false},"featured_media":996,"comment_status":"open","ping_status":"closed","template":"","meta":[],"product_brand":[],"product_cat":[215],"product_tag":[217,219,224,220,223,262,221,222,225,261,271,227,259,260],"class_list":{"0":"post-1747","1":"product","2":"type-product","3":"status-publish","4":"has-post-thumbnail","6":"product_cat-femme","7":"product_tag-bottes","8":"product_tag-bottes-cousues","9":"product_tag-bottes-durables","10":"product_tag-bottes-ecologiques","11":"product_tag-bottes-en-cuir","12":"product_tag-bottes-en-daim","13":"product_tag-bottes-faites-a-la-main-fr","14":"product_tag-bottes-pour-femmes","15":"product_tag-bottes-vintage","16":"product_tag-chaussures","17":"product_tag-daim","18":"product_tag-goodyear-welt-fr","19":"product_tag-portugal-fr","20":"product_tag-vintage-fr","21":"pa_tamanho-mulher-35-fr","22":"pa_tamanho-mulher-36-fr","23":"pa_tamanho-mulher-37-fr","24":"pa_tamanho-mulher-38-fr","25":"pa_tamanho-mulher-39-fr","26":"pa_tamanho-mulher-40-fr","27":"pa_tamanho-mulher-41-fr","28":"pa_tamanho-mulher-42-fr","30":"first","31":"onbackorder","32":"shipping-taxable","33":"purchasable","34":"product-type-variable"},"_links":{"self":[{"href":"https:\/\/labuta.com\/fr\/wp-json\/wp\/v2\/product\/1747","targetHints":{"allow":["GET"]}}],"collection":[{"href":"https:\/\/labuta.com\/fr\/wp-json\/wp\/v2\/product"}],"about":[{"href":"https:\/\/labuta.com\/fr\/wp-json\/wp\/v2\/types\/product"}],"replies":[{"embeddable":true,"href":"https:\/\/labuta.com\/fr\/wp-json\/wp\/v2\/comments?post=1747"}],"wp:featuredmedia":[{"embeddable":true,"href":"https:\/\/labuta.com\/fr\/wp-json\/wp\/v2\/media\/996"}],"wp:attachment":[{"href":"https:\/\/labuta.com\/fr\/wp-json\/wp\/v2\/media?parent=1747"}],"wp:term":[{"taxonomy":"product_brand","embeddable":true,"href":"https:\/\/labuta.com\/fr\/wp-json\/wp\/v2\/product_brand?post=1747"},{"taxonomy":"product_cat","embeddable":true,"href":"https:\/\/labuta.com\/fr\/wp-json\/wp\/v2\/product_cat?post=1747"},{"taxonomy":"product_tag","embeddable":true,"href":"https:\/\/labuta.com\/fr\/wp-json\/wp\/v2\/product_tag?post=1747"}],"curies":[{"name":"wp","href":"https:\/\/api.w.org\/{rel}","templated":true}]}}