{"id":1774,"date":"2024-09-05T17:11:59","date_gmt":"2024-09-05T17:11:59","guid":{"rendered":"https:\/\/labuta.com\/loja\/non%20class\u00e9\/botte-olive-explorer\/"},"modified":"2025-11-21T18:06:06","modified_gmt":"2025-11-21T18:06:06","slug":"botte-olive-explorer","status":"publish","type":"product","link":"https:\/\/labuta.com\/fr\/loja\/botte-olive-explorer\/","title":{"rendered":"Bottine Exploratrice Olive"},"content":{"rendered":"","protected":false},"excerpt":{"rendered":"<p>Il s&rsquo;agit de la version f\u00e9minine des bottes de montagne port\u00e9es par les guides, sans perdre leurs caract\u00e9ristiques de robustesse, de durabilit\u00e9 et de confort, mais avec la possibilit\u00e9 d&rsquo;une utilisation pratique et quotidienne.<\/p>\n<p>Ils utilisent une forme d&rsquo;\u00e9poque<\/p>\n<p>D\u00e9tails du produit :<\/p>\n<ul>\n<li>Construction Goodyear Welted<\/li>\n<li>Daim naturel impr\u00e9gn\u00e9 d&rsquo;huile et br\u00fbl\u00e9 \u00e0 la main<\/li>\n<li>Semelle en caoutchouc vibram ultra-r\u00e9sistante<\/li>\n<li>Doublure en cuir anti-t\u00e2ches<\/li>\n<li>Semelle int\u00e9rieure \u00e0 double m\u00e9moire de forme doubl\u00e9e de cuir<\/li>\n<li>Lacets en coton rouge<\/li>\n<\/ul>\n","protected":false},"featured_media":5466,"comment_status":"open","ping_status":"closed","template":"","meta":[],"product_brand":[],"product_cat":[215],"product_tag":[217,219,224,220,223,262,221,218,222,225,261,226,271,228,227,259,260],"class_list":{"0":"post-1774","1":"product","2":"type-product","3":"status-publish","4":"has-post-thumbnail","6":"product_cat-femme","7":"product_tag-bottes","8":"product_tag-bottes-cousues","9":"product_tag-bottes-durables","10":"product_tag-bottes-ecologiques","11":"product_tag-bottes-en-cuir","12":"product_tag-bottes-en-daim","13":"product_tag-bottes-faites-a-la-main-fr","14":"product_tag-bottes-faites-a-la-main","15":"product_tag-bottes-pour-femmes","16":"product_tag-bottes-vintage","17":"product_tag-chaussures","18":"product_tag-chaussures-faites-a-la-main","19":"product_tag-daim","20":"product_tag-femmes","21":"product_tag-goodyear-welt-fr","22":"product_tag-portugal-fr","23":"product_tag-vintage-fr","24":"pa_tamanho-mulher-35-fr","25":"pa_tamanho-mulher-36-fr","26":"pa_tamanho-mulher-37-fr","27":"pa_tamanho-mulher-38-fr","28":"pa_tamanho-mulher-39-fr","29":"pa_tamanho-mulher-40-fr","30":"pa_tamanho-mulher-41-fr","31":"pa_tamanho-mulher-42-fr","33":"first","34":"instock","35":"shipping-taxable","36":"purchasable","37":"product-type-variable"},"_links":{"self":[{"href":"https:\/\/labuta.com\/fr\/wp-json\/wp\/v2\/product\/1774","targetHints":{"allow":["GET"]}}],"collection":[{"href":"https:\/\/labuta.com\/fr\/wp-json\/wp\/v2\/product"}],"about":[{"href":"https:\/\/labuta.com\/fr\/wp-json\/wp\/v2\/types\/product"}],"replies":[{"embeddable":true,"href":"https:\/\/labuta.com\/fr\/wp-json\/wp\/v2\/comments?post=1774"}],"wp:featuredmedia":[{"embeddable":true,"href":"https:\/\/labuta.com\/fr\/wp-json\/wp\/v2\/media\/5466"}],"wp:attachment":[{"href":"https:\/\/labuta.com\/fr\/wp-json\/wp\/v2\/media?parent=1774"}],"wp:term":[{"taxonomy":"product_brand","embeddable":true,"href":"https:\/\/labuta.com\/fr\/wp-json\/wp\/v2\/product_brand?post=1774"},{"taxonomy":"product_cat","embeddable":true,"href":"https:\/\/labuta.com\/fr\/wp-json\/wp\/v2\/product_cat?post=1774"},{"taxonomy":"product_tag","embeddable":true,"href":"https:\/\/labuta.com\/fr\/wp-json\/wp\/v2\/product_tag?post=1774"}],"curies":[{"name":"wp","href":"https:\/\/api.w.org\/{rel}","templated":true}]}}