{"id":1873,"date":"2024-01-06T09:53:54","date_gmt":"2024-01-06T09:53:54","guid":{"rendered":"https:\/\/labuta.com\/loja\/non%20class\u00e9\/botte-portefeuille-brandy\/"},"modified":"2025-11-21T18:06:09","modified_gmt":"2025-11-21T18:06:09","slug":"botte-portefeuille-brandy","status":"publish","type":"product","link":"https:\/\/labuta.com\/fr\/loja\/botte-portefeuille-brandy\/","title":{"rendered":"Bottine Factrice Brandy"},"content":{"rendered":"","protected":false},"excerpt":{"rendered":"<p>C&rsquo;est notre fa\u00e7on de rendre hommage \u00e0 toutes les femmes qui ont embrass\u00e9 cette profession autrefois r\u00e9serv\u00e9e aux hommes, en montrant que l&rsquo;on peut \u00eatre \u00e0 l&rsquo;aise sans perdre son \u00e9l\u00e9gance.<br \/>\nLa forme est classique.<\/p>\n<p>D\u00e9tails du produit :<\/p>\n<ul>\n<li>Construction Goodyear Welted<\/li>\n<li>Cuir tann\u00e9 au v\u00e9g\u00e9tal<\/li>\n<li>Semelle en caoutchouc qui vibre avec l&rsquo;air \u00e0 l&rsquo;int\u00e9rieur<\/li>\n<li>Doublure en cuir anti-t\u00e2ches<\/li>\n<li>Semelle int\u00e9rieure \u00e0 double m\u00e9moire de forme doubl\u00e9e de cuir<\/li>\n<li>Lacets en cuir<\/li>\n<\/ul>\n","protected":false},"featured_media":538,"comment_status":"open","ping_status":"closed","template":"","meta":[],"product_brand":[],"product_cat":[215],"product_tag":[217,219,224,220,223,221,218,222,225,226,282,259,260],"class_list":{"0":"post-1873","1":"product","2":"type-product","3":"status-publish","4":"has-post-thumbnail","6":"product_cat-femme","7":"product_tag-bottes","8":"product_tag-bottes-cousues","9":"product_tag-bottes-durables","10":"product_tag-bottes-ecologiques","11":"product_tag-bottes-en-cuir","12":"product_tag-bottes-faites-a-la-main-fr","13":"product_tag-bottes-faites-a-la-main","14":"product_tag-bottes-pour-femmes","15":"product_tag-bottes-vintage","16":"product_tag-chaussures-faites-a-la-main","17":"product_tag-leather-fr","18":"product_tag-portugal-fr","19":"product_tag-vintage-fr","20":"pa_tamanho-mulher-35-fr","21":"pa_tamanho-mulher-36-fr","22":"pa_tamanho-mulher-37-fr","23":"pa_tamanho-mulher-38-fr","24":"pa_tamanho-mulher-39-fr","25":"pa_tamanho-mulher-40-fr","26":"pa_tamanho-mulher-41-fr","27":"pa_tamanho-mulher-42-fr","29":"first","30":"instock","31":"shipping-taxable","32":"purchasable","33":"product-type-variable"},"_links":{"self":[{"href":"https:\/\/labuta.com\/fr\/wp-json\/wp\/v2\/product\/1873","targetHints":{"allow":["GET"]}}],"collection":[{"href":"https:\/\/labuta.com\/fr\/wp-json\/wp\/v2\/product"}],"about":[{"href":"https:\/\/labuta.com\/fr\/wp-json\/wp\/v2\/types\/product"}],"replies":[{"embeddable":true,"href":"https:\/\/labuta.com\/fr\/wp-json\/wp\/v2\/comments?post=1873"}],"wp:featuredmedia":[{"embeddable":true,"href":"https:\/\/labuta.com\/fr\/wp-json\/wp\/v2\/media\/538"}],"wp:attachment":[{"href":"https:\/\/labuta.com\/fr\/wp-json\/wp\/v2\/media?parent=1873"}],"wp:term":[{"taxonomy":"product_brand","embeddable":true,"href":"https:\/\/labuta.com\/fr\/wp-json\/wp\/v2\/product_brand?post=1873"},{"taxonomy":"product_cat","embeddable":true,"href":"https:\/\/labuta.com\/fr\/wp-json\/wp\/v2\/product_cat?post=1873"},{"taxonomy":"product_tag","embeddable":true,"href":"https:\/\/labuta.com\/fr\/wp-json\/wp\/v2\/product_tag?post=1873"}],"curies":[{"name":"wp","href":"https:\/\/api.w.org\/{rel}","templated":true}]}}