{"id":1907,"date":"2024-09-05T17:08:33","date_gmt":"2024-09-05T17:08:33","guid":{"rendered":"https:\/\/labuta.com\/loja\/non%20class\u00e9\/sac-militaire-natural\/"},"modified":"2025-10-09T11:11:14","modified_gmt":"2025-10-09T11:11:14","slug":"sac-militaire-natural","status":"publish","type":"product","link":"https:\/\/labuta.com\/fr\/loja\/sac-militaire-natural\/","title":{"rendered":"Sac Militaire Canvas Natural"},"content":{"rendered":"","protected":false},"excerpt":{"rendered":"<p data-start=\"100\" data-end=\"391\"><strong data-start=\"100\" data-end=\"391\">Dans sa version sac, c\u2019est le compagnon id\u00e9al pour une escapade le temps d\u2019un week-end. Confectionn\u00e9 en toile militaire de l\u2019arm\u00e9e portugaise et en cuir vieilli, il allie r\u00e9sistance, authenticit\u00e9 et style dans un accessoire con\u00e7u pour durer. Un classique intemporel de la famille Labuta.<\/strong><\/p>\n<p data-start=\"100\" data-end=\"391\">D\u00e9tails du produit :<\/p>\n<ul>\n<li>Fabrication artisanale<\/li>\n<li>Cuir naturel avec traitement vintage<\/li>\n<li>Toile de l&rsquo;arm\u00e9e portugaise<\/li>\n<li>Fermoirs en nickel<\/li>\n<li>Bretelles amovibles<\/li>\n<\/ul>\n<p>Les dimensions sont approximatives :<\/p>\n<ul>\n<li>Hauteur : 40 cm<\/li>\n<li>Largeur : 34 cm<\/li>\n<li>Profondeur : 15 cm<\/li>\n<\/ul>\n","protected":false},"featured_media":891,"comment_status":"open","ping_status":"closed","template":"","meta":[],"product_brand":[],"product_cat":[298],"product_tag":[300,299,303,302,301,323,282,305,325,331,260],"class_list":{"0":"post-1907","1":"product","2":"type-product","3":"status-publish","4":"has-post-thumbnail","6":"product_cat-accessoire","7":"product_tag-accessoires","8":"product_tag-accessoires-de-mode","9":"product_tag-accessoires-de-mode-ecologiques","10":"product_tag-accessoires-durables","11":"product_tag-accessoires-faits-a-la-main","12":"product_tag-accessoires-faits-main","13":"product_tag-leather-fr","14":"product_tag-sacs-a-dos-durables","15":"product_tag-sacs-de-voyage","16":"product_tag-valises","17":"product_tag-vintage-fr","19":"first","20":"onbackorder","21":"shipping-taxable","22":"purchasable","23":"product-type-simple"},"_links":{"self":[{"href":"https:\/\/labuta.com\/fr\/wp-json\/wp\/v2\/product\/1907","targetHints":{"allow":["GET"]}}],"collection":[{"href":"https:\/\/labuta.com\/fr\/wp-json\/wp\/v2\/product"}],"about":[{"href":"https:\/\/labuta.com\/fr\/wp-json\/wp\/v2\/types\/product"}],"replies":[{"embeddable":true,"href":"https:\/\/labuta.com\/fr\/wp-json\/wp\/v2\/comments?post=1907"}],"wp:featuredmedia":[{"embeddable":true,"href":"https:\/\/labuta.com\/fr\/wp-json\/wp\/v2\/media\/891"}],"wp:attachment":[{"href":"https:\/\/labuta.com\/fr\/wp-json\/wp\/v2\/media?parent=1907"}],"wp:term":[{"taxonomy":"product_brand","embeddable":true,"href":"https:\/\/labuta.com\/fr\/wp-json\/wp\/v2\/product_brand?post=1907"},{"taxonomy":"product_cat","embeddable":true,"href":"https:\/\/labuta.com\/fr\/wp-json\/wp\/v2\/product_cat?post=1907"},{"taxonomy":"product_tag","embeddable":true,"href":"https:\/\/labuta.com\/fr\/wp-json\/wp\/v2\/product_tag?post=1907"}],"curies":[{"name":"wp","href":"https:\/\/api.w.org\/{rel}","templated":true}]}}