{"id":1910,"date":"2024-09-05T17:08:33","date_gmt":"2024-09-05T17:08:33","guid":{"rendered":"https:\/\/labuta.com\/loja\/non%20class\u00e9\/sac-en-resine-marron\/"},"modified":"2025-10-09T11:40:17","modified_gmt":"2025-10-09T11:40:17","slug":"sac-en-resine-marron","status":"publish","type":"product","link":"https:\/\/labuta.com\/fr\/loja\/sac-en-resine-marron\/","title":{"rendered":"Sac R\u00e9sinier Brown"},"content":{"rendered":"<p>&nbsp;<\/p>\n<p>&nbsp;<\/p>\n<p>&nbsp;<\/p>\n","protected":false},"excerpt":{"rendered":"<p>Outil indispensable pour les travailleurs qui effectuaient la saign\u00e9e des pins, c&rsquo;est sans aucun doute l&rsquo;une des reproductions les plus appr\u00e9ci\u00e9es pour son originalit\u00e9 et son utilisation polyvalente, pouvant \u00eatre utilis\u00e9e comme sac \u00e0 \u00e9paule, pochette ou m\u00eame comme sac \u00e0 dos.<\/p>\n<p>D\u00e9tails du produit :<\/p>\n<ul>\n<li>Fabrication artisanale<\/li>\n<li>Cuir naturel avec tannage v\u00e9g\u00e9tal<\/li>\n<li>Poches int\u00e9rieures<\/li>\n<li>Fermoirs en nickel<\/li>\n<li>Sangle amovible et multifonctionnelle<\/li>\n<\/ul>\n<p>Les dimensions sont approximatives :<\/p>\n<ul>\n<li>Hauteur : 40 cm<\/li>\n<li>Largeur : 40 cm<\/li>\n<li>Profondeur : 8 cm<\/li>\n<\/ul>\n<p>&nbsp;<\/p>\n<p>&nbsp;<\/p>\n","protected":false},"featured_media":862,"comment_status":"open","ping_status":"closed","template":"","meta":[],"product_brand":[],"product_cat":[298],"product_tag":[300,299,303,302,301,323,304,216,259,331,324,260],"class_list":{"0":"post-1910","1":"product","2":"type-product","3":"status-publish","4":"has-post-thumbnail","6":"product_cat-accessoire","7":"product_tag-accessoires","8":"product_tag-accessoires-de-mode","9":"product_tag-accessoires-de-mode-ecologiques","10":"product_tag-accessoires-durables","11":"product_tag-accessoires-faits-a-la-main","12":"product_tag-accessoires-faits-main","13":"product_tag-cuir-vegetal","14":"product_tag-mode","15":"product_tag-portugal-fr","16":"product_tag-valises","17":"product_tag-valises-durables","18":"product_tag-vintage-fr","20":"first","21":"onbackorder","22":"shipping-taxable","23":"purchasable","24":"product-type-simple"},"_links":{"self":[{"href":"https:\/\/labuta.com\/fr\/wp-json\/wp\/v2\/product\/1910","targetHints":{"allow":["GET"]}}],"collection":[{"href":"https:\/\/labuta.com\/fr\/wp-json\/wp\/v2\/product"}],"about":[{"href":"https:\/\/labuta.com\/fr\/wp-json\/wp\/v2\/types\/product"}],"replies":[{"embeddable":true,"href":"https:\/\/labuta.com\/fr\/wp-json\/wp\/v2\/comments?post=1910"}],"wp:featuredmedia":[{"embeddable":true,"href":"https:\/\/labuta.com\/fr\/wp-json\/wp\/v2\/media\/862"}],"wp:attachment":[{"href":"https:\/\/labuta.com\/fr\/wp-json\/wp\/v2\/media?parent=1910"}],"wp:term":[{"taxonomy":"product_brand","embeddable":true,"href":"https:\/\/labuta.com\/fr\/wp-json\/wp\/v2\/product_brand?post=1910"},{"taxonomy":"product_cat","embeddable":true,"href":"https:\/\/labuta.com\/fr\/wp-json\/wp\/v2\/product_cat?post=1910"},{"taxonomy":"product_tag","embeddable":true,"href":"https:\/\/labuta.com\/fr\/wp-json\/wp\/v2\/product_tag?post=1910"}],"curies":[{"name":"wp","href":"https:\/\/api.w.org\/{rel}","templated":true}]}}