{"id":1919,"date":"2024-09-05T17:08:01","date_gmt":"2024-09-05T17:08:01","guid":{"rendered":"https:\/\/labuta.com\/loja\/non%20class\u00e9\/casque-blue\/"},"modified":"2025-10-08T18:33:42","modified_gmt":"2025-10-08T18:33:42","slug":"casque-blue","status":"publish","type":"product","link":"https:\/\/labuta.com\/fr\/loja\/casque-blue\/","title":{"rendered":"Casque Blue"},"content":{"rendered":"","protected":false},"excerpt":{"rendered":"<p>Ce mod\u00e8le revivaliste est port\u00e9 encore aujourd&rsquo;hui tant par des personnes \u00e2g\u00e9es que par des jeunes lorsqu&rsquo;ils se d\u00e9placent sur leurs lambrettes.<\/p>\n<p>D\u00e9tails du produit :<\/p>\n<ul>\n<li>Fabriqu\u00e9 en fibre dans l&rsquo;usine d&rsquo;origine<\/li>\n<li>Protection en cuir naturel de tannage v\u00e9g\u00e9tal avec traitement vintage<\/li>\n<li>Customisation Labuta en vinyle<\/li>\n<\/ul>\n","protected":false},"featured_media":845,"comment_status":"open","ping_status":"closed","template":"","meta":[],"product_brand":[],"product_cat":[298],"product_tag":[300,299,303,302,301,323,339],"class_list":{"0":"post-1919","1":"product","2":"type-product","3":"status-publish","4":"has-post-thumbnail","6":"product_cat-accessoire","7":"product_tag-accessoires","8":"product_tag-accessoires-de-mode","9":"product_tag-accessoires-de-mode-ecologiques","10":"product_tag-accessoires-durables","11":"product_tag-accessoires-faits-a-la-main","12":"product_tag-accessoires-faits-main","13":"product_tag-casque","15":"first","16":"instock","17":"shipping-taxable","18":"purchasable","19":"product-type-simple"},"_links":{"self":[{"href":"https:\/\/labuta.com\/fr\/wp-json\/wp\/v2\/product\/1919","targetHints":{"allow":["GET"]}}],"collection":[{"href":"https:\/\/labuta.com\/fr\/wp-json\/wp\/v2\/product"}],"about":[{"href":"https:\/\/labuta.com\/fr\/wp-json\/wp\/v2\/types\/product"}],"replies":[{"embeddable":true,"href":"https:\/\/labuta.com\/fr\/wp-json\/wp\/v2\/comments?post=1919"}],"wp:featuredmedia":[{"embeddable":true,"href":"https:\/\/labuta.com\/fr\/wp-json\/wp\/v2\/media\/845"}],"wp:attachment":[{"href":"https:\/\/labuta.com\/fr\/wp-json\/wp\/v2\/media?parent=1919"}],"wp:term":[{"taxonomy":"product_brand","embeddable":true,"href":"https:\/\/labuta.com\/fr\/wp-json\/wp\/v2\/product_brand?post=1919"},{"taxonomy":"product_cat","embeddable":true,"href":"https:\/\/labuta.com\/fr\/wp-json\/wp\/v2\/product_cat?post=1919"},{"taxonomy":"product_tag","embeddable":true,"href":"https:\/\/labuta.com\/fr\/wp-json\/wp\/v2\/product_tag?post=1919"}],"curies":[{"name":"wp","href":"https:\/\/api.w.org\/{rel}","templated":true}]}}