{"id":1934,"date":"2024-01-06T09:53:53","date_gmt":"2024-01-06T09:53:53","guid":{"rendered":"https:\/\/labuta.com\/loja\/non%20class\u00e9\/sac-a-dos-militaire-en-toile-olive\/"},"modified":"2025-10-09T10:50:49","modified_gmt":"2025-10-09T10:50:49","slug":"sac-a-dos-militaire-en-toile-olive","status":"publish","type":"product","link":"https:\/\/labuta.com\/fr\/loja\/sac-a-dos-militaire-en-toile-olive\/","title":{"rendered":"Sac \u00e0 Dos Militaire Canvas Olive"},"content":{"rendered":"","protected":false},"excerpt":{"rendered":"<p>En version sac \u00e0 dos, ils sont fabriqu\u00e9s en toile militaire de l\u2019arm\u00e9e portugaise et en cuir travaill\u00e9 \u00e0 la main afin de conserver leur aspect vieilli. Ce sont les accessoires les plus appr\u00e9ci\u00e9s de la famille Labuta.<\/p>\n<p>D\u00e9tails du produit :<\/p>\n<ul>\n<li>Fabrication artisanale<\/li>\n<li>Cuir naturel avec traitement vintage<\/li>\n<li>Toile de l&rsquo;arm\u00e9e portugaise<\/li>\n<li>Fermoirs en nickel<\/li>\n<li>Bretelles amovibles<\/li>\n<\/ul>\n<p>Les dimensions sont approximatives :<\/p>\n<ul>\n<li>Hauteur : 40 cm<\/li>\n<li>Largeur : 34 cm<\/li>\n<li>Profondeur : 15 cm<\/li>\n<\/ul>\n","protected":false},"featured_media":410,"comment_status":"open","ping_status":"closed","template":"","meta":[],"product_brand":[],"product_cat":[298],"product_tag":[300,299,303,302,301,304,271,228,306,305,260],"class_list":{"0":"post-1934","1":"product","2":"type-product","3":"status-publish","4":"has-post-thumbnail","6":"product_cat-accessoire","7":"product_tag-accessoires","8":"product_tag-accessoires-de-mode","9":"product_tag-accessoires-de-mode-ecologiques","10":"product_tag-accessoires-durables","11":"product_tag-accessoires-faits-a-la-main","12":"product_tag-cuir-vegetal","13":"product_tag-daim","14":"product_tag-femmes","15":"product_tag-hommes","16":"product_tag-sacs-a-dos-durables","17":"product_tag-vintage-fr","19":"first","20":"onbackorder","21":"shipping-taxable","22":"purchasable","23":"product-type-simple"},"_links":{"self":[{"href":"https:\/\/labuta.com\/fr\/wp-json\/wp\/v2\/product\/1934","targetHints":{"allow":["GET"]}}],"collection":[{"href":"https:\/\/labuta.com\/fr\/wp-json\/wp\/v2\/product"}],"about":[{"href":"https:\/\/labuta.com\/fr\/wp-json\/wp\/v2\/types\/product"}],"replies":[{"embeddable":true,"href":"https:\/\/labuta.com\/fr\/wp-json\/wp\/v2\/comments?post=1934"}],"wp:featuredmedia":[{"embeddable":true,"href":"https:\/\/labuta.com\/fr\/wp-json\/wp\/v2\/media\/410"}],"wp:attachment":[{"href":"https:\/\/labuta.com\/fr\/wp-json\/wp\/v2\/media?parent=1934"}],"wp:term":[{"taxonomy":"product_brand","embeddable":true,"href":"https:\/\/labuta.com\/fr\/wp-json\/wp\/v2\/product_brand?post=1934"},{"taxonomy":"product_cat","embeddable":true,"href":"https:\/\/labuta.com\/fr\/wp-json\/wp\/v2\/product_cat?post=1934"},{"taxonomy":"product_tag","embeddable":true,"href":"https:\/\/labuta.com\/fr\/wp-json\/wp\/v2\/product_tag?post=1934"}],"curies":[{"name":"wp","href":"https:\/\/api.w.org\/{rel}","templated":true}]}}