{"id":1937,"date":"2024-01-06T09:53:52","date_gmt":"2024-01-06T09:53:52","guid":{"rendered":"https:\/\/labuta.com\/loja\/non%20class\u00e9\/sac-a-dos-militaire-en-toile-naturel-2\/"},"modified":"2025-10-09T09:14:18","modified_gmt":"2025-10-09T09:14:18","slug":"sac-a-dos-militaire-en-toile-naturel-2","status":"publish","type":"product","link":"https:\/\/labuta.com\/fr\/loja\/sac-a-dos-militaire-en-toile-naturel-2\/","title":{"rendered":"Sac \u00e0 Dos Militaire Camouflage"},"content":{"rendered":"","protected":false},"excerpt":{"rendered":"<p>En version sac \u00e0 dos, ils sont fabriqu\u00e9s en toile militaire de l&rsquo;arm\u00e9e portugaise et en cuir travaill\u00e9 \u00e0 la main afin de conserver leur aspect vieilli. Ce sont les accessoires les plus appr\u00e9ci\u00e9s de la famille Labuta.<\/p>\n<p>D\u00e9tails du produit :<\/p>\n<ul>\n<li>Fabrication artisanale<\/li>\n<li>Cuir naturel avec traitement vintage<\/li>\n<li>Toile de l&rsquo;arm\u00e9e portugaise<\/li>\n<li>Fermoirs en nickel<\/li>\n<li>Bretelles amovibles<\/li>\n<\/ul>\n<p>Les dimensions sont approximatives :<\/p>\n<ul>\n<li>Hauteur : 40 cm<\/li>\n<li>Largeur : 34 cm<\/li>\n<li>Profondeur : 15 cm<\/li>\n<\/ul>\n","protected":false},"featured_media":250,"comment_status":"open","ping_status":"closed","template":"","meta":[],"product_brand":[],"product_cat":[298],"product_tag":[300,299,303,302,301,323,304,216,305,260],"class_list":{"0":"post-1937","1":"product","2":"type-product","3":"status-publish","4":"has-post-thumbnail","6":"product_cat-accessoire","7":"product_tag-accessoires","8":"product_tag-accessoires-de-mode","9":"product_tag-accessoires-de-mode-ecologiques","10":"product_tag-accessoires-durables","11":"product_tag-accessoires-faits-a-la-main","12":"product_tag-accessoires-faits-main","13":"product_tag-cuir-vegetal","14":"product_tag-mode","15":"product_tag-sacs-a-dos-durables","16":"product_tag-vintage-fr","18":"first","19":"onbackorder","20":"shipping-taxable","21":"purchasable","22":"product-type-simple"},"_links":{"self":[{"href":"https:\/\/labuta.com\/fr\/wp-json\/wp\/v2\/product\/1937","targetHints":{"allow":["GET"]}}],"collection":[{"href":"https:\/\/labuta.com\/fr\/wp-json\/wp\/v2\/product"}],"about":[{"href":"https:\/\/labuta.com\/fr\/wp-json\/wp\/v2\/types\/product"}],"replies":[{"embeddable":true,"href":"https:\/\/labuta.com\/fr\/wp-json\/wp\/v2\/comments?post=1937"}],"wp:featuredmedia":[{"embeddable":true,"href":"https:\/\/labuta.com\/fr\/wp-json\/wp\/v2\/media\/250"}],"wp:attachment":[{"href":"https:\/\/labuta.com\/fr\/wp-json\/wp\/v2\/media?parent=1937"}],"wp:term":[{"taxonomy":"product_brand","embeddable":true,"href":"https:\/\/labuta.com\/fr\/wp-json\/wp\/v2\/product_brand?post=1937"},{"taxonomy":"product_cat","embeddable":true,"href":"https:\/\/labuta.com\/fr\/wp-json\/wp\/v2\/product_cat?post=1937"},{"taxonomy":"product_tag","embeddable":true,"href":"https:\/\/labuta.com\/fr\/wp-json\/wp\/v2\/product_tag?post=1937"}],"curies":[{"name":"wp","href":"https:\/\/api.w.org\/{rel}","templated":true}]}}