{"id":1948,"date":"2024-03-25T17:25:25","date_gmt":"2024-03-25T17:25:25","guid":{"rendered":"https:\/\/labuta.com\/loja\/non%20class\u00e9\/botte-militaires-black\/"},"modified":"2025-11-21T18:06:07","modified_gmt":"2025-11-21T18:06:07","slug":"botte-militaires-black","status":"publish","type":"product","link":"https:\/\/labuta.com\/fr\/loja\/botte-militaires-black\/","title":{"rendered":"Bottine Militaires Black"},"content":{"rendered":"<p>&nbsp;<\/p>\n<p>&nbsp;<\/p>\n","protected":false},"excerpt":{"rendered":"<p>Inspir\u00e9 des exigences militaires et dot\u00e9 d&rsquo;une construction Goodyear Weltted permettant de le ressemeler \u00e0 tout moment, ce mod\u00e8le dispose d&rsquo;une semelle en caoutchouc Vibram \u00e0 forte adh\u00e9rence, cousue sur tout son pourtour avec un syst\u00e8me de vis int\u00e9gr\u00e9es afin de lui conf\u00e9rer une robustesse et une s\u00e9curit\u00e9 in\u00e9gal\u00e9es.<\/p>\n<p>D\u00e9tails du produit :<\/p>\n<ul>\n<li>Construction Goodyear Welted<\/li>\n<li>Cuir naturel haute r\u00e9sistance<\/li>\n<li>Semelle en caoutchouc Vibram \u00e0 grande adh\u00e9rence<\/li>\n<li>Doublure en cuir anti-t\u00e2ches<\/li>\n<li>Semelle int\u00e9rieure \u00e0 double m\u00e9moire de forme doubl\u00e9e de cuir<\/li>\n<li>Lacets en ruban de coton cir\u00e9<\/li>\n<\/ul>\n<p>&nbsp;<\/p>\n","protected":false},"featured_media":1447,"comment_status":"open","ping_status":"closed","template":"","meta":[],"product_brand":[],"product_cat":[370],"product_tag":[372,217,219,224,220,223,221,371,225,261,226,227,259,260],"class_list":{"0":"post-1948","1":"product","2":"type-product","3":"status-publish","4":"has-post-thumbnail","6":"product_cat-homme","7":"product_tag-botte-militaires","8":"product_tag-bottes","9":"product_tag-bottes-cousues","10":"product_tag-bottes-durables","11":"product_tag-bottes-ecologiques","12":"product_tag-bottes-en-cuir","13":"product_tag-bottes-faites-a-la-main-fr","14":"product_tag-bottes-pour-hommes","15":"product_tag-bottes-vintage","16":"product_tag-chaussures","17":"product_tag-chaussures-faites-a-la-main","18":"product_tag-goodyear-welt-fr","19":"product_tag-portugal-fr","20":"product_tag-vintage-fr","22":"first","23":"instock","24":"shipping-taxable","25":"purchasable","26":"product-type-variable"},"_links":{"self":[{"href":"https:\/\/labuta.com\/fr\/wp-json\/wp\/v2\/product\/1948","targetHints":{"allow":["GET"]}}],"collection":[{"href":"https:\/\/labuta.com\/fr\/wp-json\/wp\/v2\/product"}],"about":[{"href":"https:\/\/labuta.com\/fr\/wp-json\/wp\/v2\/types\/product"}],"replies":[{"embeddable":true,"href":"https:\/\/labuta.com\/fr\/wp-json\/wp\/v2\/comments?post=1948"}],"wp:featuredmedia":[{"embeddable":true,"href":"https:\/\/labuta.com\/fr\/wp-json\/wp\/v2\/media\/1447"}],"wp:attachment":[{"href":"https:\/\/labuta.com\/fr\/wp-json\/wp\/v2\/media?parent=1948"}],"wp:term":[{"taxonomy":"product_brand","embeddable":true,"href":"https:\/\/labuta.com\/fr\/wp-json\/wp\/v2\/product_brand?post=1948"},{"taxonomy":"product_cat","embeddable":true,"href":"https:\/\/labuta.com\/fr\/wp-json\/wp\/v2\/product_cat?post=1948"},{"taxonomy":"product_tag","embeddable":true,"href":"https:\/\/labuta.com\/fr\/wp-json\/wp\/v2\/product_tag?post=1948"}],"curies":[{"name":"wp","href":"https:\/\/api.w.org\/{rel}","templated":true}]}}