{"id":2002,"date":"2024-01-06T09:53:54","date_gmt":"2024-01-06T09:53:54","guid":{"rendered":"https:\/\/labuta.com\/loja\/non%20class\u00e9\/botte-explorateur-olive-2\/"},"modified":"2025-11-21T18:06:10","modified_gmt":"2025-11-21T18:06:10","slug":"botte-explorateur-olive-2","status":"publish","type":"product","link":"https:\/\/labuta.com\/fr\/loja\/botte-explorateur-olive-2\/","title":{"rendered":"Bottine Explorateur Camel"},"content":{"rendered":"","protected":false},"excerpt":{"rendered":"<p>Utilis\u00e9es par les guides qui menaient et orientaient les groupes \u00e0 travers les montagnes, elles \u00e9taient capables de comprendre et de pr\u00e9voir les effets de la m\u00e9t\u00e9o, \u00e9valuant les dangers et veillant \u00e0 la s\u00e9curit\u00e9 de tous.<\/p>\n<p>Elles ont une forme saisonni\u00e8re.<\/p>\n<p>D\u00e9tails du produit :<\/p>\n<ul>\n<li>Construction Goodyear Welted<\/li>\n<li>Daim naturel impr\u00e9gn\u00e9 d&rsquo;huile et br\u00fbl\u00e9 \u00e0 la main<\/li>\n<li>Semelle en caoutchouc vibram ultra-r\u00e9sistante<\/li>\n<li>Doublure en cuir anti-t\u00e2ches<\/li>\n<li>Semelle int\u00e9rieure \u00e0 double m\u00e9moire de forme doubl\u00e9e de cuir<\/li>\n<li>Lacets en coton rouge<\/li>\n<\/ul>\n","protected":false},"featured_media":693,"comment_status":"open","ping_status":"closed","template":"","meta":[],"product_brand":[],"product_cat":[370],"product_tag":[217,219,224,220,223,262,221,371,225,261,226,227,259,260],"class_list":{"0":"post-2002","1":"product","2":"type-product","3":"status-publish","4":"has-post-thumbnail","6":"product_cat-homme","7":"product_tag-bottes","8":"product_tag-bottes-cousues","9":"product_tag-bottes-durables","10":"product_tag-bottes-ecologiques","11":"product_tag-bottes-en-cuir","12":"product_tag-bottes-en-daim","13":"product_tag-bottes-faites-a-la-main-fr","14":"product_tag-bottes-pour-hommes","15":"product_tag-bottes-vintage","16":"product_tag-chaussures","17":"product_tag-chaussures-faites-a-la-main","18":"product_tag-goodyear-welt-fr","19":"product_tag-portugal-fr","20":"product_tag-vintage-fr","22":"first","23":"instock","24":"shipping-taxable","25":"purchasable","26":"product-type-variable"},"_links":{"self":[{"href":"https:\/\/labuta.com\/fr\/wp-json\/wp\/v2\/product\/2002","targetHints":{"allow":["GET"]}}],"collection":[{"href":"https:\/\/labuta.com\/fr\/wp-json\/wp\/v2\/product"}],"about":[{"href":"https:\/\/labuta.com\/fr\/wp-json\/wp\/v2\/types\/product"}],"replies":[{"embeddable":true,"href":"https:\/\/labuta.com\/fr\/wp-json\/wp\/v2\/comments?post=2002"}],"wp:featuredmedia":[{"embeddable":true,"href":"https:\/\/labuta.com\/fr\/wp-json\/wp\/v2\/media\/693"}],"wp:attachment":[{"href":"https:\/\/labuta.com\/fr\/wp-json\/wp\/v2\/media?parent=2002"}],"wp:term":[{"taxonomy":"product_brand","embeddable":true,"href":"https:\/\/labuta.com\/fr\/wp-json\/wp\/v2\/product_brand?post=2002"},{"taxonomy":"product_cat","embeddable":true,"href":"https:\/\/labuta.com\/fr\/wp-json\/wp\/v2\/product_cat?post=2002"},{"taxonomy":"product_tag","embeddable":true,"href":"https:\/\/labuta.com\/fr\/wp-json\/wp\/v2\/product_tag?post=2002"}],"curies":[{"name":"wp","href":"https:\/\/api.w.org\/{rel}","templated":true}]}}