{"id":2056,"date":"2024-01-06T09:53:53","date_gmt":"2024-01-06T09:53:53","guid":{"rendered":"https:\/\/labuta.com\/loja\/non%20class\u00e9\/botte-mineur-brown\/"},"modified":"2025-12-05T08:36:47","modified_gmt":"2025-12-05T08:36:47","slug":"botte-mineur-brown","status":"publish","type":"product","link":"https:\/\/labuta.com\/fr\/loja\/botte-mineur-brown\/","title":{"rendered":"Bottine de mineur en cuir bru"},"content":{"rendered":"","protected":false},"excerpt":{"rendered":"<p>L&rsquo;un des m\u00e9tiers les plus durs et les plus usants \u00e0 ce jour, nous avons rendu hommage \u00e0 tous les mineurs en recr\u00e9ant un mod\u00e8le qui est une copie actuelle des bottes originales port\u00e9es par ces travailleurs dans le pass\u00e9.<\/p>\n<p>Elles utilisent une forme vintage.<\/p>\n<p>D\u00e9tails du produit :<\/p>\n<ul>\n<li>Construction Goodyear Welted<\/li>\n<li>Cuir naturel avec effet de traction<\/li>\n<li>Semelle en cuir avec caoutchouc vibram<\/li>\n<li>Doublure en cuir anti-t\u00e2ches<\/li>\n<li>Semelle int\u00e9rieure confort en mousse avec double doublure en cuir<\/li>\n<li>Lacets en coton<\/li>\n<\/ul>\n","protected":false},"featured_media":475,"comment_status":"open","ping_status":"closed","template":"","meta":[],"product_brand":[],"product_cat":[370],"product_tag":[217,219,224,220,223,221,371,225,261,226,304,227,306,259,260],"class_list":{"0":"post-2056","1":"product","2":"type-product","3":"status-publish","4":"has-post-thumbnail","6":"product_cat-homme","7":"product_tag-bottes","8":"product_tag-bottes-cousues","9":"product_tag-bottes-durables","10":"product_tag-bottes-ecologiques","11":"product_tag-bottes-en-cuir","12":"product_tag-bottes-faites-a-la-main-fr","13":"product_tag-bottes-pour-hommes","14":"product_tag-bottes-vintage","15":"product_tag-chaussures","16":"product_tag-chaussures-faites-a-la-main","17":"product_tag-cuir-vegetal","18":"product_tag-goodyear-welt-fr","19":"product_tag-hommes","20":"product_tag-portugal-fr","21":"product_tag-vintage-fr","23":"first","24":"instock","25":"shipping-taxable","26":"purchasable","27":"product-type-variable"},"_links":{"self":[{"href":"https:\/\/labuta.com\/fr\/wp-json\/wp\/v2\/product\/2056","targetHints":{"allow":["GET"]}}],"collection":[{"href":"https:\/\/labuta.com\/fr\/wp-json\/wp\/v2\/product"}],"about":[{"href":"https:\/\/labuta.com\/fr\/wp-json\/wp\/v2\/types\/product"}],"replies":[{"embeddable":true,"href":"https:\/\/labuta.com\/fr\/wp-json\/wp\/v2\/comments?post=2056"}],"wp:featuredmedia":[{"embeddable":true,"href":"https:\/\/labuta.com\/fr\/wp-json\/wp\/v2\/media\/475"}],"wp:attachment":[{"href":"https:\/\/labuta.com\/fr\/wp-json\/wp\/v2\/media?parent=2056"}],"wp:term":[{"taxonomy":"product_brand","embeddable":true,"href":"https:\/\/labuta.com\/fr\/wp-json\/wp\/v2\/product_brand?post=2056"},{"taxonomy":"product_cat","embeddable":true,"href":"https:\/\/labuta.com\/fr\/wp-json\/wp\/v2\/product_cat?post=2056"},{"taxonomy":"product_tag","embeddable":true,"href":"https:\/\/labuta.com\/fr\/wp-json\/wp\/v2\/product_tag?post=2056"}],"curies":[{"name":"wp","href":"https:\/\/api.w.org\/{rel}","templated":true}]}}