{"id":2110,"date":"2024-03-25T17:25:22","date_gmt":"2024-03-25T17:25:22","guid":{"rendered":"https:\/\/labuta.com\/loja\/non%20class\u00e9\/botte-bucheron-brick\/"},"modified":"2025-11-21T18:06:07","modified_gmt":"2025-11-21T18:06:07","slug":"botte-bucheron-brick","status":"publish","type":"product","link":"https:\/\/labuta.com\/fr\/loja\/botte-bucheron-brick\/","title":{"rendered":"Bottine B\u00fbcheron Brick"},"content":{"rendered":"<p>&nbsp;<\/p>\n<p>&nbsp;<\/p>\n","protected":false},"excerpt":{"rendered":"<p>C&rsquo;est le terme qui a \u00e9t\u00e9 donn\u00e9 avant 1945 aux travailleurs de l&rsquo;industrie foresti\u00e8re, qui avec leurs outils manuels \u00e9taient responsables de la coupe et du transport des arbres pour les transformer en produits d\u00e9riv\u00e9s.<\/p>\n<p>D\u00e9tails du produit :<\/p>\n<ul>\n<li>Constru\u00e7\u00e3o Goodyear Welted<\/li>\n<li>Cuir naturel de haute r\u00e9sistance<\/li>\n<li>Semelle d&rsquo;air en caoutchouc vibram<\/li>\n<li>Doublure anti-\u00e9tirement<\/li>\n<li>Semelle int\u00e9rieure \u00e0 double m\u00e9moire de forme doubl\u00e9e de cuir<\/li>\n<li>Lacets en cuir<\/li>\n<\/ul>\n","protected":false},"featured_media":1078,"comment_status":"open","ping_status":"closed","template":"","meta":[],"product_brand":[],"product_cat":[370],"product_tag":[217,219,224,220,223,262,221,371,225,261,226,227,259,260],"class_list":{"0":"post-2110","1":"product","2":"type-product","3":"status-publish","4":"has-post-thumbnail","6":"product_cat-homme","7":"product_tag-bottes","8":"product_tag-bottes-cousues","9":"product_tag-bottes-durables","10":"product_tag-bottes-ecologiques","11":"product_tag-bottes-en-cuir","12":"product_tag-bottes-en-daim","13":"product_tag-bottes-faites-a-la-main-fr","14":"product_tag-bottes-pour-hommes","15":"product_tag-bottes-vintage","16":"product_tag-chaussures","17":"product_tag-chaussures-faites-a-la-main","18":"product_tag-goodyear-welt-fr","19":"product_tag-portugal-fr","20":"product_tag-vintage-fr","22":"first","23":"onbackorder","24":"shipping-taxable","25":"purchasable","26":"product-type-variable"},"_links":{"self":[{"href":"https:\/\/labuta.com\/fr\/wp-json\/wp\/v2\/product\/2110","targetHints":{"allow":["GET"]}}],"collection":[{"href":"https:\/\/labuta.com\/fr\/wp-json\/wp\/v2\/product"}],"about":[{"href":"https:\/\/labuta.com\/fr\/wp-json\/wp\/v2\/types\/product"}],"replies":[{"embeddable":true,"href":"https:\/\/labuta.com\/fr\/wp-json\/wp\/v2\/comments?post=2110"}],"wp:featuredmedia":[{"embeddable":true,"href":"https:\/\/labuta.com\/fr\/wp-json\/wp\/v2\/media\/1078"}],"wp:attachment":[{"href":"https:\/\/labuta.com\/fr\/wp-json\/wp\/v2\/media?parent=2110"}],"wp:term":[{"taxonomy":"product_brand","embeddable":true,"href":"https:\/\/labuta.com\/fr\/wp-json\/wp\/v2\/product_brand?post=2110"},{"taxonomy":"product_cat","embeddable":true,"href":"https:\/\/labuta.com\/fr\/wp-json\/wp\/v2\/product_cat?post=2110"},{"taxonomy":"product_tag","embeddable":true,"href":"https:\/\/labuta.com\/fr\/wp-json\/wp\/v2\/product_tag?post=2110"}],"curies":[{"name":"wp","href":"https:\/\/api.w.org\/{rel}","templated":true}]}}