{"id":5103,"date":"2025-12-10T13:26:11","date_gmt":"2025-12-10T13:26:11","guid":{"rendered":"https:\/\/labuta.com\/?post_type=product&#038;p=5103"},"modified":"2025-12-10T13:26:12","modified_gmt":"2025-12-10T13:26:12","slug":"bottine-factrice-olive","status":"publish","type":"product","link":"https:\/\/labuta.com\/fr\/loja\/bottine-factrice-olive\/","title":{"rendered":"Bottine Factrice Olive"},"content":{"rendered":"","protected":false},"excerpt":{"rendered":"<p>C\u2019est notre fa\u00e7on de rendre hommage \u00e0 toutes les femmes qui ont embrass\u00e9 cette profession autrefois r\u00e9serv\u00e9e aux hommes, en montrant que l\u2019on peut \u00eatre \u00e0 l\u2019aise sans perdre son \u00e9l\u00e9gance<\/p>\n<p>La forme est classique.<\/p>\n<p>D\u00e9tails du produit :<\/p>\n<ul>\n<li>Construction Goodyear Welted<\/li>\n<li>Su\u00e8de Olive impr\u00e9gn\u00e9 d&rsquo;huile et br\u00fbl\u00e9 \u00e0 la main<\/li>\n<li>Semelle en caoutchouc qui vibre avec l&rsquo;air \u00e0 l&rsquo;int\u00e9rieur<\/li>\n<li>Doublure en cuir anti-t\u00e2ches<\/li>\n<li>Semelle int\u00e9rieure \u00e0 double m\u00e9moire de forme doubl\u00e9e de cuir<\/li>\n<li>Lacets en cuir<\/li>\n<\/ul>\n","protected":false},"featured_media":5330,"comment_status":"open","ping_status":"closed","template":"","meta":[],"product_brand":[],"product_cat":[215],"product_tag":[217,219,224,220,262,221,222,225,627,261,226,227,306,259,260],"class_list":{"0":"post-5103","1":"product","2":"type-product","3":"status-publish","4":"has-post-thumbnail","6":"product_cat-femme","7":"product_tag-bottes","8":"product_tag-bottes-cousues","9":"product_tag-bottes-durables","10":"product_tag-bottes-ecologiques","11":"product_tag-bottes-en-daim","12":"product_tag-bottes-faites-a-la-main-fr","13":"product_tag-bottes-pour-femmes","14":"product_tag-bottes-vintage","15":"product_tag-bottines-confortables","16":"product_tag-chaussures","17":"product_tag-chaussures-faites-a-la-main","18":"product_tag-goodyear-welt-fr","19":"product_tag-hommes","20":"product_tag-portugal-fr","21":"product_tag-vintage-fr","22":"pa_tamanho-mulher-35-fr","23":"pa_tamanho-mulher-36-fr","24":"pa_tamanho-mulher-37-fr","25":"pa_tamanho-mulher-38-fr","26":"pa_tamanho-mulher-39-fr","27":"pa_tamanho-mulher-40-fr","28":"pa_tamanho-mulher-41-fr","29":"pa_tamanho-mulher-42-fr","31":"first","32":"instock","33":"shipping-taxable","34":"purchasable","35":"product-type-variable"},"_links":{"self":[{"href":"https:\/\/labuta.com\/fr\/wp-json\/wp\/v2\/product\/5103","targetHints":{"allow":["GET"]}}],"collection":[{"href":"https:\/\/labuta.com\/fr\/wp-json\/wp\/v2\/product"}],"about":[{"href":"https:\/\/labuta.com\/fr\/wp-json\/wp\/v2\/types\/product"}],"replies":[{"embeddable":true,"href":"https:\/\/labuta.com\/fr\/wp-json\/wp\/v2\/comments?post=5103"}],"wp:featuredmedia":[{"embeddable":true,"href":"https:\/\/labuta.com\/fr\/wp-json\/wp\/v2\/media\/5330"}],"wp:attachment":[{"href":"https:\/\/labuta.com\/fr\/wp-json\/wp\/v2\/media?parent=5103"}],"wp:term":[{"taxonomy":"product_brand","embeddable":true,"href":"https:\/\/labuta.com\/fr\/wp-json\/wp\/v2\/product_brand?post=5103"},{"taxonomy":"product_cat","embeddable":true,"href":"https:\/\/labuta.com\/fr\/wp-json\/wp\/v2\/product_cat?post=5103"},{"taxonomy":"product_tag","embeddable":true,"href":"https:\/\/labuta.com\/fr\/wp-json\/wp\/v2\/product_tag?post=5103"}],"curies":[{"name":"wp","href":"https:\/\/api.w.org\/{rel}","templated":true}]}}