{"id":5122,"date":"2025-12-10T13:33:19","date_gmt":"2025-12-10T13:33:19","guid":{"rendered":"https:\/\/labuta.com\/?post_type=product&#038;p=5122"},"modified":"2025-12-10T13:33:22","modified_gmt":"2025-12-10T13:33:22","slug":"bottine-mineure-camel","status":"publish","type":"product","link":"https:\/\/labuta.com\/fr\/loja\/bottine-mineure-camel\/","title":{"rendered":"Bottine Mineure Camel"},"content":{"rendered":"","protected":false},"excerpt":{"rendered":"<p>Ces Bottine de mineur sont influenc\u00e9es par le style traditionnel et allient durabilit\u00e9 et confort, rendant ce mod\u00e8le aussi facile \u00e0 porter qu&rsquo;\u00e0 admirer, que ce soit avec un jean ou une robe florale.<\/p>\n<p><\/p>\n<p>Elles utilisent une forme vintage.<\/p>\n<p>D\u00e9tails du produit :<\/p>\n<ul>\n<li>Construction Goodyear Welted<\/li>\n<li>Su\u00e8de marron impr\u00e9gn\u00e9 d&rsquo;huile et br\u00fbl\u00e9 \u00e0 la main<\/li>\n<li>Semelle en cuir avec caoutchouc vibram<\/li>\n<li>Doublure en cuir anti-t\u00e2ches<\/li>\n<li>Semelle int\u00e9rieure \u00e0 double m\u00e9moire de forme doubl\u00e9e de cuir<\/li>\n<li>Lacets en cuir<\/li>\n<\/ul>\n","protected":false},"featured_media":5382,"comment_status":"open","ping_status":"closed","template":"","meta":[],"product_brand":[],"product_cat":[215],"product_tag":[217,219,224,220,262,221,263,225,261,226,227,306,259,260],"class_list":{"0":"post-5122","1":"product","2":"type-product","3":"status-publish","4":"has-post-thumbnail","6":"product_cat-femme","7":"product_tag-bottes","8":"product_tag-bottes-cousues","9":"product_tag-bottes-durables","10":"product_tag-bottes-ecologiques","11":"product_tag-bottes-en-daim","12":"product_tag-bottes-faites-a-la-main-fr","13":"product_tag-bottes-pour-femmes-fr","14":"product_tag-bottes-vintage","15":"product_tag-chaussures","16":"product_tag-chaussures-faites-a-la-main","17":"product_tag-goodyear-welt-fr","18":"product_tag-hommes","19":"product_tag-portugal-fr","20":"product_tag-vintage-fr","21":"pa_tamanho-mulher-35-fr","22":"pa_tamanho-mulher-36-fr","23":"pa_tamanho-mulher-37-fr","24":"pa_tamanho-mulher-38-fr","25":"pa_tamanho-mulher-39-fr","26":"pa_tamanho-mulher-40-fr","27":"pa_tamanho-mulher-41-fr","28":"pa_tamanho-mulher-42-fr","30":"first","31":"onbackorder","32":"shipping-taxable","33":"purchasable","34":"product-type-variable"},"_links":{"self":[{"href":"https:\/\/labuta.com\/fr\/wp-json\/wp\/v2\/product\/5122","targetHints":{"allow":["GET"]}}],"collection":[{"href":"https:\/\/labuta.com\/fr\/wp-json\/wp\/v2\/product"}],"about":[{"href":"https:\/\/labuta.com\/fr\/wp-json\/wp\/v2\/types\/product"}],"replies":[{"embeddable":true,"href":"https:\/\/labuta.com\/fr\/wp-json\/wp\/v2\/comments?post=5122"}],"wp:featuredmedia":[{"embeddable":true,"href":"https:\/\/labuta.com\/fr\/wp-json\/wp\/v2\/media\/5382"}],"wp:attachment":[{"href":"https:\/\/labuta.com\/fr\/wp-json\/wp\/v2\/media?parent=5122"}],"wp:term":[{"taxonomy":"product_brand","embeddable":true,"href":"https:\/\/labuta.com\/fr\/wp-json\/wp\/v2\/product_brand?post=5122"},{"taxonomy":"product_cat","embeddable":true,"href":"https:\/\/labuta.com\/fr\/wp-json\/wp\/v2\/product_cat?post=5122"},{"taxonomy":"product_tag","embeddable":true,"href":"https:\/\/labuta.com\/fr\/wp-json\/wp\/v2\/product_tag?post=5122"}],"curies":[{"name":"wp","href":"https:\/\/api.w.org\/{rel}","templated":true}]}}