{"id":5201,"date":"2025-12-10T13:21:58","date_gmt":"2025-12-10T13:21:58","guid":{"rendered":"https:\/\/labuta.com\/?post_type=product&#038;p=5201"},"modified":"2025-12-10T13:21:59","modified_gmt":"2025-12-10T13:21:59","slug":"bottine-facteur-brandy","status":"publish","type":"product","link":"https:\/\/labuta.com\/fr\/loja\/bottine-facteur-brandy\/","title":{"rendered":"Bottine Facteur Brandy"},"content":{"rendered":"","protected":false},"excerpt":{"rendered":"<p>Transportant autrefois d&rsquo;innombrables histoires d&rsquo;amour et de nostalgie manuscrites, ces professionnels avaient besoin de chaussures distinctives et confortables pour transporter le courrier.<\/p>\n<p>Ce mod\u00e8le classique reprend une forme datant de 1969.<\/p>\n<p>D\u00e9tails du produit :<\/p>\n<ul>\n<li>Construction Goodyear Welted<\/li>\n<li>Daim naturel impr\u00e9gn\u00e9 d&rsquo;huile et br\u00fbl\u00e9 \u00e0 la main<\/li>\n<li>Semelle en caoutchouc qui vibre avec l&rsquo;air \u00e0 l&rsquo;int\u00e9rieur<\/li>\n<li>Doublure en cuir anti-t\u00e2ches<\/li>\n<li>Semelle int\u00e9rieure \u00e0 double m\u00e9moire de forme doubl\u00e9e de cuir<\/li>\n<li>Lacets en cuir<\/li>\n<\/ul>\n","protected":false},"featured_media":5294,"comment_status":"open","ping_status":"closed","template":"","meta":[],"product_brand":[],"product_cat":[370],"product_tag":[217,219,224,220,262,221,371,225,261,226,227,306,259,260],"class_list":{"0":"post-5201","1":"product","2":"type-product","3":"status-publish","4":"has-post-thumbnail","6":"product_cat-homme","7":"product_tag-bottes","8":"product_tag-bottes-cousues","9":"product_tag-bottes-durables","10":"product_tag-bottes-ecologiques","11":"product_tag-bottes-en-daim","12":"product_tag-bottes-faites-a-la-main-fr","13":"product_tag-bottes-pour-hommes","14":"product_tag-bottes-vintage","15":"product_tag-chaussures","16":"product_tag-chaussures-faites-a-la-main","17":"product_tag-goodyear-welt-fr","18":"product_tag-hommes","19":"product_tag-portugal-fr","20":"product_tag-vintage-fr","22":"first","23":"instock","24":"shipping-taxable","25":"purchasable","26":"product-type-variable","27":"has-default-attributes"},"_links":{"self":[{"href":"https:\/\/labuta.com\/fr\/wp-json\/wp\/v2\/product\/5201","targetHints":{"allow":["GET"]}}],"collection":[{"href":"https:\/\/labuta.com\/fr\/wp-json\/wp\/v2\/product"}],"about":[{"href":"https:\/\/labuta.com\/fr\/wp-json\/wp\/v2\/types\/product"}],"replies":[{"embeddable":true,"href":"https:\/\/labuta.com\/fr\/wp-json\/wp\/v2\/comments?post=5201"}],"wp:featuredmedia":[{"embeddable":true,"href":"https:\/\/labuta.com\/fr\/wp-json\/wp\/v2\/media\/5294"}],"wp:attachment":[{"href":"https:\/\/labuta.com\/fr\/wp-json\/wp\/v2\/media?parent=5201"}],"wp:term":[{"taxonomy":"product_brand","embeddable":true,"href":"https:\/\/labuta.com\/fr\/wp-json\/wp\/v2\/product_brand?post=5201"},{"taxonomy":"product_cat","embeddable":true,"href":"https:\/\/labuta.com\/fr\/wp-json\/wp\/v2\/product_cat?post=5201"},{"taxonomy":"product_tag","embeddable":true,"href":"https:\/\/labuta.com\/fr\/wp-json\/wp\/v2\/product_tag?post=5201"}],"curies":[{"name":"wp","href":"https:\/\/api.w.org\/{rel}","templated":true}]}}