{"id":5594,"date":"2026-04-17T09:05:01","date_gmt":"2026-04-17T09:05:01","guid":{"rendered":"https:\/\/labuta.com\/loja\/baskets-de-sport-blanc-noir-olive-rupture-de-stock\/"},"modified":"2026-04-17T09:05:01","modified_gmt":"2026-04-17T09:05:01","slug":"baskets-de-sport-blanc-noir-olive-rupture-de-stock","status":"publish","type":"product","link":"https:\/\/labuta.com\/fr\/loja\/baskets-de-sport-blanc-noir-olive-rupture-de-stock\/","title":{"rendered":"Baskets de sport Blanc\/Noir\/Olive (Rupture de stock)"},"content":{"rendered":"","protected":false},"excerpt":{"rendered":"<table width=\"960\">\n<tbody>\n<tr>\n<td colspan=\"12\" width=\"768\">Fabriqu\u00e9es il y a plus de 50 ans pour les militaires, elles ont une apparence l\u00e9g\u00e8re qui cache obstin\u00e9ment leur robustesse.<\/td>\n<td width=\"64\"><\/td>\n<td width=\"64\"><\/td>\n<td width=\"64\"><\/td>\n<\/tr>\n<tr>\n<td colspan=\"15\">Dot\u00e9 d&rsquo;une semelle vulcanis\u00e9e et fabriqu\u00e9 \u00e0 partir de coton biologique sans produits chimiques ni additifs, ce mod\u00e8le intemporel est officiellement approuv\u00e9 par PeTA comme Vegan.<\/td>\n<\/tr>\n<\/tbody>\n<\/table>\n","protected":false},"featured_media":5608,"comment_status":"open","ping_status":"closed","template":"","meta":[],"product_brand":[],"product_cat":[215,370],"product_tag":[],"class_list":{"0":"post-5594","1":"product","2":"type-product","3":"status-publish","4":"has-post-thumbnail","6":"product_cat-femme","7":"product_cat-homme","9":"first","10":"instock","11":"shipping-taxable","12":"purchasable","13":"product-type-variable"},"_links":{"self":[{"href":"https:\/\/labuta.com\/fr\/wp-json\/wp\/v2\/product\/5594","targetHints":{"allow":["GET"]}}],"collection":[{"href":"https:\/\/labuta.com\/fr\/wp-json\/wp\/v2\/product"}],"about":[{"href":"https:\/\/labuta.com\/fr\/wp-json\/wp\/v2\/types\/product"}],"replies":[{"embeddable":true,"href":"https:\/\/labuta.com\/fr\/wp-json\/wp\/v2\/comments?post=5594"}],"wp:featuredmedia":[{"embeddable":true,"href":"https:\/\/labuta.com\/fr\/wp-json\/wp\/v2\/media\/5608"}],"wp:attachment":[{"href":"https:\/\/labuta.com\/fr\/wp-json\/wp\/v2\/media?parent=5594"}],"wp:term":[{"taxonomy":"product_brand","embeddable":true,"href":"https:\/\/labuta.com\/fr\/wp-json\/wp\/v2\/product_brand?post=5594"},{"taxonomy":"product_cat","embeddable":true,"href":"https:\/\/labuta.com\/fr\/wp-json\/wp\/v2\/product_cat?post=5594"},{"taxonomy":"product_tag","embeddable":true,"href":"https:\/\/labuta.com\/fr\/wp-json\/wp\/v2\/product_tag?post=5594"}],"curies":[{"name":"wp","href":"https:\/\/api.w.org\/{rel}","templated":true}]}}